{"id":130999,"date":"2023-01-16T00:00:00","date_gmt":"2023-01-15T23:00:00","guid":{"rendered":"https:\/\/gpl-love.com\/fr\/produit\/toolset-cred-commerce\/"},"modified":"2026-03-20T23:56:21","modified_gmt":"2026-03-20T22:56:21","slug":"toolset-cred-commerce","status":"publish","type":"product","link":"https:\/\/gpl-love.com\/fr\/produit\/toolset-cred-commerce\/","title":{"rendered":"Toolset CRED Commerce 1.8.5"},"content":{"rendered":"<h3>Toolset CRED Commerce Traits<\/h3>\n<p>Le Set Tool Cred Commerce est un ensemble d&rsquo;outils global qui englobe une pl\u00e9thore de fonctionnalit\u00e9s visant non seulement \u00e0 cr\u00e9er mais \u00e0 g\u00e9rer \u00e9galement des sites Web complexes de commerce \u00e9lectronique. Il poss\u00e8de une interface tr\u00e8s conviviale, facilitant ainsi la t\u00e2che des d\u00e9veloppeurs dans la construction de types de publication personnalis\u00e9s, de taxonomies et de champs de m\u00e9ta qui r\u00e9pondent aux exigences sp\u00e9cifiques des produits, des commandes et des clients. Le jeu d&rsquo;outils va au-del\u00e0 en incorporant des fonctionnalit\u00e9s avanc\u00e9es telles que la logique conditionnelle, les prix dynamiques et l&rsquo;int\u00e9gration transparente avec les passerelles de paiement, permettant ainsi le d\u00e9veloppement de sites Web de commerce \u00e9lectronique robustes et personnalis\u00e9s qui r\u00e9pondent aux pr\u00e9f\u00e9rences individuelles des utilisateurs. En tirant parti des capacit\u00e9s de Cred Cred Commerce, les d\u00e9veloppeurs peuvent concevoir et modifier sans effort des composants cruciaux tels que les pages de produits, les flux de paiement et les paniers d&rsquo;achat afin d&rsquo;optimiser l&rsquo;exp\u00e9rience utilisateur globale. Le ensemble d&rsquo;outils offre un contr\u00f4le in\u00e9gal\u00e9 \u00e0 la fois sur la fonctionnalit\u00e9 et la conception du site Web du commerce \u00e9lectronique, ce qui le rend le choix parfait pour les entreprises cherchant \u00e0 cr\u00e9er des plateformes de commerce \u00e9lectronique sur mesure qui s&rsquo;alignent pr\u00e9cis\u00e9ment avec leurs exigences uniques.<\/p>\n<ul>\n<li>Ensemble d&rsquo;outils complet con\u00e7u pour g\u00e9rer les sites Web de commerce \u00e9lectronique<\/li>\n<li>Comprend des fonctionnalit\u00e9s telles que la gestion des produits, la gestion des commandes, la gestion des clients et les rapports<\/li>\n<li>Interface conviviale pour une navigation facile des outils et des fonctionnalit\u00e9s<\/li>\n<li>Prend en charge diverses passerelles de paiement et options d&rsquo;exp\u00e9dition<\/li>\n<li>Mod\u00e8les de conception personnalisables pour am\u00e9liorer l&rsquo;apparence de votre magasin de commerce \u00e9lectronique<\/li>\n<li>Int\u00e9gration avec des plates-formes CMS populaires comme WordPress et Drupal<\/li>\n<li>Plate-forme s\u00e9curis\u00e9e et fiable avec des mesures de s\u00e9curit\u00e9 avanc\u00e9es<\/li>\n<li>Mises \u00e0 jour et am\u00e9liorations r\u00e9guli\u00e8res pour suivre les derni\u00e8res tendances et technologies dans le commerce \u00e9lectronique<\/li>\n<li>Options de prix abordables avec des plans flexibles pour les entreprises de toutes tailles<\/li>\n<li>\u00c9quipe de support client d\u00e9di\u00e9e disponible pour l&rsquo;aide et les conseils.<\/li>\n<\/ul>\n","protected":false},"excerpt":{"rendered":"<p>Toolset Cred Commerce, une solution innovante de commerce \u00e9lectronique, a \u00e9t\u00e9 m\u00e9ticuleusement con\u00e7u pour rationaliser le processus complexe de cr\u00e9ation de magasins en ligne. Cet outil remarquable est dot\u00e9 d&rsquo;un tableau de fonctionnalit\u00e9s robustes qui non seulement facilitent la cr\u00e9ation de magasins mais am\u00e9liorent \u00e9galement l&rsquo;efficacit\u00e9. Avec le commerce de cr\u00e9dits d&rsquo;outils \u00e0 votre disposition, la t\u00e2che ardue de l&rsquo;ajout de produit devient g\u00e9rable sans effort, tandis que la gestion des commandes et l&rsquo;acceptation des paiements sont parfaitement int\u00e9gr\u00e9es. De plus, la conception et les fonctionnalit\u00e9s personnalisables de votre magasin peuvent \u00eatre adapt\u00e9es sans effort pour r\u00e9pondre \u00e0 vos pr\u00e9f\u00e9rences. En plus de ces attributs remarquables, Cred Cred Commerce est postul\u00e9 un large \u00e9ventail de passerelles de paiement, y compris des options renomm\u00e9es telles que PayPal, Stripe et Authorize.net. En outre, cet ensemble d&rsquo;outils abrite une int\u00e9gration compl\u00e8te avec la plate-forme WordPress largement acclam\u00e9e, garantissant la cr\u00e9ation et l&rsquo;administration faciles d&rsquo;une boutique en ligne dans les limites de votre site Web existant. Si vous cherchez un ensemble d&rsquo;outils de commerce \u00e9lectronique extr\u00eamement puissant qui donne syst\u00e9matiquement des r\u00e9sultats exceptionnels, le cr\u00e9diteur du ensemble d&rsquo;outils appara\u00eet comme la solution par excellence.<\/p>\n","protected":false},"featured_media":146588,"comment_status":"open","ping_status":"open","template":"","meta":[],"product_brand":[2756],"product_cat":[1189,1181,1186],"product_tag":[2333],"class_list":{"0":"post-130999","1":"product","2":"type-product","3":"status-publish","4":"has-post-thumbnail","6":"product_brand-on-the-go-systems","7":"product_cat-personnalisation","8":"product_cat-plugins","9":"product_cat-wordpress-plugins","10":"product_tag-on-the-go-systems","11":"member-discount","12":"discount-restricted","14":"first","15":"instock","16":"sale","17":"downloadable","18":"virtual","19":"sold-individually","20":"purchasable","21":"product-type-simple"},"_links":{"self":[{"href":"https:\/\/gpl-love.com\/fr\/wp-json\/wp\/v2\/product\/130999","targetHints":{"allow":["GET"]}}],"collection":[{"href":"https:\/\/gpl-love.com\/fr\/wp-json\/wp\/v2\/product"}],"about":[{"href":"https:\/\/gpl-love.com\/fr\/wp-json\/wp\/v2\/types\/product"}],"replies":[{"embeddable":true,"href":"https:\/\/gpl-love.com\/fr\/wp-json\/wp\/v2\/comments?post=130999"}],"wp:featuredmedia":[{"embeddable":true,"href":"https:\/\/gpl-love.com\/fr\/wp-json\/wp\/v2\/media\/146588"}],"wp:attachment":[{"href":"https:\/\/gpl-love.com\/fr\/wp-json\/wp\/v2\/media?parent=130999"}],"wp:term":[{"taxonomy":"product_brand","embeddable":true,"href":"https:\/\/gpl-love.com\/fr\/wp-json\/wp\/v2\/product_brand?post=130999"},{"taxonomy":"product_cat","embeddable":true,"href":"https:\/\/gpl-love.com\/fr\/wp-json\/wp\/v2\/product_cat?post=130999"},{"taxonomy":"product_tag","embeddable":true,"href":"https:\/\/gpl-love.com\/fr\/wp-json\/wp\/v2\/product_tag?post=130999"}],"curies":[{"name":"wp","href":"https:\/\/api.w.org\/{rel}","templated":true}]}}