{"id":130997,"date":"2025-04-02T00:00:00","date_gmt":"2025-04-01T22:00:00","guid":{"rendered":"https:\/\/gpl-love.com\/fr\/produit\/toolset-forms\/"},"modified":"2026-03-20T23:56:20","modified_gmt":"2026-03-20T22:56:20","slug":"toolset-forms","status":"publish","type":"product","link":"https:\/\/gpl-love.com\/fr\/produit\/toolset-forms\/","title":{"rendered":"Toolset Forms 2.6.23"},"content":{"rendered":"<h3>Toolset Forms Traits<\/h3>\n<p>Les formulaires de jeu d&rsquo;outils, un plugin incroyablement puissant, offrent aux utilisateurs la possibilit\u00e9 de cr\u00e9er des formulaires hautement personnalisables sp\u00e9cifiquement adapt\u00e9s \u00e0 leur site Web WordPress. En utilisant son interface de tra\u00een\u00e9e et de d\u00e9p\u00f4t incroyablement conviviale, les individus peuvent concevoir sans effort des formulaires \u00e0 un large \u00e9ventail d&rsquo;objectifs, allant des formulaires de contact essentiels jusqu&rsquo;\u00e0 des formulaires d&rsquo;enregistrement approfondis et des enqu\u00eates informatives. De plus, les formulaires de jeu d&rsquo;outils accordent aux utilisateurs d&rsquo;acc\u00e9der \u00e0 un ensemble impressionnant de fonctionnalit\u00e9s avanc\u00e9es, y compris la logique conditionnelle, les formulaires en plusieurs \u00e9tapes et m\u00eame la possibilit\u00e9 de t\u00e9l\u00e9charger des fichiers directement dans le formulaire. Avec une gamme aussi compl\u00e8te de capacit\u00e9s, les utilisateurs ont un contr\u00f4le complet sur l&rsquo;ensemble du processus de cr\u00e9ation de formulaires. En outre, une fois que les formulaires ont \u00e9t\u00e9 sp\u00e9cialement con\u00e7us, les utilisateurs sont capables de personnaliser sans effort leur apparence et leur fonctionnalit\u00e9 pour s&rsquo;aligner parfaitement avec l&rsquo;esth\u00e9tique et les exigences uniques de leur site Web. De la conception de notifications par e-mail personnalis\u00e9es \u00e0 l&rsquo;\u00e9tablissement de redirections transparentes, les possibilit\u00e9s de personnalisation sont pratiquement illimit\u00e9es. Essentiellement, les formulaires de jeu d&rsquo;outils sont une n\u00e9cessit\u00e9 absolue pour tout propri\u00e9taire de site Web cherchant \u00e0 optimiser son exp\u00e9rience utilisateur et \u00e0 recueillir efficacement des donn\u00e9es pr\u00e9cieuses dans le processus.<\/p>\n<ul>\n<li>Simplifier le processus de cr\u00e9ation de formulaire avec une interface intuitive<\/li>\n<li>Cr\u00e9er des formulaires d&rsquo;aspect professionnel en quelques minutes sans codage<\/li>\n<li>Personnaliser la conception et la disposition des formulaires pour correspondre \u00e0 la marque ou au site Web<\/li>\n<li>Collectez et g\u00e9rez les donn\u00e9es en toute s\u00e9curit\u00e9 avec un stockage de formulaires int\u00e9gr\u00e9<\/li>\n<li>Automatiser les workflows et les t\u00e2ches avec int\u00e9gration aux applications et plateformes populaires<\/li>\n<li>Analyser les soumissions de formulaires et suivre les performances avec des analyses int\u00e9gr\u00e9es<\/li>\n<li>Recevoir des notifications et des alertes en temps r\u00e9el pour les soumissions de formulaires<\/li>\n<li>Partagez facilement les formulaires par e-mail, site Web ou m\u00e9dias sociaux<\/li>\n<li>Offrez aux clients et aux clients une exp\u00e9rience conviviale avec des formulaires sensibles aux mobiles<\/li>\n<li>R\u00e9duisez les erreurs de saisie des donn\u00e9es avec la validation du formulaire et les options de pr\u00e9-remplissage.<\/li>\n<\/ul>\n","protected":false},"excerpt":{"rendered":"<p>Toolse Forms offre une solution compl\u00e8te et polyvalente pour la cr\u00e9ation de formulaires personnalis\u00e9s sur votre site Web WordPress. Avec une interface intuitive de glisser-d\u00e9poser, cet outil vous permet de concevoir sans effort des formulaires qui s&rsquo;alignent avec votre marque et de rassembler efficacement les informations n\u00e9cessaires de vos utilisateurs. De plus, vous avez la flexibilit\u00e9 de s\u00e9lectionner dans un large \u00e9ventail de types de champs, englobant non seulement les champs de texte de base, mais \u00e9galement les cueilleurs de date et les t\u00e9l\u00e9chargements de fichiers. Ce qui distingue les formulaires d&rsquo;outils, c&rsquo;est son int\u00e9gration transparente avec d&rsquo;autres plugins de jeu d&rsquo;outils, y compris les vues et les types. En tirant parti de ces plugins, vous pouvez \u00e9tablir des types de publication et des affichages personnalis\u00e9s robustes, optimisant ainsi le flux de travail de votre site Web. D\u00e9couvrez la commodit\u00e9 et l&rsquo;efficacit\u00e9 que les formulaires d&rsquo;outils offrent pour rationaliser votre site Web.<\/p>\n","protected":false},"featured_media":146587,"comment_status":"open","ping_status":"open","template":"","meta":[],"product_brand":[2756],"product_cat":[1189,1181,1186],"product_tag":[2333],"class_list":{"0":"post-130997","1":"product","2":"type-product","3":"status-publish","4":"has-post-thumbnail","6":"product_brand-on-the-go-systems","7":"product_cat-personnalisation","8":"product_cat-plugins","9":"product_cat-wordpress-plugins","10":"product_tag-on-the-go-systems","11":"member-discount","12":"discount-restricted","14":"first","15":"instock","16":"sale","17":"downloadable","18":"virtual","19":"sold-individually","20":"purchasable","21":"product-type-simple"},"_links":{"self":[{"href":"https:\/\/gpl-love.com\/fr\/wp-json\/wp\/v2\/product\/130997","targetHints":{"allow":["GET"]}}],"collection":[{"href":"https:\/\/gpl-love.com\/fr\/wp-json\/wp\/v2\/product"}],"about":[{"href":"https:\/\/gpl-love.com\/fr\/wp-json\/wp\/v2\/types\/product"}],"replies":[{"embeddable":true,"href":"https:\/\/gpl-love.com\/fr\/wp-json\/wp\/v2\/comments?post=130997"}],"wp:featuredmedia":[{"embeddable":true,"href":"https:\/\/gpl-love.com\/fr\/wp-json\/wp\/v2\/media\/146587"}],"wp:attachment":[{"href":"https:\/\/gpl-love.com\/fr\/wp-json\/wp\/v2\/media?parent=130997"}],"wp:term":[{"taxonomy":"product_brand","embeddable":true,"href":"https:\/\/gpl-love.com\/fr\/wp-json\/wp\/v2\/product_brand?post=130997"},{"taxonomy":"product_cat","embeddable":true,"href":"https:\/\/gpl-love.com\/fr\/wp-json\/wp\/v2\/product_cat?post=130997"},{"taxonomy":"product_tag","embeddable":true,"href":"https:\/\/gpl-love.com\/fr\/wp-json\/wp\/v2\/product_tag?post=130997"}],"curies":[{"name":"wp","href":"https:\/\/api.w.org\/{rel}","templated":true}]}}