{"id":130993,"date":"2026-04-08T00:00:00","date_gmt":"2026-04-07T22:00:00","guid":{"rendered":"https:\/\/gpl-love.com\/fr\/produit\/automatorwp-webhooks\/"},"modified":"2026-04-09T00:31:02","modified_gmt":"2026-04-08T22:31:02","slug":"automatorwp-webhooks","status":"publish","type":"product","link":"https:\/\/gpl-love.com\/fr\/produit\/automatorwp-webhooks\/","title":{"rendered":"AutomatorWP Webhooks 5.6.8"},"content":{"rendered":"<h3>AutomatorWP Webhooks Traits<\/h3>\n<p>AutomatorWP WebHooks, un outil d&rsquo;automatisation sp\u00e9cialement con\u00e7u pour am\u00e9liorer l&rsquo;efficacit\u00e9 du flux de travail, sert d&rsquo;instrument remarquable qui automatise les t\u00e2ches entre votre site Web WordPress et diverses applications Web. En vous int\u00e9grant sans effort \u00e0 Zapier et \u00e0 d&rsquo;autres applications tierces, AutomatorWP WebHooks vous permet de lancer sans effort des \u00e9v\u00e9nements \u00e0 partir de votre site Web, en automatisant par cons\u00e9quent des actions sur des plates-formes alternatives, ce qui simplifie ainsi la gestion des op\u00e9rations commerciales, l&rsquo;optimisation de l&rsquo;efficacit\u00e9 et la r\u00e9duction efficace du temps pr\u00e9cieux. Que votre objectif tourne autour de l&rsquo;automatisation des campagnes de messagerie, de la surveillance des analyses de sites Web ou de la maintenance d&rsquo;une pr\u00e9sence percutante sur les r\u00e9seaux sociaux, AutomatorWP WebHooks fournit tous les outils n\u00e9cessaires pour rationaliser avec succ\u00e8s votre flux de travail et augmenter consid\u00e9rablement la productivit\u00e9. Alors pourquoi h\u00e9siter? Initiez votre voyage aujourd&rsquo;hui et pr\u00e9s\u00e9rez la puissance in\u00e9gal\u00e9e de l&rsquo;automatisation!<\/p>\n<ul>\n<li>AutomatorWP WebHooks est un outil puissant qui peut vous aider \u00e0 automatiser bon nombre des t\u00e2ches de votre site Web. Voici quelques-uns des avantages que vous pouvez attendre de ce produit:<\/li>\n<li><\/li>\n<li>Rationalisez vos workflows et gagnez du temps en automatisant les t\u00e2ches r\u00e9p\u00e9titives.<\/li>\n<li>Int\u00e9grez votre site Web \u00e0 d&rsquo;autres outils et services, tels que les CRM, les plateformes de marketing par e-mail, etc.<\/li>\n<li>Utilisez des webhooks pour d\u00e9clencher des actions en fonction des \u00e9v\u00e9nements de votre site Web, tels qu&rsquo;une nouvelle inscription utilisateur ou un achat termin\u00e9.<\/li>\n<li>Cr\u00e9ez facilement des workflows personnalis\u00e9s \u00e0 l&rsquo;aide du g\u00e9n\u00e9rateur de glisser-d\u00e9poser, sans codage requis.<\/li>\n<li>Obtenez des rapports d\u00e9taill\u00e9s sur vos automations, y compris les m\u00e9triques de performances et les journaux d&rsquo;erreur.<\/li>\n<li>Profitez de l&rsquo;int\u00e9gration transparente avec AutomatorWP, le premier plugin d&rsquo;automatisation de WordPress.<\/li>\n<li><\/li>\n<li>Dans l&rsquo;ensemble, AutomatorWP WebHooks met la puissance de l&rsquo;automatisation entre vos mains, vous permettant de simplifier vos workflows et de r\u00e9aliser plus en moins de temps. Que vous soyez un marketeur, un d\u00e9veloppeur ou un propri\u00e9taire d&rsquo;entreprise, cet outil peut vous aider \u00e0 augmenter votre productivit\u00e9 et \u00e0 rationaliser vos op\u00e9rations.<\/li>\n<\/ul>\n","protected":false},"excerpt":{"rendered":"<p>Automatorwp WebHooks, un plugin robuste con\u00e7u sp\u00e9cifiquement pour WordPress, offre la capacit\u00e9 remarquable d&rsquo;int\u00e9grer parfaitement les notifications WebHook avec AutomatorWP. En tirant parti de cet outil exceptionnel, les utilisateurs peuvent automatiser sans effort leurs workflows et recevoir des mises \u00e0 jour instantan\u00e9es concernant divers \u00e9v\u00e9nements qui se transpirent dans leur site WordPress, englobant des activit\u00e9s telles que la cr\u00e9ation de publications ou l&rsquo;enregistrement de nouveaux utilisateurs. Notamment, AutomatorWP WebHooks poss\u00e8de un degr\u00e9 \u00e9lev\u00e9 de configurabilit\u00e9, ce qui permet aux individus d&rsquo;\u00e9tablir une multitude de d\u00e9clencheurs et d&rsquo;actions qui correspondent \u00e0 leurs exigences uniques. De plus, ce plugin excelle dans la convivialit\u00e9, car il facilite un processus d&rsquo;installation simple qui ne n\u00e9cessite pas une expertise technique approfondie. D\u00e9couvrez le fonctionnement transparent de votre site WordPress en adoptant le potentiel in\u00e9gal\u00e9 de Automatorwp WebHooks!<\/p>\n","protected":false},"featured_media":146585,"comment_status":"open","ping_status":"open","template":"","meta":[],"product_brand":[2464],"product_cat":[1187,1181,1186],"product_tag":[2260],"class_list":{"0":"post-130993","1":"product","2":"type-product","3":"status-publish","4":"has-post-thumbnail","6":"product_brand-automatorwp","7":"product_cat-administration-wordpress-plugins","8":"product_cat-plugins","9":"product_cat-wordpress-plugins","10":"product_tag-automatorwp","11":"member-discount","12":"discount-restricted","14":"first","15":"instock","16":"sale","17":"downloadable","18":"virtual","19":"sold-individually","20":"purchasable","21":"product-type-simple"},"_links":{"self":[{"href":"https:\/\/gpl-love.com\/fr\/wp-json\/wp\/v2\/product\/130993","targetHints":{"allow":["GET"]}}],"collection":[{"href":"https:\/\/gpl-love.com\/fr\/wp-json\/wp\/v2\/product"}],"about":[{"href":"https:\/\/gpl-love.com\/fr\/wp-json\/wp\/v2\/types\/product"}],"replies":[{"embeddable":true,"href":"https:\/\/gpl-love.com\/fr\/wp-json\/wp\/v2\/comments?post=130993"}],"wp:featuredmedia":[{"embeddable":true,"href":"https:\/\/gpl-love.com\/fr\/wp-json\/wp\/v2\/media\/146585"}],"wp:attachment":[{"href":"https:\/\/gpl-love.com\/fr\/wp-json\/wp\/v2\/media?parent=130993"}],"wp:term":[{"taxonomy":"product_brand","embeddable":true,"href":"https:\/\/gpl-love.com\/fr\/wp-json\/wp\/v2\/product_brand?post=130993"},{"taxonomy":"product_cat","embeddable":true,"href":"https:\/\/gpl-love.com\/fr\/wp-json\/wp\/v2\/product_cat?post=130993"},{"taxonomy":"product_tag","embeddable":true,"href":"https:\/\/gpl-love.com\/fr\/wp-json\/wp\/v2\/product_tag?post=130993"}],"curies":[{"name":"wp","href":"https:\/\/api.w.org\/{rel}","templated":true}]}}