{"id":130991,"date":"2025-10-07T00:00:00","date_gmt":"2025-10-06T22:00:00","guid":{"rendered":"https:\/\/gpl-love.com\/fr\/produit\/woocommerce-walmart\/"},"modified":"2026-03-20T23:56:18","modified_gmt":"2026-03-20T22:56:18","slug":"woocommerce-walmart","status":"publish","type":"product","link":"https:\/\/gpl-love.com\/fr\/produit\/woocommerce-walmart\/","title":{"rendered":"WooCommerce Walmart 4.0.6"},"content":{"rendered":"<h3>WooCommerce Walmart Traits<\/h3>\n<p>L&rsquo;int\u00e9gration entre WooCommerce et Walmart Marketplace, connue sous le nom de WooCommerce Walmart, offre une multitude de fonctionnalit\u00e9s puissantes qui permettent aux propri\u00e9taires de magasins en ligne d&rsquo;\u00e9tablir sans effort une connexion entre leur magasin WooCommerce et Walmart Marketplace. En utilisant cette int\u00e9gration, les utilisateurs acqui\u00e8rent la possibilit\u00e9 d&rsquo;\u00e9num\u00e9rer sans effort leur vaste gamme de produits sur le vaste march\u00e9 Walmart, tout en g\u00e9rant simultan\u00e9ment les commandes, l&rsquo;inventaire et les prix, le tout dans les limites de leur tableau de bord WooCommerce familier et convivial. En outre, cette int\u00e9gration poss\u00e8de un \u00e9ventail de fonctionnalit\u00e9s suppl\u00e9mentaires, notamment la synchronisation en temps r\u00e9el des produits, des attributs et des images, une r\u00e9alisation automatis\u00e9e des commandes et des capacit\u00e9s de rapport avanc\u00e9es. Par cons\u00e9quent, cette int\u00e9gration rationalise le processus pour les d\u00e9taillants en ligne, facilitant la vente de leur gamme diversifi\u00e9e de produits sur l&rsquo;un des plus grands march\u00e9s en ligne au monde, tout en g\u00e9rant efficacement leurs op\u00e9rations gr\u00e2ce \u00e0 la commodit\u00e9 de leur magasin WooCommerce. En conclusion, l&rsquo;int\u00e9gration WooCommerce Walmart repr\u00e9sente un outil indispensable pour tout propri\u00e9taire de magasin en ligne enthousiaste, car il facilite efficacement l&rsquo;expansion de leur port\u00e9e de march\u00e9 et favorise les ventes accrues.<\/p>\n<ul>\n<li>Permet l&rsquo;int\u00e9gration de votre magasin WooCommerce avec Walmart<\/li>\n<li>Vous permet de r\u00e9pertorier et de vendre vos produits sur le march\u00e9 de Walmart<\/li>\n<li>Automate la synchronisation des informations sur les produits, les stocks et les prix entre votre magasin WooCommerce et Walmart<\/li>\n<li>Fournit la gestion et le suivi des commandes en temps r\u00e9el<\/li>\n<li>Offre une fa\u00e7on simplifi\u00e9e et rationalis\u00e9e de g\u00e9rer vos canaux de vente WooCommerce et Walmart \u00e0 partir d&rsquo;une seule plateforme<\/li>\n<li>Aide \u00e0 augmenter la visibilit\u00e9 de votre produit parmi les grandes clients de Walmart, augmentant vos ventes et vos revenus<\/li>\n<li>Fournit une interface facile \u00e0 utiliser sans comp\u00e9tences de codage requises<\/li>\n<li>Prend en charge plusieurs canaux Walmart, tels que Walmart.com et Walmart Canada<\/li>\n<li>Offre des mises \u00e0 jour fiables et r\u00e9guli\u00e8res pour assurer la compatibilit\u00e9 avec les fonctionnalit\u00e9s de WooCommerce actuelles et Walmart<\/li>\n<li>Fournit un excellent support client pour r\u00e9pondre \u00e0 tous les besoins ou questions.<\/li>\n<\/ul>\n","protected":false},"excerpt":{"rendered":"<p>L&rsquo;int\u00e9gration WooCommerce Walmart est un outil absolument essentiel qu&rsquo;aucun marchand en ligne ne peut se permettre d&rsquo;ignorer s&rsquo;ils cherchent \u00e0 \u00e9largir leur client\u00e8le et \u00e0 exploiter le vaste pool d&rsquo;acheteurs potentiels sur Walmart.com. Ce plugin extr\u00eamement robuste et polyvalent harmonise sans effort votre catalogue de produits, votre inventaire et votre tarification avec le vaste march\u00e9 Walmart, vous permettant ainsi de r\u00e9gler m\u00e9ticuleusement vos strat\u00e9gies de vente et d&rsquo;optimiser vos marges b\u00e9n\u00e9ficiaires. En facilitant sans effort la gestion des commandes en temps r\u00e9el et en fournissant un syst\u00e8me de suivi rationalis\u00e9, l&rsquo;int\u00e9gration WooCommerce Walmart rationalise et simplifie consid\u00e9rablement vos op\u00e9rations globales de commerce \u00e9lectronique, alimentant finalement une croissance substantielle et durable pour votre entit\u00e9 commerciale estim\u00e9e.<\/p>\n","protected":false},"featured_media":146584,"comment_status":"open","ping_status":"open","template":"","meta":[],"product_brand":[2440],"product_cat":[1183,1182,1181],"product_tag":[1398],"class_list":{"0":"post-130991","1":"product","2":"type-product","3":"status-publish","4":"has-post-thumbnail","6":"product_brand-woocommerce","7":"product_cat-administration","8":"product_cat-commerce-electronique-plugins","9":"product_cat-plugins","10":"product_tag-woocommerce","11":"member-discount","12":"discount-restricted","14":"first","15":"instock","16":"sale","17":"downloadable","18":"virtual","19":"sold-individually","20":"purchasable","21":"product-type-simple"},"_links":{"self":[{"href":"https:\/\/gpl-love.com\/fr\/wp-json\/wp\/v2\/product\/130991","targetHints":{"allow":["GET"]}}],"collection":[{"href":"https:\/\/gpl-love.com\/fr\/wp-json\/wp\/v2\/product"}],"about":[{"href":"https:\/\/gpl-love.com\/fr\/wp-json\/wp\/v2\/types\/product"}],"replies":[{"embeddable":true,"href":"https:\/\/gpl-love.com\/fr\/wp-json\/wp\/v2\/comments?post=130991"}],"wp:featuredmedia":[{"embeddable":true,"href":"https:\/\/gpl-love.com\/fr\/wp-json\/wp\/v2\/media\/146584"}],"wp:attachment":[{"href":"https:\/\/gpl-love.com\/fr\/wp-json\/wp\/v2\/media?parent=130991"}],"wp:term":[{"taxonomy":"product_brand","embeddable":true,"href":"https:\/\/gpl-love.com\/fr\/wp-json\/wp\/v2\/product_brand?post=130991"},{"taxonomy":"product_cat","embeddable":true,"href":"https:\/\/gpl-love.com\/fr\/wp-json\/wp\/v2\/product_cat?post=130991"},{"taxonomy":"product_tag","embeddable":true,"href":"https:\/\/gpl-love.com\/fr\/wp-json\/wp\/v2\/product_tag?post=130991"}],"curies":[{"name":"wp","href":"https:\/\/api.w.org\/{rel}","templated":true}]}}