{"id":130989,"date":"2024-04-25T00:00:00","date_gmt":"2024-04-24T22:00:00","guid":{"rendered":"https:\/\/gpl-love.com\/fr\/produit\/loginpress-hide-login\/"},"modified":"2026-03-20T23:56:16","modified_gmt":"2026-03-20T22:56:16","slug":"loginpress-hide-login","status":"publish","type":"product","link":"https:\/\/gpl-love.com\/fr\/produit\/loginpress-hide-login\/","title":{"rendered":"LoginPress Hide Login 3.0.0"},"content":{"rendered":"<h3>LoginPress Hide Login Traits<\/h3>\n<p>LogginPress Hide Login est un plugin WordPress tr\u00e8s robuste et influent qui vous offre la possibilit\u00e9 de fortifier votre page de connexion et de contrecarrer toute tentative d&rsquo;acc\u00e8s non autoris\u00e9e. Gr\u00e2ce \u00e0 l&rsquo;ex\u00e9cution sans effort de quelques clics, vous pouvez facilement obscurcir la page de connexion WordPress conventionnelle et la remplacer sans effort par une URL de connexion sur mesure de votre propre s\u00e9lection. Ce plugin est rempli d&rsquo;une gamme de fonctionnalit\u00e9s sophistiqu\u00e9es, y compris le blocage IP, une protection contre la force brute imperm\u00e9able et m\u00eame une authentification \u00e0 deux facteurs de pointe, garantissant ainsi la r\u00e9alisation du niveau d&rsquo;impr\u00e9gnabilit\u00e9 le plus \u00e9lev\u00e9. De plus, avec sa nature conviviale, la connexion de la peau de connexion peut \u00eatre install\u00e9e et op\u00e9r\u00e9e sans effort, harmonisant de mani\u00e8re transparente avec n&rsquo;importe quel th\u00e8me WordPress pour lequel vous optez. En renfor\u00e7ant votre site Web contre l&rsquo;assaut d\u00e9l\u00e9t\u00e8re d&rsquo;attaques malveillantes, vous pouvez prot\u00e9ger avec diligence l&rsquo;int\u00e9grit\u00e9 de votre page de connexion et vous efforcer d&rsquo;un sanctuaire num\u00e9rique imperm\u00e9able gracieuset\u00e9 de la connexion LoginPress Hide.<\/p>\n<ul>\n<li>Moyen rapide et facile de masquer votre page de connexion WordPress<\/li>\n<li>Augmente la s\u00e9curit\u00e9 de votre site Web en minimisant les risques d&rsquo;attaques de force brute<\/li>\n<li>Redirige les utilisateurs non autoris\u00e9s vers une page d&rsquo;erreur personnalis\u00e9e<\/li>\n<li>Compatible avec la plupart des th\u00e8mes et plugins WordPress<\/li>\n<li>Aucune comp\u00e9tence de codage requise, activez et modifiez simplement les param\u00e8tres<\/li>\n<li>Permet plusieurs pages de connexion, personnalis\u00e9es \u00e0 diff\u00e9rents r\u00f4les utilisateur<\/li>\n<li>Mises \u00e0 jour r\u00e9guli\u00e8res et maintenance pour assurer la fonctionnalit\u00e9 avec les mises \u00e0 jour WordPress.<\/li>\n<\/ul>\n","protected":false},"excerpt":{"rendered":"<p>LogginPress Hide Login est un plugin tr\u00e8s sophistiqu\u00e9 et efficace con\u00e7u pour augmenter les mesures de s\u00e9curit\u00e9 impl\u00e9ment\u00e9es sur votre site Web WordPress. Son objectif profond est de cacher astucieusement la page de connexion, garantissant une forteresse imperm\u00e9able contre la menace pernicieuse des attaques de force brute et une intrusion injustifi\u00e9e. En vous offrant des fonctionnalit\u00e9s remarquables fournies par LogginPress Hide Connexion, vous \u00eates autoris\u00e9 \u00e0 personnaliser sans effort l&rsquo;URL de votre page de connexion, ce qui le rend pratiquement imprenable contre les machinations rus\u00e9es des cybercriminels. L&rsquo;interface conviviale, remplie de sa conception intuitive, \u00e9vite la n\u00e9cessit\u00e9 de toute comp\u00e9tence de codage \u00e9sot\u00e9rique, garantissant ainsi l&rsquo;accessibilit\u00e9 transparente pour les individus de tous horizons. Avec les capacit\u00e9s incomparables de la connexion de la connexion \u00e0 votre disposition, la tranquillit\u00e9 et la s\u00e9r\u00e9nit\u00e9 qui accompagnent la connaissance de la possession d&rsquo;un site Web WordPress imprenable vous accordent un sentiment de tranquillit\u00e9 r\u00e9solue et de force indomptable.<\/p>\n","protected":false},"featured_media":146583,"comment_status":"open","ping_status":"open","template":"","meta":[],"product_brand":[2585],"product_cat":[1187,1181,1186],"product_tag":[1297],"class_list":{"0":"post-130989","1":"product","2":"type-product","3":"status-publish","4":"has-post-thumbnail","6":"product_brand-wp-brigade","7":"product_cat-administration-wordpress-plugins","8":"product_cat-plugins","9":"product_cat-wordpress-plugins","10":"product_tag-wp-brigade","11":"member-discount","12":"discount-restricted","14":"first","15":"instock","16":"sale","17":"downloadable","18":"virtual","19":"sold-individually","20":"purchasable","21":"product-type-simple"},"_links":{"self":[{"href":"https:\/\/gpl-love.com\/fr\/wp-json\/wp\/v2\/product\/130989","targetHints":{"allow":["GET"]}}],"collection":[{"href":"https:\/\/gpl-love.com\/fr\/wp-json\/wp\/v2\/product"}],"about":[{"href":"https:\/\/gpl-love.com\/fr\/wp-json\/wp\/v2\/types\/product"}],"replies":[{"embeddable":true,"href":"https:\/\/gpl-love.com\/fr\/wp-json\/wp\/v2\/comments?post=130989"}],"wp:featuredmedia":[{"embeddable":true,"href":"https:\/\/gpl-love.com\/fr\/wp-json\/wp\/v2\/media\/146583"}],"wp:attachment":[{"href":"https:\/\/gpl-love.com\/fr\/wp-json\/wp\/v2\/media?parent=130989"}],"wp:term":[{"taxonomy":"product_brand","embeddable":true,"href":"https:\/\/gpl-love.com\/fr\/wp-json\/wp\/v2\/product_brand?post=130989"},{"taxonomy":"product_cat","embeddable":true,"href":"https:\/\/gpl-love.com\/fr\/wp-json\/wp\/v2\/product_cat?post=130989"},{"taxonomy":"product_tag","embeddable":true,"href":"https:\/\/gpl-love.com\/fr\/wp-json\/wp\/v2\/product_tag?post=130989"}],"curies":[{"name":"wp","href":"https:\/\/api.w.org\/{rel}","templated":true}]}}