{"id":130987,"date":"2024-04-25T00:00:00","date_gmt":"2024-04-24T22:00:00","guid":{"rendered":"https:\/\/gpl-love.com\/fr\/produit\/loginpress-redirect-login\/"},"modified":"2026-03-20T23:56:15","modified_gmt":"2026-03-20T22:56:15","slug":"loginpress-redirect-login","status":"publish","type":"product","link":"https:\/\/gpl-love.com\/fr\/produit\/loginpress-redirect-login\/","title":{"rendered":"LoginPress Redirect Login 3.0.0"},"content":{"rendered":"<h3>LoginPress Redirect Login Traits<\/h3>\n<p>LoginPress Redirect Login est un plugin WordPress incroyablement puissant qui accorde aux propri\u00e9taires de sites Web la possibilit\u00e9 de rediriger leur page de connexion vers une URL de leur choix. La polyvalence de ce plugin permet aux utilisateurs de personnaliser de mani\u00e8re transparente leur page de connexion pour s&rsquo;aligner parfaitement sur la marque de leur site Web. De plus, une fois qu&rsquo;un utilisateur s&rsquo;est connect\u00e9 avec succ\u00e8s, il peut \u00eatre redirig\u00e9 sans effort vers une page sp\u00e9cifiquement d\u00e9sign\u00e9e. Dans LoginPress Redirect Connexion, les utilisateurs peuvent se d\u00e9lecter d&rsquo;une multitude de fonctionnalit\u00e9s remarquables, telles que la capacit\u00e9 de concevoir leur propre page de connexion \u00e0 leur go\u00fbt, une interface qui est conviviale et facilement navigable, et des param\u00e8tres merveilleusement simples \u00e0 r\u00e9gler, permettant d&rsquo;ajuster, permettant Une configuration transparente de la redirection de connexion. Que l&rsquo;intention soit de rediriger les utilisateurs vers une page particuli\u00e8re, une page de bienvenue ou une page de connexion personnalis\u00e9e, la connexion de connexion LoginPress garantit une couverture sans faille. En utilisant ce plugin remarquable, les utilisateurs peuvent am\u00e9liorer l&rsquo;engagement et la satisfaction globaux de leur site Web, offrant une exp\u00e9rience personnalis\u00e9e \u00e0 la fois transparente et gratifiante.<\/p>\n<ul>\n<li>Plugin facile \u00e0 utiliser pour les propri\u00e9taires de sites Web WordPress<\/li>\n<li>Permet aux propri\u00e9taires de sites Web de choisir o\u00f9 leurs utilisateurs sont dirig\u00e9s apr\u00e8s la connexion<\/li>\n<li>Fournit des options de flexibilit\u00e9 et de personnalisation pour les propri\u00e9taires de sites Web<\/li>\n<li>Am\u00e9liore l&rsquo;exp\u00e9rience utilisateur en les dirigeant vers des pages pertinentes lors de la connexion<\/li>\n<li>R\u00e9duit la confusion et la frustration pour les utilisateurs en \u00e9liminant les redirections inutiles<\/li>\n<li>Gagnez du temps pour les propri\u00e9taires de sites Web en \u00e9liminant les redirections manuelles pour les utilisateurs<\/li>\n<li>Compatible avec la plupart des th\u00e8mes et plugins WordPress<\/li>\n<li>Mises \u00e0 jour r\u00e9guli\u00e8res et assistance disponibles pour des performances optimales<\/li>\n<\/ul>\n","protected":false},"excerpt":{"rendered":"<p>Loginpress Redirect Login est un plugin WordPress tr\u00e8s sophistiqu\u00e9 et remarquablement efficace, qui poss\u00e8de la capacit\u00e9 remarquable de rediriger les utilisateurs vers un large \u00e9ventail de pages ou d&rsquo;URL personnalis\u00e9es apr\u00e8s leur connexion, de se d\u00e9connecter ou m\u00eame de s&rsquo;inscrire sur votre site Web estim\u00e9. Gr\u00e2ce \u00e0 l&rsquo;utilisation de ce plugin extraordinaire, l&rsquo;exp\u00e9rience utilisateur globale peut \u00eatre consid\u00e9rablement am\u00e9lior\u00e9e, car les utilisateurs peuvent \u00eatre redirig\u00e9s de mani\u00e8re transparente vers une page de destination exclusivement sur mesure, une page de remerciement resplendissante, ou m\u00eame, toute autre page de votre choix exigeant. En outre, il convient de noter que ce plugin exceptionnel int\u00e8gre un tableau de fonctionnalit\u00e9s avanc\u00e9es, telles que les redirections conditionnelles fond\u00e9es sur les r\u00f4les utilisateur, la m\u00e9ta de l&rsquo;utilisateur et m\u00eame la source de r\u00e9f\u00e9rence. De plus, il convient \u00e9galement d&rsquo;\u00e9lucider que la connexion de redirection LoginPress est un plugin navigable sans effort et hautement adaptable, ce qui le rend la solution par excellence pour tout site Web WordPress exigeant.<\/p>\n","protected":false},"featured_media":146582,"comment_status":"open","ping_status":"open","template":"","meta":[],"product_brand":[2585],"product_cat":[1187,1181,1186],"product_tag":[1297],"class_list":{"0":"post-130987","1":"product","2":"type-product","3":"status-publish","4":"has-post-thumbnail","6":"product_brand-wp-brigade","7":"product_cat-administration-wordpress-plugins","8":"product_cat-plugins","9":"product_cat-wordpress-plugins","10":"product_tag-wp-brigade","11":"member-discount","12":"discount-restricted","14":"first","15":"instock","16":"sale","17":"downloadable","18":"virtual","19":"sold-individually","20":"purchasable","21":"product-type-simple"},"_links":{"self":[{"href":"https:\/\/gpl-love.com\/fr\/wp-json\/wp\/v2\/product\/130987","targetHints":{"allow":["GET"]}}],"collection":[{"href":"https:\/\/gpl-love.com\/fr\/wp-json\/wp\/v2\/product"}],"about":[{"href":"https:\/\/gpl-love.com\/fr\/wp-json\/wp\/v2\/types\/product"}],"replies":[{"embeddable":true,"href":"https:\/\/gpl-love.com\/fr\/wp-json\/wp\/v2\/comments?post=130987"}],"wp:featuredmedia":[{"embeddable":true,"href":"https:\/\/gpl-love.com\/fr\/wp-json\/wp\/v2\/media\/146582"}],"wp:attachment":[{"href":"https:\/\/gpl-love.com\/fr\/wp-json\/wp\/v2\/media?parent=130987"}],"wp:term":[{"taxonomy":"product_brand","embeddable":true,"href":"https:\/\/gpl-love.com\/fr\/wp-json\/wp\/v2\/product_brand?post=130987"},{"taxonomy":"product_cat","embeddable":true,"href":"https:\/\/gpl-love.com\/fr\/wp-json\/wp\/v2\/product_cat?post=130987"},{"taxonomy":"product_tag","embeddable":true,"href":"https:\/\/gpl-love.com\/fr\/wp-json\/wp\/v2\/product_tag?post=130987"}],"curies":[{"name":"wp","href":"https:\/\/api.w.org\/{rel}","templated":true}]}}