{"id":130985,"date":"2024-04-25T00:00:00","date_gmt":"2024-04-24T22:00:00","guid":{"rendered":"https:\/\/gpl-love.com\/fr\/produit\/loginpress-auto-login\/"},"modified":"2026-03-20T23:56:15","modified_gmt":"2026-03-20T22:56:15","slug":"loginpress-auto-login","status":"publish","type":"product","link":"https:\/\/gpl-love.com\/fr\/produit\/loginpress-auto-login\/","title":{"rendered":"LoginPress Auto Login 3.0.0"},"content":{"rendered":"<h3>LoginPress Auto Login Traits<\/h3>\n<p>LogginPress Auto Login est un outil incroyablement robuste et efficace qui donne aux utilisateurs la possibilit\u00e9 de se connecter sans effort et facilement \u00e0 leurs sites Web WordPress sans les tracas d&rsquo;avoir \u00e0 saisir manuellement leurs informations d&rsquo;identification de connexion \u00e0 chaque fois qu&rsquo;ils souhaitent acc\u00e9der \u00e0 leur tableau de bord. Ce merveilleux plugin permet non seulement aux utilisateurs de pr\u00e9cieux temps et \u00e9nergie, mais il simplifie \u00e9galement leur processus de connexion global \u00e0 un degr\u00e9 remarquable. En outre, le processus d&rsquo;installation de ce plugin est remarquablement simple, et son interface est con\u00e7ue avec la plus grande intuitivit\u00e9 \u00e0 l&rsquo;esprit, garantissant une exp\u00e9rience conviviale que m\u00eame les individus ayant une expertise technique limit\u00e9e peuvent facilement naviguer. De plus, LogginPress Auto Login comprend une myriade d&rsquo;options de personnalisation, permettant ainsi aux utilisateurs d&rsquo;adapter leurs param\u00e8tres et pr\u00e9f\u00e9rences de connexion en fonction de leurs besoins et pr\u00e9f\u00e9rences exacts. Rassurez-vous, avec les capacit\u00e9s remarquables de la connexion automatique de la connexion automatique \u00e0 leur disposition, les utilisateurs peuvent savourer dans l&rsquo;assurance qu&rsquo;ils rencontreront r\u00e9guli\u00e8rement une exp\u00e9rience de connexion en douceur parfaitement fluide chaque fois qu&rsquo;ils se lancent dans le cadre de leurs sites Web WordPress ch\u00e9ris.<\/p>\n<ul>\n<li>Solution simple pour la connexion automatique des utilisateurs<\/li>\n<li>Gave le temps et rationalise le processus de connexion<\/li>\n<li>Augmente l&rsquo;efficacit\u00e9 et la productivit\u00e9<\/li>\n<li>Plus de mots de passe oubli\u00e9s ou de d\u00e9tails de connexion<\/li>\n<li>Peut \u00eatre facilement install\u00e9 et configur\u00e9<\/li>\n<li>Compatible avec divers sites Web et applications<\/li>\n<li>Fournit une authentification de connexion s\u00e9curis\u00e9e et fiable<\/li>\n<li>Interface conviviale pour une facilit\u00e9 d&rsquo;utilisation<\/li>\n<li>\u00c9conomise en toute s\u00e9curit\u00e9 les informations d&rsquo;identification pour une utilisation future<\/li>\n<li>Aide \u00e0 \u00e9viter les erreurs de connexion et les tentatives infructueuses<\/li>\n<\/ul>\n","protected":false},"excerpt":{"rendered":"<p>En utilisant la fonctionnalit\u00e9 remarquable de la connexion Auto LoginPress, les individus ont la capacit\u00e9 remarquable \u00e0 acc\u00e9der rapidement et sans effort \u00e0 leurs plateformes et sites Web pr\u00e9f\u00e9r\u00e9s en ligne avec le simple contact d&rsquo;un bouton. Cet outil incroyablement pratique stocke et conserve efficacement les informations d&rsquo;identification de connexion pour plusieurs sites Web, \u00e9pargnant les utilisateurs de la t\u00e2che ardue de m\u00e9moriser de nombreux mots de passe. Le processus simple implique l&rsquo;installation du plugin, dans lequel les utilisateurs peuvent enregistrer efficacement leurs informations de connexion, permettant ainsi \u00e0 LoginPress de g\u00e9rer sans effort les \u00e9tapes restantes. Offrez des adieux \u00e0 l&rsquo;\u00e9preuve de vexage des frustrations li\u00e9es au mot de passe et accueillez une rencontre de navigation sans couture avec les caract\u00e9ristiques remarquables de la connexion Auto LogginPress.<\/p>\n","protected":false},"featured_media":146581,"comment_status":"open","ping_status":"open","template":"","meta":[],"product_brand":[2585],"product_cat":[1187,1181,1186],"product_tag":[1297],"class_list":{"0":"post-130985","1":"product","2":"type-product","3":"status-publish","4":"has-post-thumbnail","6":"product_brand-wp-brigade","7":"product_cat-administration-wordpress-plugins","8":"product_cat-plugins","9":"product_cat-wordpress-plugins","10":"product_tag-wp-brigade","11":"member-discount","12":"discount-restricted","14":"first","15":"instock","16":"sale","17":"downloadable","18":"virtual","19":"sold-individually","20":"purchasable","21":"product-type-simple"},"_links":{"self":[{"href":"https:\/\/gpl-love.com\/fr\/wp-json\/wp\/v2\/product\/130985","targetHints":{"allow":["GET"]}}],"collection":[{"href":"https:\/\/gpl-love.com\/fr\/wp-json\/wp\/v2\/product"}],"about":[{"href":"https:\/\/gpl-love.com\/fr\/wp-json\/wp\/v2\/types\/product"}],"replies":[{"embeddable":true,"href":"https:\/\/gpl-love.com\/fr\/wp-json\/wp\/v2\/comments?post=130985"}],"wp:featuredmedia":[{"embeddable":true,"href":"https:\/\/gpl-love.com\/fr\/wp-json\/wp\/v2\/media\/146581"}],"wp:attachment":[{"href":"https:\/\/gpl-love.com\/fr\/wp-json\/wp\/v2\/media?parent=130985"}],"wp:term":[{"taxonomy":"product_brand","embeddable":true,"href":"https:\/\/gpl-love.com\/fr\/wp-json\/wp\/v2\/product_brand?post=130985"},{"taxonomy":"product_cat","embeddable":true,"href":"https:\/\/gpl-love.com\/fr\/wp-json\/wp\/v2\/product_cat?post=130985"},{"taxonomy":"product_tag","embeddable":true,"href":"https:\/\/gpl-love.com\/fr\/wp-json\/wp\/v2\/product_tag?post=130985"}],"curies":[{"name":"wp","href":"https:\/\/api.w.org\/{rel}","templated":true}]}}