{"id":130983,"date":"2024-04-25T00:00:00","date_gmt":"2024-04-24T22:00:00","guid":{"rendered":"https:\/\/gpl-love.com\/fr\/produit\/loginpress-limit-login-attempts\/"},"modified":"2026-03-20T23:56:14","modified_gmt":"2026-03-20T22:56:14","slug":"loginpress-limit-login-attempts","status":"publish","type":"product","link":"https:\/\/gpl-love.com\/fr\/produit\/loginpress-limit-login-attempts\/","title":{"rendered":"LoginPress Limit Login Attempts 4.0"},"content":{"rendered":"<h3>LoginPress Limit Login Attempts Traits<\/h3>\n<p>Loginpress limite les tentatives de connexion est un plugin de s\u00e9curit\u00e9 de connexion exemplaire qui sert de dissuasion formidable contre l&rsquo;acc\u00e8s non autoris\u00e9 \u00e0 un site WordPress, pr\u00e9sentant son efficacit\u00e9 en fortifiant le m\u00e9canisme de connexion du site. Le plugin poss\u00e8de une interface intuitive et conviviale, ce qui permet aux propri\u00e9taires de sites Web de stipuler le nombre pr\u00e9cis de tentatives de connexion qu&rsquo;un individu peut entreprendre avant de faire face \u00e0 l&rsquo;ignominie d&rsquo;\u00eatre temporairement interdite d&rsquo;acc\u00e9der au site. De plus, il conf\u00e8re aux utilisateurs la libert\u00e9 de configurer la dur\u00e9e de la p\u00e9riode de verrouillage, leur offrant ainsi un sentiment de contr\u00f4le sur les param\u00e8tres de s\u00e9curit\u00e9 de leur site. Notamment, ce plugin accorde aux propri\u00e9taires de sites Web la commodit\u00e9 de recevoir des notifications en temps opportun chaque fois qu&rsquo;un utilisateur est rendu incapable en raison d&rsquo;une limite d\u00e9pass\u00e9e des tentatives de connexion rat\u00e9es. En outre, il fournit une vaste cache d&rsquo;informations sur le journal, facilitant l&rsquo;identification et l&rsquo;att\u00e9nuation des vuln\u00e9rabilit\u00e9s potentielles de s\u00e9curit\u00e9. Un avantage visible offert par LoginPress Limit Tentatives de connexion r\u00e9side dans sa disposition pour que les utilisateurs personnalisent les messages affich\u00e9s \u00e0 ceux qui se retrouvent au pi\u00e8ge dans les griffes du verrouillage, permettant ainsi une avenue pour la promotion de la sensibilisation de la marque. Dans un paysage num\u00e9rique charg\u00e9 de p\u00e9rils, ce plugin indispensable sert de pierre angulaire indispensable pour fortifier la s\u00e9curit\u00e9 globale de tout site WordPress.<\/p>\n<ul>\n<li>Emp\u00eache l&rsquo;acc\u00e8s des comptes non autoris\u00e9s en limitant le nombre de tentatives de connexion<\/li>\n<li>Facile \u00e0 installer et \u00e0 configurer<\/li>\n<li>Param\u00e8tres personnalisables pour r\u00e9pondre aux besoins de s\u00e9curit\u00e9 sp\u00e9cifiques<\/li>\n<li>Envoie des notifications par e-mail aux administrateurs lorsque les tentatives de connexion d\u00e9passent les limites<\/li>\n<li>Bloque les adresses IP des r\u00e9cidivants pour une s\u00e9curit\u00e9 suppl\u00e9mentaire<\/li>\n<li>Compatible avec tous les th\u00e8mes et plugins WordPress<\/li>\n<li>Garde des registres des tentatives de connexion pour r\u00e9f\u00e9rence future<\/li>\n<li>Am\u00e9liore la s\u00e9curit\u00e9 globale du site et prot\u00e8ge les donn\u00e9es pr\u00e9cieuses.<\/li>\n<\/ul>\n","protected":false},"excerpt":{"rendered":"<p>Loginpress limite les tentatives de connexion sont un plugin incroyablement b\u00e9n\u00e9fique sp\u00e9cialement con\u00e7u pour les sites Web WordPress, car il restreint efficacement le nombre de tentatives de connexion qu&rsquo;un utilisateur peut faire. Cette fonctionnalit\u00e9 critique sert \u00e0 prot\u00e9ger votre site Web \u00e0 partir du danger toujours pr\u00e9sent d&rsquo;attaques par force brute et de tout acc\u00e8s potentiel non autoris\u00e9. De plus, ce plugin remarquable vous offre l&rsquo;option inestimable pour personnaliser vos messages d&rsquo;erreur de connexion en fonction de vos besoins et exigences sp\u00e9cifiques. De plus, il vous fournit des mesures compl\u00e8tes et d\u00e9taill\u00e9es concernant chaque tentative de connexion qui a lieu. En int\u00e9grant les tentatives de connexion LoginPress Limit dans votre site Web, vous am\u00e9liorerez sans aucun doute sa s\u00e9curit\u00e9 globale, renfor\u00e7ant ainsi vos pr\u00e9cieuses donn\u00e9es contre toutes les menaces potentielles qui pourraient survenir.<\/p>\n","protected":false},"featured_media":146580,"comment_status":"open","ping_status":"open","template":"","meta":[],"product_brand":[2585],"product_cat":[1187,1181,1186],"product_tag":[1297],"class_list":{"0":"post-130983","1":"product","2":"type-product","3":"status-publish","4":"has-post-thumbnail","6":"product_brand-wp-brigade","7":"product_cat-administration-wordpress-plugins","8":"product_cat-plugins","9":"product_cat-wordpress-plugins","10":"product_tag-wp-brigade","11":"member-discount","12":"discount-restricted","14":"first","15":"instock","16":"sale","17":"downloadable","18":"virtual","19":"sold-individually","20":"purchasable","21":"product-type-simple"},"_links":{"self":[{"href":"https:\/\/gpl-love.com\/fr\/wp-json\/wp\/v2\/product\/130983","targetHints":{"allow":["GET"]}}],"collection":[{"href":"https:\/\/gpl-love.com\/fr\/wp-json\/wp\/v2\/product"}],"about":[{"href":"https:\/\/gpl-love.com\/fr\/wp-json\/wp\/v2\/types\/product"}],"replies":[{"embeddable":true,"href":"https:\/\/gpl-love.com\/fr\/wp-json\/wp\/v2\/comments?post=130983"}],"wp:featuredmedia":[{"embeddable":true,"href":"https:\/\/gpl-love.com\/fr\/wp-json\/wp\/v2\/media\/146580"}],"wp:attachment":[{"href":"https:\/\/gpl-love.com\/fr\/wp-json\/wp\/v2\/media?parent=130983"}],"wp:term":[{"taxonomy":"product_brand","embeddable":true,"href":"https:\/\/gpl-love.com\/fr\/wp-json\/wp\/v2\/product_brand?post=130983"},{"taxonomy":"product_cat","embeddable":true,"href":"https:\/\/gpl-love.com\/fr\/wp-json\/wp\/v2\/product_cat?post=130983"},{"taxonomy":"product_tag","embeddable":true,"href":"https:\/\/gpl-love.com\/fr\/wp-json\/wp\/v2\/product_tag?post=130983"}],"curies":[{"name":"wp","href":"https:\/\/api.w.org\/{rel}","templated":true}]}}