{"id":130981,"date":"2024-04-25T00:00:00","date_gmt":"2024-04-24T22:00:00","guid":{"rendered":"https:\/\/gpl-love.com\/fr\/produit\/loginpress-social-login\/"},"modified":"2026-03-20T23:56:13","modified_gmt":"2026-03-20T22:56:13","slug":"loginpress-social-login","status":"publish","type":"product","link":"https:\/\/gpl-love.com\/fr\/produit\/loginpress-social-login\/","title":{"rendered":"LoginPress Social Login 3.0.0"},"content":{"rendered":"<h3>LoginPress Social Login Traits<\/h3>\n<p>Loginpress Social Login est une solution polyvalente et globale qui r\u00e9pond aux besoins des sites Web cherchant \u00e0 offrir \u00e0 leurs utilisateurs la commodit\u00e9 des options de connexion sociale. Ce plugin remarquable b\u00e9n\u00e9ficie d&rsquo;un support sans faille pour les r\u00e9seaux sociaux renomm\u00e9s tels que Facebook, Google, Twitter et LinkedIn, facilitant le processus de connexion transparente et hautement s\u00e9curis\u00e9 \u00e0 votre site en utilisant ses comptes de m\u00e9dias sociaux pr\u00e9existants. De plus, le plugin est remarquablement adaptable, permettant une vaste gamme d&rsquo;options de personnalisation qui vous permettent de personnaliser la rencontre de connexion sociale conform\u00e9ment \u00e0 la marque et au style distinctifs de votre site Web. Avec les fonctionnalit\u00e9s int\u00e9gr\u00e9es de la connexion sociale LoginPress, vous pouvez augmenter sans effort l&rsquo;engagement des utilisateurs, rationaliser la proc\u00e9dure de connexion et \u00e9lever l&rsquo;exp\u00e9rience utilisateur globale de votre site Web estim\u00e9.<\/p>\n<ul>\n<li>Int\u00e9gration de connexion sur les r\u00e9seaux sociaux faciles et rapides<\/li>\n<li>Prend en charge plus de 20 plateformes de m\u00e9dias sociaux, notamment Facebook, Twitter, LinkedIn, Google, etc.<\/li>\n<li>Fournit une exp\u00e9rience utilisateur personnalis\u00e9e avec des boutons de connexion personnalisables et des conceptions<\/li>\n<li>Permet aux utilisateurs de choisir le compte de m\u00e9dias sociaux \u00e0 utiliser pour la connexion, ce qui les rend pratiques pour eux<\/li>\n<li>Prot\u00e8ge la confidentialit\u00e9 des utilisateurs avec des API s\u00e9curis\u00e9es et un chiffrement des donn\u00e9es<\/li>\n<li>Compatible avec n&rsquo;importe quel th\u00e8me WordPress et fonctionne de mani\u00e8re transparente avec d&rsquo;autres plugins de connexion<\/li>\n<li>Augmente les taux d&rsquo;inscription et r\u00e9duit les taux d&rsquo;abandon de CART pour les sites Web de commerce \u00e9lectronique<\/li>\n<li>Fournit des analyses d\u00e9taill\u00e9es sur les connexions et l&rsquo;activit\u00e9 des utilisateurs pour les propri\u00e9taires de sites Web<\/li>\n<li>Offre un excellent support client et des mises \u00e0 jour r\u00e9guli\u00e8res pour assurer des performances optimales<\/li>\n<li>Prix \u200b\u200babordable avec diff\u00e9rents forfaits pour r\u00e9pondre aux diff\u00e9rents besoins commerciaux.<\/li>\n<\/ul>\n","protected":false},"excerpt":{"rendered":"<p>LoginPress Social Login est un plugin incroyablement pratique et efficace qui donne aux utilisateurs la possibilit\u00e9 d&rsquo;acc\u00e9der rapidement et sans effort sans effort \u00e0 leur site WordPress en utilisant leurs comptes de m\u00e9dias sociaux. Ce plugin remarquable poss\u00e8de une vaste gamme de plateformes prises en charge, englobant des r\u00e9seaux sociaux notables tels que Facebook, Google, Twitter et LinkedIn, entre autres. En outre, il fournit aux utilisateurs un bouton de connexion m\u00e9ticuleusement personnalisable et un formulaire d&rsquo;enregistrement, facilitant ainsi un niveau de personnalisation in\u00e9gal\u00e9. En incorporant les capacit\u00e9s remarquables de la connexion sociale de connexion dans leurs sites Web respectifs, les propri\u00e9taires de sites peuvent \u00e9lever consid\u00e9rablement l&rsquo;engagement des utilisateurs et rationaliser la proc\u00e9dure de connexion par ailleurs compliqu\u00e9.<\/p>\n","protected":false},"featured_media":146579,"comment_status":"open","ping_status":"open","template":"","meta":[],"product_brand":[2585],"product_cat":[1187,1181,1186],"product_tag":[1297],"class_list":{"0":"post-130981","1":"product","2":"type-product","3":"status-publish","4":"has-post-thumbnail","6":"product_brand-wp-brigade","7":"product_cat-administration-wordpress-plugins","8":"product_cat-plugins","9":"product_cat-wordpress-plugins","10":"product_tag-wp-brigade","11":"member-discount","12":"discount-restricted","14":"first","15":"instock","16":"sale","17":"downloadable","18":"virtual","19":"sold-individually","20":"purchasable","21":"product-type-simple"},"_links":{"self":[{"href":"https:\/\/gpl-love.com\/fr\/wp-json\/wp\/v2\/product\/130981","targetHints":{"allow":["GET"]}}],"collection":[{"href":"https:\/\/gpl-love.com\/fr\/wp-json\/wp\/v2\/product"}],"about":[{"href":"https:\/\/gpl-love.com\/fr\/wp-json\/wp\/v2\/types\/product"}],"replies":[{"embeddable":true,"href":"https:\/\/gpl-love.com\/fr\/wp-json\/wp\/v2\/comments?post=130981"}],"wp:featuredmedia":[{"embeddable":true,"href":"https:\/\/gpl-love.com\/fr\/wp-json\/wp\/v2\/media\/146579"}],"wp:attachment":[{"href":"https:\/\/gpl-love.com\/fr\/wp-json\/wp\/v2\/media?parent=130981"}],"wp:term":[{"taxonomy":"product_brand","embeddable":true,"href":"https:\/\/gpl-love.com\/fr\/wp-json\/wp\/v2\/product_brand?post=130981"},{"taxonomy":"product_cat","embeddable":true,"href":"https:\/\/gpl-love.com\/fr\/wp-json\/wp\/v2\/product_cat?post=130981"},{"taxonomy":"product_tag","embeddable":true,"href":"https:\/\/gpl-love.com\/fr\/wp-json\/wp\/v2\/product_tag?post=130981"}],"curies":[{"name":"wp","href":"https:\/\/api.w.org\/{rel}","templated":true}]}}