{"id":130851,"date":"2024-02-14T00:00:00","date_gmt":"2024-02-13T23:00:00","guid":{"rendered":"https:\/\/gpl-love.com\/fr\/produit\/woocommerce-pricing-et-discounts\/"},"modified":"2026-03-20T23:56:12","modified_gmt":"2026-03-20T22:56:12","slug":"woocommerce-pricing-et-discounts","status":"publish","type":"product","link":"https:\/\/gpl-love.com\/fr\/produit\/woocommerce-pricing-et-discounts\/","title":{"rendered":"WooCommerce Pricing et Discounts 15.0"},"content":{"rendered":"<h3>WooCommerce Pricing et Discounts Traits<\/h3>\n<p>La tarification et les remises WooCommerce sont un plugin exceptionnellement puissant qui offre une gamme d&rsquo;options de prix et de r\u00e9duction \u00e9tendues sp\u00e9cialement con\u00e7ues pour les magasins WooCommerce. Ce plugin remarquable vous permet d&rsquo;accorder des remises en vrac et des remises bas\u00e9es sur le pourcentage, tout en vous offrant le luxe d&rsquo;\u00e9tablir des r\u00e8gles de prix pr\u00e9cises pour les produits individuels ou m\u00eame les cat\u00e9gories de produits. Cette fonctionnalit\u00e9 exceptionnelle vous donne la capacit\u00e9 de cr\u00e9er des structures de tarification hautement personnalis\u00e9es qui co\u00efncident parfaitement avec vos objectifs commerciaux et ciblent efficacement la client\u00e8le souhait\u00e9e. De plus, vous pouvez \u00e9galement cr\u00e9er sans effort des r\u00e8gles de prix dynamiques qui ajustent de mani\u00e8re transparente les prix conform\u00e9ment au comportement du client ou au contenu de leur panier. De plus, l&rsquo;int\u00e9gration transparente d&rsquo;une interface remarquablement conviviale solidifie davantage la facilit\u00e9 de mise en place et de gestion de vos r\u00e8gles de prix et de remise. Que vous soyez le fier propri\u00e9taire d&rsquo;une entreprise \u00e0 petite \u00e9chelle ou que vous exploitez un magasin magnanime au niveau de l&rsquo;entreprise, soyez assur\u00e9 que les prix et les remises WooCommerce sont un outil inestimable qui garantit de vous aider \u00e0 maintenir un formidable avantage concurrentiel tout en conduisant simultan\u00e9ment les ventes \u00e0 des hauteurs sans pr\u00e9c\u00e9dent sans pr\u00e9c\u00e9dent .<\/p>\n<ul>\n<li>Fonctionnalit\u00e9 de prix et de r\u00e9duction puissants et flexibles pour votre magasin WooCommerce<\/li>\n<li>Cr\u00e9er des rabais en vrac en fonction de la quantit\u00e9 ou du total de chariot<\/li>\n<li>Offrez des rabais pour pourcentage ou des montants fixes pour des produits ou des cat\u00e9gories sp\u00e9cifiques<\/li>\n<li>Planifiez des rabais pour s&rsquo;appliquer automatiquement pendant des p\u00e9riodes sp\u00e9cifiques ou certains jours de la semaine<\/li>\n<li>Configurer des structures de tarification \u00e0 niveau pour diff\u00e9rents groupes de clients ou variations de produits<\/li>\n<li>Contr\u00f4lez quels produits ou cat\u00e9gories sont \u00e9ligibles aux r\u00e9ductions<\/li>\n<li>Choisissez d&rsquo;afficher des informations de r\u00e9duction sur les pages de produits ou dans le panier<\/li>\n<li>Facile \u00e0 utiliser et enti\u00e8rement personnalisable via le panneau de param\u00e8tres WooCommerce<\/li>\n<li>Alimenter les ventes en incitant les clients avec des strat\u00e9gies de prix et de r\u00e9duction cibl\u00e9es<\/li>\n<\/ul>\n","protected":false},"excerpt":{"rendered":"<p>Tarification et remises WooCommerce, un outil incroyablement robuste, se pr\u00e9sente comme un atout inestimable qui s&rsquo;adresse \u00e0 l&rsquo;optimisation des strat\u00e9gies de tarification pour votre boutique en ligne. En mettant en \u0153uvre ce plugin, vous d\u00e9bloquez une pl\u00e9thore de fonctionnalit\u00e9s qui permettent la cr\u00e9ation de r\u00e8gles de tarification dynamique, la fourniture de pourcentage ou des remises de montants fixes, l&rsquo;\u00e9tablissement de l&rsquo;achat One One One One Free Promotions et la mise en \u0153uvre de remises vari\u00e9es en fonction des r\u00f4les du client ou de l&rsquo;historique d&rsquo;achat. De plus, vous avez la capacit\u00e9 de dicter le calendrier de l&rsquo;activation de r\u00e9duction, ainsi que la possibilit\u00e9 de les pr\u00e9senter en bonne place sur les pages de produits ou pendant le processus de paiement. Ce plugin sert de solution ultime pour les propri\u00e9taires de magasins qui aspirent \u00e0 stimuler les ventes, \u00e0 favoriser la fid\u00e9lit\u00e9 des clients et \u00e0 affronter efficacement le paysage du commerce \u00e9lectronique en constante \u00e9volution.<\/p>\n","protected":false},"featured_media":146577,"comment_status":"open","ping_status":"open","template":"","meta":[],"product_brand":[2440],"product_cat":[1200,1182,1181],"product_tag":[1398],"class_list":{"0":"post-130851","1":"product","2":"type-product","3":"status-publish","4":"has-post-thumbnail","6":"product_brand-woocommerce","7":"product_cat-commercialisation","8":"product_cat-commerce-electronique-plugins","9":"product_cat-plugins","10":"product_tag-woocommerce","11":"member-discount","12":"discount-restricted","14":"first","15":"instock","16":"sale","17":"downloadable","18":"virtual","19":"sold-individually","20":"purchasable","21":"product-type-simple"},"_links":{"self":[{"href":"https:\/\/gpl-love.com\/fr\/wp-json\/wp\/v2\/product\/130851","targetHints":{"allow":["GET"]}}],"collection":[{"href":"https:\/\/gpl-love.com\/fr\/wp-json\/wp\/v2\/product"}],"about":[{"href":"https:\/\/gpl-love.com\/fr\/wp-json\/wp\/v2\/types\/product"}],"replies":[{"embeddable":true,"href":"https:\/\/gpl-love.com\/fr\/wp-json\/wp\/v2\/comments?post=130851"}],"wp:featuredmedia":[{"embeddable":true,"href":"https:\/\/gpl-love.com\/fr\/wp-json\/wp\/v2\/media\/146577"}],"wp:attachment":[{"href":"https:\/\/gpl-love.com\/fr\/wp-json\/wp\/v2\/media?parent=130851"}],"wp:term":[{"taxonomy":"product_brand","embeddable":true,"href":"https:\/\/gpl-love.com\/fr\/wp-json\/wp\/v2\/product_brand?post=130851"},{"taxonomy":"product_cat","embeddable":true,"href":"https:\/\/gpl-love.com\/fr\/wp-json\/wp\/v2\/product_cat?post=130851"},{"taxonomy":"product_tag","embeddable":true,"href":"https:\/\/gpl-love.com\/fr\/wp-json\/wp\/v2\/product_tag?post=130851"}],"curies":[{"name":"wp","href":"https:\/\/api.w.org\/{rel}","templated":true}]}}