{"id":130849,"date":"2026-02-06T00:00:00","date_gmt":"2026-02-05T23:00:00","guid":{"rendered":"https:\/\/gpl-love.com\/fr\/produit\/woocommerce-firstdata-payment-gateway\/"},"modified":"2026-03-20T23:56:11","modified_gmt":"2026-03-20T22:56:11","slug":"woocommerce-firstdata-payment-gateway","status":"publish","type":"product","link":"https:\/\/gpl-love.com\/fr\/produit\/woocommerce-firstdata-payment-gateway\/","title":{"rendered":"WooCommerce FirstData Payment Gateway 5.3.2"},"content":{"rendered":"<h3>WooCommerce FirstData Payment Gateway Traits<\/h3>\n<p>La passerelle de paiement WooCommerce FirstData est une solution de paiement qui s&rsquo;est av\u00e9r\u00e9e \u00e0 la fois fiable et s\u00e9curis\u00e9e, r\u00e9pondant aux besoins des entreprises en ligne qui cherchent \u00e0 effectuer des transactions avec facilit\u00e9 et efficacit\u00e9. En int\u00e9grant de mani\u00e8re transparente avec WooCommerce, cette passerelle de paiement permet aux entreprises d&rsquo;accepter facilement diverses m\u00e9thodes de paiement, telles que les cartes de cr\u00e9dit, les cartes de d\u00e9bit et d&rsquo;autres alternatives. Assurant la plus grande s\u00fbret\u00e9 et la s\u00e9curit\u00e9, cette passerelle de paiement int\u00e8gre des fonctionnalit\u00e9s de s\u00e9curit\u00e9 avanc\u00e9es, inculquant la confiance dans les entreprises que leurs transactions resteront prot\u00e9g\u00e9es. De plus, l&rsquo;interface conviviale de la passerelle de paiement WooCommerce FirstData facilite une gestion efficace des transactions, permettant aux entreprises de superviser sans effort les histoires de paiement et de g\u00e9n\u00e9rer des rapports complets. Compte tenu de ses fonctionnalit\u00e9s et de ses capacit\u00e9s, cette passerelle de paiement est un choix optimal pour les entreprises en ligne visant \u00e0 optimiser leurs processus de paiement tout en hi\u00e9rarchisant la fiabilit\u00e9 et la s\u00e9curit\u00e9.<\/p>\n<ul>\n<li>Int\u00e9grez de mani\u00e8re transparente la passerelle de paiement FirstData dans votre boutique WooCommerce<\/li>\n<li>Acceptez facilement les paiements par carte de cr\u00e9dit via FirstData<\/li>\n<li>Assurez les transactions s\u00e9curis\u00e9es et crypt\u00e9es pour vos clients<\/li>\n<li>Fournit un traitement en temps r\u00e9el et une protection contre la fraude<\/li>\n<li>Param\u00e8tres de configuration facile \u00e0 utiliser pour la configuration sans tracas<\/li>\n<li>R\u00e9duisez les taux d&rsquo;abandon de panier avec des options de paiement pratiques<\/li>\n<li>Exp\u00e9rience de paiement enti\u00e8rement personnalisable<\/li>\n<li>Obtenir des informations pr\u00e9cieuses avec des fonctionnalit\u00e9s de rapports et de suivi approfondies<\/li>\n<li>Compatible avec les abonnements WooCommerce pour les entreprises d&rsquo;abonnement<\/li>\n<\/ul>\n","protected":false},"excerpt":{"rendered":"<p>La passerelle de paiement WooCommerce FirstData, une solution exceptionnelle et digne de confiance, pr\u00e9sente un moyen tr\u00e8s fiable et imperm\u00e9able de s&rsquo;adapter et de traiter sans effort les paiements en ligne dans votre magasin WooCommerce estim\u00e9. Remarquablement, ce plugin extraordinaire fusionne parfaitement avec FirstData, une entreprise \u00e9minente et distingu\u00e9e sp\u00e9cialis\u00e9e dans le traitement des paiements, afin de donner \u00e0 votre client\u00e8le estim\u00e9 une \u00e9preuve de paiement rapide et sans tracas. B\u00e9n\u00e9ficiant de fonctionnalit\u00e9s de s\u00e9curit\u00e9 de pointe et de la capacit\u00e9 de mener des transactions en temps r\u00e9el, cette passerelle de paiement remarquable et inestimable garantit une op\u00e9ration impeccablement efficace et transparente de votre entreprise estim\u00e9e, inculquant ainsi au sein de vos clients estim\u00e9s un profond sentiment d&rsquo;assurance et de certitude dans leur achats estim\u00e9s.<\/p>\n","protected":false},"featured_media":146576,"comment_status":"open","ping_status":"open","template":"","meta":[],"product_brand":[2440],"product_cat":[1183,1182,1181],"product_tag":[1398],"class_list":{"0":"post-130849","1":"product","2":"type-product","3":"status-publish","4":"has-post-thumbnail","6":"product_brand-woocommerce","7":"product_cat-administration","8":"product_cat-commerce-electronique-plugins","9":"product_cat-plugins","10":"product_tag-woocommerce","11":"member-discount","12":"discount-restricted","14":"first","15":"instock","16":"sale","17":"downloadable","18":"virtual","19":"sold-individually","20":"purchasable","21":"product-type-simple"},"_links":{"self":[{"href":"https:\/\/gpl-love.com\/fr\/wp-json\/wp\/v2\/product\/130849","targetHints":{"allow":["GET"]}}],"collection":[{"href":"https:\/\/gpl-love.com\/fr\/wp-json\/wp\/v2\/product"}],"about":[{"href":"https:\/\/gpl-love.com\/fr\/wp-json\/wp\/v2\/types\/product"}],"replies":[{"embeddable":true,"href":"https:\/\/gpl-love.com\/fr\/wp-json\/wp\/v2\/comments?post=130849"}],"wp:featuredmedia":[{"embeddable":true,"href":"https:\/\/gpl-love.com\/fr\/wp-json\/wp\/v2\/media\/146576"}],"wp:attachment":[{"href":"https:\/\/gpl-love.com\/fr\/wp-json\/wp\/v2\/media?parent=130849"}],"wp:term":[{"taxonomy":"product_brand","embeddable":true,"href":"https:\/\/gpl-love.com\/fr\/wp-json\/wp\/v2\/product_brand?post=130849"},{"taxonomy":"product_cat","embeddable":true,"href":"https:\/\/gpl-love.com\/fr\/wp-json\/wp\/v2\/product_cat?post=130849"},{"taxonomy":"product_tag","embeddable":true,"href":"https:\/\/gpl-love.com\/fr\/wp-json\/wp\/v2\/product_tag?post=130849"}],"curies":[{"name":"wp","href":"https:\/\/api.w.org\/{rel}","templated":true}]}}