{"id":130847,"date":"2025-10-29T00:00:00","date_gmt":"2025-10-28T23:00:00","guid":{"rendered":"https:\/\/gpl-love.com\/fr\/produit\/woocommerce-advanced-shipping-packages\/"},"modified":"2026-03-20T23:56:10","modified_gmt":"2026-03-20T22:56:10","slug":"woocommerce-advanced-shipping-packages","status":"publish","type":"product","link":"https:\/\/gpl-love.com\/fr\/produit\/woocommerce-advanced-shipping-packages\/","title":{"rendered":"WooCommerce Advanced Shipping Packages 1.2.3"},"content":{"rendered":"<h3>WooCommerce Advanced Shipping Packages Traits<\/h3>\n<p>WooCommerce Advanced Shipping Packages est une extension extr\u00eamement formidable qui permet aux propri\u00e9taires de magasins en ligne la possibilit\u00e9 de fabriquer des forfaits d&rsquo;exp\u00e9dition personnalis\u00e9s pr\u00e9dits sur une pl\u00e9thore de crit\u00e8res, englobant le poids, la quantit\u00e9 et la destination. En vous profitant de cette extension innovante, vous avez la capacit\u00e9 de proposer vos clients ch\u00e9ris avec des options d&rsquo;exp\u00e9dition plus mall\u00e9ables et pr\u00e9cises, tout en \u00e9conomisant du temps et des erreurs d&rsquo;att\u00e9nuation dans votre proc\u00e9dure d&rsquo;exp\u00e9dition. Que vos exigences impliquent de fa\u00e7onner les tarifs d&rsquo;exp\u00e9dition personnalis\u00e9s pour divers produits, zones ou cours d&rsquo;exp\u00e9dition, WooCommerce Advanced Shipping Packages rationalise la configuration et la gestion de vos param\u00e8tres d&rsquo;exp\u00e9dition, en rendant le processus facile. Avec son interface conviviale et ses fonctionnalit\u00e9s de pointe, cette extension est une acquisition indispensable pour tout effort de boutique en ligne pour optimiser ses op\u00e9rations d&rsquo;exp\u00e9dition et engendrer une exp\u00e9rience client plus gratifiante.<\/p>\n<ul>\n<li>Cr\u00e9er des forfaits d&rsquo;exp\u00e9dition personnalisables avec facilit\u00e9<\/li>\n<li>Configurer des r\u00e8gles d&rsquo;exp\u00e9dition complexes sp\u00e9cifiques \u00e0 votre magasin<\/li>\n<li>Int\u00e9grez \u00e0 plusieurs op\u00e9rateurs et m\u00e9thodes d&rsquo;exp\u00e9dition<\/li>\n<li>Augmenter les revenus gr\u00e2ce \u00e0 des strat\u00e9gies d&rsquo;exp\u00e9dition strat\u00e9giques<\/li>\n<li>R\u00e9duire les frais d&rsquo;exp\u00e9dition gr\u00e2ce \u00e0 des calculs avanc\u00e9s des forfaits<\/li>\n<li>Simplifier la gestion de l&rsquo;exp\u00e9dition avec une interface intuitive<\/li>\n<li>Offrir aux clients plusieurs options de livraison en fonction du poids, de l&#8217;emplacement, etc.<\/li>\n<li>Appliquer automatiquement des r\u00e9ductions d&rsquo;exp\u00e9dition et des promotions<\/li>\n<li>Assurer des calculs pr\u00e9cis d&rsquo;imp\u00f4t et de droits pour l&rsquo;exp\u00e9dition internationale<\/li>\n<li>Alimenter la satisfaction du client avec les options d&rsquo;exp\u00e9dition transparentes et flexibles<\/li>\n<\/ul>\n","protected":false},"excerpt":{"rendered":"<p>WooCommerce Advanced Shipping Packages se pr\u00e9sente comme une extension d&rsquo;exp\u00e9dition tr\u00e8s puissante, vous accordant la possibilit\u00e9 de fabriquer et d&rsquo;administrer des forfaits d&rsquo;exp\u00e9dition sur mesure dans les limites de votre boutique WooCommerce. Avec son assortiment de fonctionnalit\u00e9s avanc\u00e9es englobant l&rsquo;exp\u00e9dition d\u00e9pendante du poids, les prix \u00e0 plusieurs niveaux et l&rsquo;exp\u00e9dition d\u00e9pendante de la zone, vous serez en mesure de pr\u00e9senter votre client\u00e8le estim\u00e9e avec une gamme \u00e9tendue d&rsquo;alternatives d&rsquo;exp\u00e9dition tout en simplifiant et en acc\u00e9l\u00e9rant simultan\u00e9ment votre proc\u00e9dure d&rsquo;exp\u00e9dition globale. De plus, son interface conviviale et son processus de configuration simple vous permettra de commencer \u00e0 utiliser cet outil remarquable en quelques instants. Passez pas de temps et \u00e9levez vos capacit\u00e9s d&rsquo;exp\u00e9dition \u00e0 des hauteurs sans pr\u00e9c\u00e9dent en acqu\u00e9rant rapidement les forfaits d&rsquo;exp\u00e9dition avanc\u00e9s WooCommerce sans d\u00e9lai.<\/p>\n","protected":false},"featured_media":146575,"comment_status":"open","ping_status":"open","template":"","meta":[],"product_brand":[2440],"product_cat":[1183,1182,1181],"product_tag":[1398],"class_list":{"0":"post-130847","1":"product","2":"type-product","3":"status-publish","4":"has-post-thumbnail","6":"product_brand-woocommerce","7":"product_cat-administration","8":"product_cat-commerce-electronique-plugins","9":"product_cat-plugins","10":"product_tag-woocommerce","11":"member-discount","12":"discount-restricted","14":"first","15":"instock","16":"sale","17":"downloadable","18":"virtual","19":"sold-individually","20":"purchasable","21":"product-type-simple"},"_links":{"self":[{"href":"https:\/\/gpl-love.com\/fr\/wp-json\/wp\/v2\/product\/130847","targetHints":{"allow":["GET"]}}],"collection":[{"href":"https:\/\/gpl-love.com\/fr\/wp-json\/wp\/v2\/product"}],"about":[{"href":"https:\/\/gpl-love.com\/fr\/wp-json\/wp\/v2\/types\/product"}],"replies":[{"embeddable":true,"href":"https:\/\/gpl-love.com\/fr\/wp-json\/wp\/v2\/comments?post=130847"}],"wp:featuredmedia":[{"embeddable":true,"href":"https:\/\/gpl-love.com\/fr\/wp-json\/wp\/v2\/media\/146575"}],"wp:attachment":[{"href":"https:\/\/gpl-love.com\/fr\/wp-json\/wp\/v2\/media?parent=130847"}],"wp:term":[{"taxonomy":"product_brand","embeddable":true,"href":"https:\/\/gpl-love.com\/fr\/wp-json\/wp\/v2\/product_brand?post=130847"},{"taxonomy":"product_cat","embeddable":true,"href":"https:\/\/gpl-love.com\/fr\/wp-json\/wp\/v2\/product_cat?post=130847"},{"taxonomy":"product_tag","embeddable":true,"href":"https:\/\/gpl-love.com\/fr\/wp-json\/wp\/v2\/product_tag?post=130847"}],"curies":[{"name":"wp","href":"https:\/\/api.w.org\/{rel}","templated":true}]}}