{"id":130845,"date":"2026-03-18T00:00:00","date_gmt":"2026-03-17T23:00:00","guid":{"rendered":"https:\/\/gpl-love.com\/fr\/produit\/custom-start-date-pour-woocommerce-subscriptions\/"},"modified":"2026-03-30T18:30:55","modified_gmt":"2026-03-30T16:30:55","slug":"custom-start-date-pour-woocommerce-subscriptions","status":"publish","type":"product","link":"https:\/\/gpl-love.com\/fr\/produit\/custom-start-date-pour-woocommerce-subscriptions\/","title":{"rendered":"Custom Start Date pour WooCommerce Subscriptions 1.6.0"},"content":{"rendered":"<h3>Custom Start Date pour WooCommerce Subscriptions Traits<\/h3>\n<p>La date de d\u00e9but personnalis\u00e9e pour le plugin d&rsquo;abonnements WooCommerce est un outil incroyablement robuste et efficace qui permet aux propri\u00e9taires de magasins WooCommerce la possibilit\u00e9 de cr\u00e9er et de mettre en \u0153uvre sans effort des plans d&rsquo;abonnement personnalis\u00e9s pour leurs clients estim\u00e9s. Avec ce plugin tr\u00e8s innovant, les propri\u00e9taires de magasins ont la capacit\u00e9 remarquable d&rsquo;\u00e9tablir une date de d\u00e9but sp\u00e9cifique pour ces abonnements, divergeant \u00e0 partir de la date d&rsquo;achat souvent pr\u00e9visible. Cette caract\u00e9ristique remarquable est particuli\u00e8rement avantageuse pour les entreprises qui offrent des services d&rsquo;abonnement qui poss\u00e8dent des dates de livraison rigides ou pour les entit\u00e9s entrepreneuriales qui souhaitent ardemment accorder \u00e0 leurs pr\u00e9cieux clients un niveau am\u00e9lior\u00e9 d&rsquo;adaptabilit\u00e9 et de flexibilit\u00e9 concernant l&rsquo;initiation de leurs plans d&rsquo;abonnement respectifs. En exploitant la puissance formidable de la date de d\u00e9but personnalis\u00e9e pour le plugin d&rsquo;abonnements WooCommerce, ces propri\u00e9taires de magasins astucieux ont la possibilit\u00e9 de fournir \u00e0 leur client\u00e8le estim\u00e9 une exp\u00e9rience d&rsquo;abonnement beaucoup plus individualis\u00e9e et sur mesure, entra\u00eenant ainsi une augmentation exponentielle de la satisfaction et de l&rsquo;appr\u00e9ciation des clients.<\/p>\n<ul>\n<li>Permet aux clients de s\u00e9lectionner une date de d\u00e9but sp\u00e9cifique pour leur abonnement WooCommerce<\/li>\n<li>Offre une plus grande flexibilit\u00e9 aux clients dans la gestion de leurs abonnements<\/li>\n<li>Facile \u00e0 utiliser et \u00e0 int\u00e9grer avec les abonnements WooCommerce existants<\/li>\n<li>Plage de dates personnalisable pour que les clients puissent choisir<\/li>\n<li>Am\u00e9lioration de la satisfaction du client en offrant plus de contr\u00f4le sur les dates de d\u00e9marrage de l&rsquo;abonnement<\/li>\n<li>Gave le temps et r\u00e9duit les demandes de service \u00e0 la client\u00e8le pour les entreprises<\/li>\n<li>Compatible avec WordPress et d&rsquo;autres plugins WooCommerce.<\/li>\n<\/ul>\n","protected":false},"excerpt":{"rendered":"<p>La date de d\u00e9but personnalis\u00e9e du plugin d&rsquo;abonnements WooCommerce vous offre la possibilit\u00e9 d&rsquo;exercer un contr\u00f4le pr\u00e9cis sur le d\u00e9but des abonnements de vos clients. En tirant parti de cet outil robuste, vous \u00eates autoris\u00e9 \u00e0 \u00e9tablir une date de d\u00e9but distincte et personnalis\u00e9e pour chaque abonnement individuel, vous accordant ainsi une flexibilit\u00e9 am\u00e9lior\u00e9e et un niveau de commande \u00e9lev\u00e9 sur votre entreprise bas\u00e9e sur l&rsquo;abonnement. Si vous avez besoin de reporter l&rsquo;initiation d&rsquo;un abonnement ou de d\u00e9sirer harmoniser les dates de d\u00e9but de plusieurs abonnements parmi les clients diversifi\u00e9s, ce plugin facilite de mani\u00e8re transparente ces actions, garantissant une exp\u00e9rience sans tracas et conviviale. Avec un processus d&rsquo;installation et de configuration simple, vous pouvez rapidement vous engager dans la r\u00e9colte des avantages de collecteur qui ont des dates de d\u00e9marrage personnalis\u00e9es pour les abonnements WooCommerce conf\u00e9rer \u00e0 votre entreprise.<\/p>\n","protected":false},"featured_media":146574,"comment_status":"open","ping_status":"open","template":"","meta":[],"product_brand":[2440],"product_cat":[1183,1182,1181],"product_tag":[1398],"class_list":{"0":"post-130845","1":"product","2":"type-product","3":"status-publish","4":"has-post-thumbnail","6":"product_brand-woocommerce","7":"product_cat-administration","8":"product_cat-commerce-electronique-plugins","9":"product_cat-plugins","10":"product_tag-woocommerce","11":"member-discount","12":"discount-restricted","14":"first","15":"instock","16":"sale","17":"downloadable","18":"virtual","19":"sold-individually","20":"purchasable","21":"product-type-simple"},"_links":{"self":[{"href":"https:\/\/gpl-love.com\/fr\/wp-json\/wp\/v2\/product\/130845","targetHints":{"allow":["GET"]}}],"collection":[{"href":"https:\/\/gpl-love.com\/fr\/wp-json\/wp\/v2\/product"}],"about":[{"href":"https:\/\/gpl-love.com\/fr\/wp-json\/wp\/v2\/types\/product"}],"replies":[{"embeddable":true,"href":"https:\/\/gpl-love.com\/fr\/wp-json\/wp\/v2\/comments?post=130845"}],"wp:featuredmedia":[{"embeddable":true,"href":"https:\/\/gpl-love.com\/fr\/wp-json\/wp\/v2\/media\/146574"}],"wp:attachment":[{"href":"https:\/\/gpl-love.com\/fr\/wp-json\/wp\/v2\/media?parent=130845"}],"wp:term":[{"taxonomy":"product_brand","embeddable":true,"href":"https:\/\/gpl-love.com\/fr\/wp-json\/wp\/v2\/product_brand?post=130845"},{"taxonomy":"product_cat","embeddable":true,"href":"https:\/\/gpl-love.com\/fr\/wp-json\/wp\/v2\/product_cat?post=130845"},{"taxonomy":"product_tag","embeddable":true,"href":"https:\/\/gpl-love.com\/fr\/wp-json\/wp\/v2\/product_tag?post=130845"}],"curies":[{"name":"wp","href":"https:\/\/api.w.org\/{rel}","templated":true}]}}