{"id":130809,"date":"2025-11-06T00:00:00","date_gmt":"2025-11-05T23:00:00","guid":{"rendered":"https:\/\/gpl-love.com\/fr\/produit\/easy-digital-downloads-free-downloads\/"},"modified":"2026-03-20T23:56:07","modified_gmt":"2026-03-20T22:56:07","slug":"easy-digital-downloads-free-downloads","status":"publish","type":"product","link":"https:\/\/gpl-love.com\/fr\/produit\/easy-digital-downloads-free-downloads\/","title":{"rendered":"Easy Digital Downloads Free Downloads 2.4.0"},"content":{"rendered":"<h3>Easy Digital Downloads Free Downloads Traits<\/h3>\n<p>T\u00e9l\u00e9chargements num\u00e9riques Easy Digital T\u00e9l\u00e9chargements gratuits est un outil incroyablement puissant et tr\u00e8s efficace qui donne aux utilisateurs la possibilit\u00e9 d&rsquo;offrir sans effort des fichiers gratuits \u00e0 leur public. Ce produit remarquable est tout simplement id\u00e9al pour les personnes qui souhaitent fournir un \u00e9chantillon gratuit de leurs produits num\u00e9riques exceptionnels ou pour ceux qui aspirent \u00e0 prolonger une offre gratuite \u00e0 leurs pr\u00e9cieux clients. Gr\u00e2ce \u00e0 des t\u00e9l\u00e9chargements num\u00e9riques faciles, les utilisateurs ont la capacit\u00e9 remarquable d&rsquo;\u00e9tablir sans effort une page de t\u00e9l\u00e9chargement qui poss\u00e8de une pl\u00e9thore de fonctionnalit\u00e9s personnalisables, y compris un bouton de t\u00e9l\u00e9chargement tr\u00e8s pratique, une description de produit informative et m\u00eame un formulaire facultatif pour collecter les adresses e-mail. La beaut\u00e9 ind\u00e9niable de ce produit r\u00e9side dans sa remarquable convivialit\u00e9 des utilisateurs et son manque total d&rsquo;exigences de codage, garantissant que les individus de divers horizons et niveaux de comp\u00e9tence peuvent l&rsquo;utiliser sans effort. De plus, il convient de noter que les t\u00e9l\u00e9chargements num\u00e9riques faciles \u00e0 t\u00e9l\u00e9charger gratuitement s&rsquo;int\u00e8grent de mani\u00e8re transparente avec toutes les plateformes de marketing par e-mail les plus populaires, permettant ainsi aux entreprises d&rsquo;\u00e9tendre organiquement leurs listes de diffusion et de rester efficacement connect\u00e9es avec leur client\u00e8le ch\u00e9ri. En substance, il devient \u00e9vident que les t\u00e9l\u00e9chargements num\u00e9riques faciles \u00e0 t\u00e9l\u00e9charger gratuitement sont une n\u00e9cessit\u00e9 absolue pour toute entreprise qui s&rsquo;engage \u00e0 fournir \u00e0 leur public des produits num\u00e9riques compl\u00e9mentaires tout en s&rsquo;effor\u00e7ant simultan\u00e9ment d&rsquo;\u00e9tendre et de solidifier leur client\u00e8le.<\/p>\n<ul>\n<li>Permet aux utilisateurs d&rsquo;offrir des t\u00e9l\u00e9chargements num\u00e9riques gratuits sur leur site Web<\/li>\n<li>Simple \u00e0 installer et \u00e0 configurer<\/li>\n<li>Compatible avec une vari\u00e9t\u00e9 de th\u00e8mes WordPress<\/li>\n<li>Prend en charge plusieurs langues et devises<\/li>\n<li>Permet la personnalisation des liens de t\u00e9l\u00e9chargement et des notifications par e-mail<\/li>\n<li>Tracks T\u00e9l\u00e9chargez l&rsquo;analyse et les donn\u00e9es utilisateur<\/li>\n<li>S&rsquo;int\u00e8gre aux passerelles de paiement populaires pour les opportunit\u00e9s de vense inverse<\/li>\n<li>Offre des modules compl\u00e9mentaires en option pour encore plus de fonctionnalit\u00e9s<\/li>\n<li>Offre une documentation compl\u00e8te et le soutien de l&rsquo;\u00e9quipe Easy Digital Downloads.<\/li>\n<\/ul>\n","protected":false},"excerpt":{"rendered":"<p>T\u00e9l\u00e9chargements num\u00e9riques Easy Digital T\u00e9l\u00e9chargements gratuits est un outil incroyablement robuste et formidable qui permet aux entreprises d&rsquo;offrir sans effort des produits num\u00e9riques compl\u00e9mentaires \u00e0 leurs pr\u00e9cieux clients. En utilisant ce plugin remarquable, vous avez la possibilit\u00e9 de g\u00e9n\u00e9rer et de superviser sans effort des produits compl\u00e9mentaires, tout en vous assurant que vos clients estim\u00e9s jouissent d&rsquo;une exp\u00e9rience de t\u00e9l\u00e9chargement sans couture et sans tracas. Cet outil ph\u00e9nom\u00e9nal et indispensable est absolument parfait pour toute entreprise qui aspire \u00e0 construire et \u00e0 renforcer sa client\u00e8le, \u00e0 intensifier l&rsquo;engagement client et \u00e0 augmenter consid\u00e9rablement le trafic vers son site Web estim\u00e9. Pourquoi ne pas vous lancer dans un voyage transformateur aujourd&rsquo;hui en adoptant cet outil exquis et en assister \u00e0 votre entreprise florissante atteindre de nouveaux sommets de prosp\u00e9rit\u00e9 et de succ\u00e8s!<\/p>\n","protected":false},"featured_media":146573,"comment_status":"open","ping_status":"open","template":"","meta":[],"product_brand":[2523],"product_cat":[1182,1223,1181],"product_tag":[1255],"class_list":{"0":"post-130809","1":"product","2":"type-product","3":"status-publish","4":"has-post-thumbnail","6":"product_brand-easy-digital-downloads","7":"product_cat-commerce-electronique-plugins","8":"product_cat-personnalisation-commerce-electronique-plugins","9":"product_cat-plugins","10":"product_tag-easy-digital-downloads","11":"member-discount","12":"discount-restricted","14":"first","15":"instock","16":"sale","17":"downloadable","18":"virtual","19":"sold-individually","20":"purchasable","21":"product-type-simple"},"_links":{"self":[{"href":"https:\/\/gpl-love.com\/fr\/wp-json\/wp\/v2\/product\/130809","targetHints":{"allow":["GET"]}}],"collection":[{"href":"https:\/\/gpl-love.com\/fr\/wp-json\/wp\/v2\/product"}],"about":[{"href":"https:\/\/gpl-love.com\/fr\/wp-json\/wp\/v2\/types\/product"}],"replies":[{"embeddable":true,"href":"https:\/\/gpl-love.com\/fr\/wp-json\/wp\/v2\/comments?post=130809"}],"wp:featuredmedia":[{"embeddable":true,"href":"https:\/\/gpl-love.com\/fr\/wp-json\/wp\/v2\/media\/146573"}],"wp:attachment":[{"href":"https:\/\/gpl-love.com\/fr\/wp-json\/wp\/v2\/media?parent=130809"}],"wp:term":[{"taxonomy":"product_brand","embeddable":true,"href":"https:\/\/gpl-love.com\/fr\/wp-json\/wp\/v2\/product_brand?post=130809"},{"taxonomy":"product_cat","embeddable":true,"href":"https:\/\/gpl-love.com\/fr\/wp-json\/wp\/v2\/product_cat?post=130809"},{"taxonomy":"product_tag","embeddable":true,"href":"https:\/\/gpl-love.com\/fr\/wp-json\/wp\/v2\/product_tag?post=130809"}],"curies":[{"name":"wp","href":"https:\/\/api.w.org\/{rel}","templated":true}]}}