{"id":130806,"date":"2026-03-21T00:00:00","date_gmt":"2026-03-20T23:00:00","guid":{"rendered":"https:\/\/gpl-love.com\/fr\/produit\/cost-et-reports-pour-woocommerce\/"},"modified":"2026-03-21T23:32:28","modified_gmt":"2026-03-21T22:32:28","slug":"cost-et-reports-pour-woocommerce","status":"publish","type":"product","link":"https:\/\/gpl-love.com\/fr\/produit\/cost-et-reports-pour-woocommerce\/","title":{"rendered":"Cost et Reports pour WooCommerce 3.6.3"},"content":{"rendered":"<h3>Cost et Reports pour WooCommerce Traits<\/h3>\n<p>Le co\u00fbt et les rapports pour le plugin WooCommerce, une solution incroyablement efficace et tr\u00e8s efficace, pr\u00e9sente aux entreprises une opportunit\u00e9 ph\u00e9nom\u00e9nale de g\u00e9rer efficacement et de mani\u00e8re transparente leurs exigences de co\u00fbt et de rapport. Gr\u00e2ce \u00e0 son interface remarquablement conviviale, ce plugin qui change la donne permet aux utilisateurs de surveiller et d&rsquo;\u00e9valuer sans effort chaque facette de la structure des co\u00fbts de leur magasin WooCommerce, englobant le co\u00fbt des produits, le co\u00fbt d&rsquo;exp\u00e9dition et le co\u00fbt fiscal. De plus, le syst\u00e8me de rapports global, qui est vraiment in\u00e9gal\u00e9 dans sa profondeur et sa largeur, fournit aux utilisateurs des id\u00e9es m\u00e9ticuleusement d\u00e9taill\u00e9es concernant les chiffres de vente, les marges b\u00e9n\u00e9ficiaires et un \u00e9ventail d&rsquo;autres m\u00e9triques pivots, leur permettant ainsi de faire astucieux et bien Des d\u00e9cisions \u00e9clair\u00e9es tout en optimisant simultan\u00e9ment leurs processus op\u00e9rationnels. En substance, il est ind\u00e9niable que ce plugin constitue un outil indispensable et absolument vital pour toute entreprise cherchant \u00e0 rationaliser ses co\u00fbts et \u00e0 rapporter des flux de travail, optimisant ainsi leur rentabilit\u00e9 dans la mesure maximale absolue possible.<\/p>\n<ul>\n<li>Suivi des co\u00fbts en temps r\u00e9el pour tous vos produits WooCommerce<\/li>\n<li>Rapports d\u00e9taill\u00e9s avec les donn\u00e9es de vente et de co\u00fbt<\/li>\n<li>Interface facile \u00e0 utiliser pour g\u00e9rer les co\u00fbts et les marges b\u00e9n\u00e9ficiaires<\/li>\n<li>Calculer automatiquement les marges b\u00e9n\u00e9ficiaires en fonction des co\u00fbts et des prix de vente<\/li>\n<li>Variables de co\u00fbt de piste, y compris le co\u00fbt des marchandises vendues et les frais d&rsquo;exp\u00e9dition<\/li>\n<li>G\u00e9n\u00e9rer des rapports par produit, cat\u00e9gorie ou p\u00e9riode<\/li>\n<li>Analyser la rentabilit\u00e9 et identifier les domaines d&rsquo;am\u00e9lioration<\/li>\n<li>Int\u00e9grez \u00e0 votre magasin WooCommerce existant de mani\u00e8re transparente<\/li>\n<li>Am\u00e9lioration du suivi et de l&rsquo;analyse des donn\u00e9es pour une meilleure prise de d\u00e9cision<\/li>\n<li>Prix \u200b\u200babordable sans frais de transaction ou co\u00fbts cach\u00e9s.<\/li>\n<\/ul>\n","protected":false},"excerpt":{"rendered":"<p>Le co\u00fbt et les rapports pour le plugin WooCommerce sont un outil indispensable qui simplifie consid\u00e9rablement la gestion financi\u00e8re de votre boutique WooCommerce. En utilisant ce plugin, vous avez la possibilit\u00e9 de surveiller et de suivre sans effort divers aspects des finances de votre magasin telles que les ventes, les revenus, les taxes, les d\u00e9penses et les b\u00e9n\u00e9fices. Il est r\u00e9volu le temps de passer d&rsquo;innombrables heures \u00e0 calculer manuellement les rapports de b\u00e9n\u00e9fices et de pertes, car ce plugin g\u00e9n\u00e8re facilement des rapports pr\u00e9cis. De plus, il vous permet m\u00eame de calculer le co\u00fbt des marchandises vendues, vous permettant de prendre des d\u00e9cisions bien inform\u00e9es concernant les prix, les promotions et les remises. En substance, le co\u00fbt et les rapports pour le plugin WooCommerce sont une n\u00e9cessit\u00e9 absolue pour tout propri\u00e9taire de magasin WooCommerce cherchant \u00e0 surveiller efficacement le bien-\u00eatre financier de leur entreprise en temps r\u00e9el.<\/p>\n","protected":false},"featured_media":146571,"comment_status":"open","ping_status":"open","template":"","meta":[],"product_brand":[2440],"product_cat":[1183,1182,1181],"product_tag":[1398],"class_list":{"0":"post-130806","1":"product","2":"type-product","3":"status-publish","4":"has-post-thumbnail","6":"product_brand-woocommerce","7":"product_cat-administration","8":"product_cat-commerce-electronique-plugins","9":"product_cat-plugins","10":"product_tag-woocommerce","11":"member-discount","12":"discount-restricted","14":"first","15":"instock","16":"sale","17":"downloadable","18":"virtual","19":"sold-individually","20":"purchasable","21":"product-type-simple"},"_links":{"self":[{"href":"https:\/\/gpl-love.com\/fr\/wp-json\/wp\/v2\/product\/130806","targetHints":{"allow":["GET"]}}],"collection":[{"href":"https:\/\/gpl-love.com\/fr\/wp-json\/wp\/v2\/product"}],"about":[{"href":"https:\/\/gpl-love.com\/fr\/wp-json\/wp\/v2\/types\/product"}],"replies":[{"embeddable":true,"href":"https:\/\/gpl-love.com\/fr\/wp-json\/wp\/v2\/comments?post=130806"}],"wp:featuredmedia":[{"embeddable":true,"href":"https:\/\/gpl-love.com\/fr\/wp-json\/wp\/v2\/media\/146571"}],"wp:attachment":[{"href":"https:\/\/gpl-love.com\/fr\/wp-json\/wp\/v2\/media?parent=130806"}],"wp:term":[{"taxonomy":"product_brand","embeddable":true,"href":"https:\/\/gpl-love.com\/fr\/wp-json\/wp\/v2\/product_brand?post=130806"},{"taxonomy":"product_cat","embeddable":true,"href":"https:\/\/gpl-love.com\/fr\/wp-json\/wp\/v2\/product_cat?post=130806"},{"taxonomy":"product_tag","embeddable":true,"href":"https:\/\/gpl-love.com\/fr\/wp-json\/wp\/v2\/product_tag?post=130806"}],"curies":[{"name":"wp","href":"https:\/\/api.w.org\/{rel}","templated":true}]}}