{"id":130805,"date":"2025-11-06T00:00:00","date_gmt":"2025-11-05T23:00:00","guid":{"rendered":"https:\/\/gpl-love.com\/fr\/produit\/fooevents-bookings\/"},"modified":"2026-04-10T18:36:44","modified_gmt":"2026-04-10T16:36:44","slug":"fooevents-bookings","status":"publish","type":"product","link":"https:\/\/gpl-love.com\/fr\/produit\/fooevents-bookings\/","title":{"rendered":"FooEvents Bookings 1.8.6"},"content":{"rendered":"<h3>FooEvents Bookings Traits<\/h3>\n<p>Fooevents Bookings est une solution pleinement englobante pour la gestion des \u00e9v\u00e9nements, con\u00e7ue pour vous permettre de g\u00e9rer efficacement tous les aspects de vos r\u00e9servations d&rsquo;\u00e9v\u00e9nements. Cet outil vous permet de g\u00e9n\u00e9rer et de superviser sans effort les \u00e9v\u00e9nements, \u00e0 faciliter les ventes de billets, ainsi qu&rsquo;\u00e0 surveiller la fr\u00e9quentation. Le logiciel poss\u00e8de une interface conviviale et propose des options de personnalisation approfondies, vous permettant de l&rsquo;adapter pr\u00e9cis\u00e9ment aux exigences uniques de votre \u00e9v\u00e9nement. De plus, il s&rsquo;int\u00e8gre parfaitement aux passerelles de paiement populaires et prend en charge plusieurs langues et devises. Que vous organisiez un rassemblement modeste ou une grande conf\u00e9rence, les r\u00e9servations FoOevents se tiennent sur le point de rationaliser vos op\u00e9rations et de fournir \u00e0 vos participants une exp\u00e9rience de r\u00e9servation superlative.<\/p>\n<ul>\n<li>Solution de r\u00e9servation en ligne pour les \u00e9v\u00e9nements<\/li>\n<li>S&rsquo;int\u00e8gre aux sites Web WordPress<\/li>\n<li>Formulaires de r\u00e9servation personnalisables et options de billets<\/li>\n<li>Traitement des paiements s\u00e9curis\u00e9s<\/li>\n<li>Disponibilit\u00e9 en temps r\u00e9el et confirmation de r\u00e9servation<\/li>\n<li>Notifications et rappels automatis\u00e9s par e-mail<\/li>\n<li>Tableau de bord backend convivial pour g\u00e9rer les r\u00e9servations et les participants<\/li>\n<li>Prise en charge de plusieurs devises et langues<\/li>\n<li>Options de tarification flexibles, y compris les remises des l\u00e8ve-t\u00f4t et des groupes<\/li>\n<li>Outils complets de reportage et d&rsquo;analyse<\/li>\n<\/ul>\n","protected":false},"excerpt":{"rendered":"<p>Fooevents Bookings est un logiciel de gestion de r\u00e9servation tr\u00e8s efficace et remarquablement convivial qui a \u00e9t\u00e9 soigneusement con\u00e7u pour r\u00e9pondre aux besoins et aux exigences des organisateurs d&rsquo;\u00e9v\u00e9nements, des lieux et de diverses autres entreprises. En utilisant ce logiciel exceptionnel, vous pourrez g\u00e9rer et surveiller sans effort vos r\u00e9servations, paiements et donn\u00e9es clients, le tout \u00e0 partir d&rsquo;un emplacement centralis\u00e9. De plus, les r\u00e9servations FOOEVENTS offrent \u00e9galement la commodit\u00e9 de formulaires de r\u00e9servation en ligne personnalisables, de notifications par e-mail automatis\u00e9es et d&rsquo;int\u00e9gration transparente avec des passerelles de paiement populaires telles que PayPal et Stripe. Que vous organisiez un \u00e9v\u00e9nement modeste ou une conf\u00e9rence approfondie, vous pouvez compter en toute confiance des r\u00e9servations FOOEVENTS pour rationaliser votre processus de r\u00e9servation complet tout en am\u00e9liorant simultan\u00e9ment l&rsquo;exp\u00e9rience globale de vos clients estim\u00e9s.<\/p>\n","protected":false},"featured_media":144999,"comment_status":"open","ping_status":"open","template":"","meta":[],"product_brand":[2554],"product_cat":[1189,1181,1186],"product_tag":[2253],"class_list":{"0":"post-130805","1":"product","2":"type-product","3":"status-publish","4":"has-post-thumbnail","6":"product_brand-fooevents","7":"product_cat-personnalisation","8":"product_cat-plugins","9":"product_cat-wordpress-plugins","10":"product_tag-fooevents","11":"member-discount","12":"discount-restricted","14":"first","15":"instock","16":"sale","17":"downloadable","18":"virtual","19":"sold-individually","20":"purchasable","21":"product-type-simple"},"_links":{"self":[{"href":"https:\/\/gpl-love.com\/fr\/wp-json\/wp\/v2\/product\/130805","targetHints":{"allow":["GET"]}}],"collection":[{"href":"https:\/\/gpl-love.com\/fr\/wp-json\/wp\/v2\/product"}],"about":[{"href":"https:\/\/gpl-love.com\/fr\/wp-json\/wp\/v2\/types\/product"}],"replies":[{"embeddable":true,"href":"https:\/\/gpl-love.com\/fr\/wp-json\/wp\/v2\/comments?post=130805"}],"wp:featuredmedia":[{"embeddable":true,"href":"https:\/\/gpl-love.com\/fr\/wp-json\/wp\/v2\/media\/144999"}],"wp:attachment":[{"href":"https:\/\/gpl-love.com\/fr\/wp-json\/wp\/v2\/media?parent=130805"}],"wp:term":[{"taxonomy":"product_brand","embeddable":true,"href":"https:\/\/gpl-love.com\/fr\/wp-json\/wp\/v2\/product_brand?post=130805"},{"taxonomy":"product_cat","embeddable":true,"href":"https:\/\/gpl-love.com\/fr\/wp-json\/wp\/v2\/product_cat?post=130805"},{"taxonomy":"product_tag","embeddable":true,"href":"https:\/\/gpl-love.com\/fr\/wp-json\/wp\/v2\/product_tag?post=130805"}],"curies":[{"name":"wp","href":"https:\/\/api.w.org\/{rel}","templated":true}]}}