{"id":130300,"date":"2025-07-13T00:00:00","date_gmt":"2025-07-12T22:00:00","guid":{"rendered":"https:\/\/gpl-love.com\/fr\/produit\/yaymail-yith-wishlist-2\/"},"modified":"2026-03-20T23:56:03","modified_gmt":"2026-03-20T22:56:03","slug":"yaymail-yith-wishlist-2","status":"publish","type":"product","link":"https:\/\/gpl-love.com\/fr\/produit\/yaymail-yith-wishlist-2\/","title":{"rendered":"YayMail Yith Wishlist 4.7.0"},"content":{"rendered":"<h3>YayMail Yith Wishlist Traits<\/h3>\n<p>Yaymail Yith Wishlist est un outil tr\u00e8s robuste et efficace qui accorde la capacit\u00e9 aux entreprises en ligne de concevoir et de g\u00e9rer ing\u00e9nieusement et de g\u00e9rer de mani\u00e8re d\u00e9licate les listes de souhaits pour leur client\u00e8le estim\u00e9e. Gr\u00e2ce \u00e0 l&rsquo;utilisation de la liste de souhaits de Yaymail Yith, les clients sont autoris\u00e9s \u00e0 ajouter de mani\u00e8re transparente les produits souhait\u00e9s \u00e0 leur liste de souhaits m\u00e9ticuleusement organis\u00e9e, qu&rsquo;ils peuvent par la suite diffuser sans effort parmi leurs compagnons ch\u00e9ris et leurs proches. Cet outil ing\u00e9nieux profite \u00e0 une myriade de fonctionnalit\u00e9s saillantes, englobant des notifications par e-mail tr\u00e8s pratiques, des recommandations de produits all\u00e9chantes et des analyses extr\u00eamement avanc\u00e9es, qui fonctionnent tous en tandem parfait pour faciliter une compr\u00e9hension compl\u00e8te des pr\u00e9dictions des clients et ainsi augmenter les m\u00e9triques de vente. De plus, il est primordial de noter que cet outil efficace s&rsquo;int\u00e8gre de mani\u00e8re transparente \u00e0 de nombreuses plateformes de commerce \u00e9lectronique pr\u00e9\u00e9minentes telles que WooCommerce et Magento, \u00e9vitant ainsi toute complication potentielle de la fusion avec votre \u00e9tablissement de vente au d\u00e9tail en ligne pr\u00e9existant. Par cons\u00e9quent, gr\u00e2ce \u00e0 l&rsquo;utilisation de la liste de souhaits de Yaymail Yith, les entreprises sont bien \u00e9quip\u00e9es pour offrir une exp\u00e9rience client superlative et in\u00e9gal\u00e9e, favorisent des niveaux d&rsquo;engagement accrus parmi leur client\u00e8le estim\u00e9e et, finalement, justifier une augmentation exponentielle de leurs sources de revenus nascentes.<\/p>\n<ul>\n<li>Permet aux clients d&rsquo;ajouter des produits \u00e0 une liste de souhaits sur votre site Web<\/li>\n<li>Permet aux clients de partager leur liste de souhaits avec des amis et de la famille pour des id\u00e9es de cadeaux<\/li>\n<li>Aide \u00e0 accro\u00eetre l&rsquo;engagement et la r\u00e9tention des clients sur votre site Web<\/li>\n<li>Fournit des informations pr\u00e9cieuses sur les pr\u00e9f\u00e9rences et les int\u00e9r\u00eats des clients pour les efforts de marketing cibl\u00e9s<\/li>\n<li>Peut \u00eatre facilement int\u00e9gr\u00e9 \u00e0 votre plate-forme de commerce \u00e9lectronique existante pour une exp\u00e9rience client transparente<\/li>\n<li>Fournit une interface utilisateur simple et intuitive pour les clients et les administrateurs<\/li>\n<li>Offre des options et des param\u00e8tres personnalisables pour r\u00e9pondre \u00e0 vos besoins commerciaux sp\u00e9cifiques<\/li>\n<li>Aide \u00e0 am\u00e9liorer les taux de conversion en rappelant aux clients leurs articles \u00e9conomis\u00e9s et en les encourageant \u00e0 terminer leur achat<\/li>\n<li>Fournit des analyses d\u00e9taill\u00e9es et des rapports pour suivre le comportement des clients et l&rsquo;activit\u00e9 de liste de souhaits<\/li>\n<li>Offre un excellent support client et des mises \u00e0 jour r\u00e9guli\u00e8res pour assurer les performances optimales du plugin.<\/li>\n<\/ul>\n","protected":false},"excerpt":{"rendered":"<p>La liste de souhaits Yaymail Yith, un outil incroyablement impressionnant, m\u00e9ticuleusement con\u00e7u pour am\u00e9liorer la commodit\u00e9 des achats en ligne, s&rsquo;av\u00e8re \u00eatre un atout inestimable. En se pr\u00e9voyant de cette fonctionnalit\u00e9 remarquable, les clients poss\u00e8dent la capacit\u00e9 de compiler sans effort une liste de souhaits compl\u00e8te de leurs produits souhait\u00e9s, facilitant ainsi la facilit\u00e9 avec laquelle ils peuvent par la suite revisiter et finaliser leurs achats. Cet outil exceptionnel s&rsquo;harmonise de mani\u00e8re transparente avec Yaymail, garantissant efficacement son int\u00e9gration transparente dans votre syst\u00e8me de commerce \u00e9lectronique. Peu importe que vous vous trouviez en possession d&rsquo;une entreprise commerciale modeste ou d&rsquo;une entit\u00e9 technique tentaculaire, la liste de souhaits Yaymail Yith appara\u00eet sans aucun doute comme un ajout exceptionnel \u00e0 votre arsenal d\u00e9j\u00e0 formidable des ressources de commerce \u00e9lectronique. Donc, sans plus tarder, pourquoi retarder? Pr\u00e9parez-vous \u00e0 son utilisation aujourd&rsquo;hui et fournissez \u00e0 vos clients estim\u00e9s l&rsquo;exp\u00e9rience d&rsquo;achat accompli qu&rsquo;ils m\u00e9ritent le plus assur\u00e9ment!<\/p>\n","protected":false},"featured_media":146568,"comment_status":"open","ping_status":"open","template":"","meta":[],"product_brand":[2747],"product_cat":[1182,1223,1181],"product_tag":[2331],"class_list":{"0":"post-130300","1":"product","2":"type-product","3":"status-publish","4":"has-post-thumbnail","6":"product_brand-yaycommerce","7":"product_cat-commerce-electronique-plugins","8":"product_cat-personnalisation-commerce-electronique-plugins","9":"product_cat-plugins","10":"product_tag-yaycommerce","11":"member-discount","12":"discount-restricted","14":"first","15":"instock","16":"sale","17":"downloadable","18":"virtual","19":"sold-individually","20":"purchasable","21":"product-type-simple"},"_links":{"self":[{"href":"https:\/\/gpl-love.com\/fr\/wp-json\/wp\/v2\/product\/130300","targetHints":{"allow":["GET"]}}],"collection":[{"href":"https:\/\/gpl-love.com\/fr\/wp-json\/wp\/v2\/product"}],"about":[{"href":"https:\/\/gpl-love.com\/fr\/wp-json\/wp\/v2\/types\/product"}],"replies":[{"embeddable":true,"href":"https:\/\/gpl-love.com\/fr\/wp-json\/wp\/v2\/comments?post=130300"}],"wp:featuredmedia":[{"embeddable":true,"href":"https:\/\/gpl-love.com\/fr\/wp-json\/wp\/v2\/media\/146568"}],"wp:attachment":[{"href":"https:\/\/gpl-love.com\/fr\/wp-json\/wp\/v2\/media?parent=130300"}],"wp:term":[{"taxonomy":"product_brand","embeddable":true,"href":"https:\/\/gpl-love.com\/fr\/wp-json\/wp\/v2\/product_brand?post=130300"},{"taxonomy":"product_cat","embeddable":true,"href":"https:\/\/gpl-love.com\/fr\/wp-json\/wp\/v2\/product_cat?post=130300"},{"taxonomy":"product_tag","embeddable":true,"href":"https:\/\/gpl-love.com\/fr\/wp-json\/wp\/v2\/product_tag?post=130300"}],"curies":[{"name":"wp","href":"https:\/\/api.w.org\/{rel}","templated":true}]}}