{"id":130298,"date":"2025-06-05T00:00:00","date_gmt":"2025-06-04T22:00:00","guid":{"rendered":"https:\/\/gpl-love.com\/fr\/produit\/yaymail-terawallet-2\/"},"modified":"2026-03-20T23:56:03","modified_gmt":"2026-03-20T22:56:03","slug":"yaymail-terawallet-2","status":"publish","type":"product","link":"https:\/\/gpl-love.com\/fr\/produit\/yaymail-terawallet-2\/","title":{"rendered":"YayMail TeraWallet 4.0"},"content":{"rendered":"<h3>YayMail TeraWallet Traits<\/h3>\n<p>Le Yaymail Terawallet, un portefeuille r\u00e9put\u00e9 pour sa compacit\u00e9 et sa nature l\u00e9g\u00e8re, a \u00e9t\u00e9 ing\u00e9nieusement con\u00e7u pour prot\u00e9ger vos cartes cruciales et vos esp\u00e8ces avec la plus grande s\u00e9curit\u00e9. Utilisant des mat\u00e9riaux de haute qualit\u00e9 qui offrent une durabilit\u00e9 et une long\u00e9vit\u00e9 exceptionnelles, ce portefeuille appara\u00eet comme l&rsquo;accessoire par excellence \u00e0 des fins quotidiennes. Ses caract\u00e9ristiques distinctives comprennent une multitude de cr\u00e9neaux de carte, une fen\u00eatre d&rsquo;identification transparente et une poche de pi\u00e8ce qui peut \u00eatre solidement fix\u00e9e avec une fermeture \u00e0 glissi\u00e8re, facilitant un arrangement bien organis\u00e9 de vos effets indispensables, qui restent perp\u00e9tuellement accessibles. De plus, ce portefeuille int\u00e8gre un anneau de cl\u00e9 pratique qui est commod\u00e9ment attach\u00e9 \u00e0 vos cl\u00e9s, simplifiant ainsi le processus de saisie et de s&rsquo;aventurer imm\u00e9diatement. Que vous fassiez des courses ou que vous vous lanciez dans une soir\u00e9e de r\u00e9jouissances dans la ville, le Terawallet Yaymail s&rsquo;\u00e9tablit facilement comme le compagnon id\u00e9al pour toute exp\u00e9dition.<\/p>\n<ul>\n<li>Yaymail Terawallet offre un moyen pratique et s\u00e9curis\u00e9 de stocker votre argent et vos cartes.<\/li>\n<li>Le design minimaliste est \u00e9l\u00e9gant et \u00e9l\u00e9gant, s&rsquo;adaptant facilement \u00e0 n&rsquo;importe quelle poche ou sac \u00e0 main.<\/li>\n<li>Avec une capacit\u00e9 allant jusqu&rsquo;\u00e0 12 cartes et beaucoup de place pour l&rsquo;argent, Yaymail Terawallet a un stockage suffisant pour tous vos \u00e9l\u00e9ments essentiels.<\/li>\n<li>La technologie de blocage RFID maintient vos cartes s\u00e9curis\u00e9es du volet \u00e9lectronique et du vol d&rsquo;identit\u00e9.<\/li>\n<li>Construit avec des mat\u00e9riaux de haute qualit\u00e9, Yaymail Terawallet est durable et durable.<\/li>\n<li>Les emplacements d&rsquo;acc\u00e8s faciles et la fen\u00eatre transparente permettent de trouver exactement ce dont vous avez besoin rapidement et facilement.<\/li>\n<li>Dites au revoir aux portefeuilles volumineux et surcharg\u00e9s et bonjour au tewallet Yaymail compact et efficace.<\/li>\n<\/ul>\n","protected":false},"excerpt":{"rendered":"<p>Le Yaymail Terawallet, un compagnon id\u00e9al pour l&rsquo;ex\u00e9cutif en d\u00e9placement ou le globe-trotter, offre une fonctionnalit\u00e9 et une pratique in\u00e9gal\u00e9es. Craft \u00e0 la perfection, ce portefeuille r\u00e9silient poss\u00e8de un \u00e9ventail de compartiments et de cr\u00e9neaux, m\u00e9ticuleusement con\u00e7us pour assurer la plus grande s\u00e9curit\u00e9 pour vos cartes de cr\u00e9dit, vos esp\u00e8ces et vos biens pr\u00e9cieux. Sa structure \u00e9l\u00e9gante et mince, remarquablement l\u00e9g\u00e8re et commod\u00e9ment compacte, se fonde sans effort avec votre sac ou votre poche, offrant une commodit\u00e9 in\u00e9gal\u00e9e. De plus, le t\u00e9rawallet est expliqu\u00e9 de mani\u00e8re experte \u00e0 partir de mat\u00e9riaux de premier ordre, garantissant sa long\u00e9vit\u00e9 et sa r\u00e9silience pour d&rsquo;innombrables ann\u00e9es \u00e0 venir. Embrassez un monde d&rsquo;organisation transparente et offrez des adieux au chaos avec le ph\u00e9nom\u00e9nal Yaymail Terawallet.<\/p>\n","protected":false},"featured_media":146567,"comment_status":"open","ping_status":"open","template":"","meta":[],"product_brand":[2747],"product_cat":[1182,1223,1181],"product_tag":[2331],"class_list":{"0":"post-130298","1":"product","2":"type-product","3":"status-publish","4":"has-post-thumbnail","6":"product_brand-yaycommerce","7":"product_cat-commerce-electronique-plugins","8":"product_cat-personnalisation-commerce-electronique-plugins","9":"product_cat-plugins","10":"product_tag-yaycommerce","11":"member-discount","12":"discount-restricted","14":"first","15":"instock","16":"sale","17":"downloadable","18":"virtual","19":"sold-individually","20":"purchasable","21":"product-type-simple"},"_links":{"self":[{"href":"https:\/\/gpl-love.com\/fr\/wp-json\/wp\/v2\/product\/130298","targetHints":{"allow":["GET"]}}],"collection":[{"href":"https:\/\/gpl-love.com\/fr\/wp-json\/wp\/v2\/product"}],"about":[{"href":"https:\/\/gpl-love.com\/fr\/wp-json\/wp\/v2\/types\/product"}],"replies":[{"embeddable":true,"href":"https:\/\/gpl-love.com\/fr\/wp-json\/wp\/v2\/comments?post=130298"}],"wp:featuredmedia":[{"embeddable":true,"href":"https:\/\/gpl-love.com\/fr\/wp-json\/wp\/v2\/media\/146567"}],"wp:attachment":[{"href":"https:\/\/gpl-love.com\/fr\/wp-json\/wp\/v2\/media?parent=130298"}],"wp:term":[{"taxonomy":"product_brand","embeddable":true,"href":"https:\/\/gpl-love.com\/fr\/wp-json\/wp\/v2\/product_brand?post=130298"},{"taxonomy":"product_cat","embeddable":true,"href":"https:\/\/gpl-love.com\/fr\/wp-json\/wp\/v2\/product_cat?post=130298"},{"taxonomy":"product_tag","embeddable":true,"href":"https:\/\/gpl-love.com\/fr\/wp-json\/wp\/v2\/product_tag?post=130298"}],"curies":[{"name":"wp","href":"https:\/\/api.w.org\/{rel}","templated":true}]}}