{"id":130296,"date":"2025-06-05T00:00:00","date_gmt":"2025-06-04T22:00:00","guid":{"rendered":"https:\/\/gpl-love.com\/fr\/produit\/yaymail-woocommerce-split-orders-2\/"},"modified":"2026-03-20T23:56:02","modified_gmt":"2026-03-20T22:56:02","slug":"yaymail-woocommerce-split-orders-2","status":"publish","type":"product","link":"https:\/\/gpl-love.com\/fr\/produit\/yaymail-woocommerce-split-orders-2\/","title":{"rendered":"YayMail WooCommerce Split Orders 4.0"},"content":{"rendered":"<h3>YayMail WooCommerce Split Orders Traits<\/h3>\n<p>Le plugin Yaymail WooCommerce Split Orders sert de ressource inestimable pour les personnes op\u00e9rant des magasins en ligne qui s&rsquo;efforcent d&rsquo;optimiser l&rsquo;efficacit\u00e9 de leurs proc\u00e9dures de traitement des commandes. En mettant en \u0153uvre ce plugin, les propri\u00e9taires de magasins ont la possibilit\u00e9 de distribuer sans effort les commandes en exp\u00e9ditions distinctes en fonction du lieu d&rsquo;exp\u00e9dition ou de la disponibilit\u00e9 du produit. Une telle fonctionnalit\u00e9 facilite finalement l&rsquo;accomplissement rapide et optimis\u00e9 des ordres, att\u00e9nuant efficacement la sati\u00e9t\u00e9 et la laborieuse de la division manuelle des ordres. De plus, le plugin s&rsquo;int\u00e8gre de mani\u00e8re transparente \u00e0 Yaymail, permettant ainsi \u00e0 ses utilisateurs d&rsquo;exploiter les fonctionnalit\u00e9s avanc\u00e9es associ\u00e9es au marketing par e-mail, y compris, mais sans s&rsquo;y limiter, la r\u00e9cup\u00e9ration abandonn\u00e9e des paniers et la segmentation du client. En somme, le plugin de partage des commandes partag\u00e9s Yaymail WooCommerce incarne une solution tr\u00e8s efficace et indispensable pour l&rsquo;am\u00e9lioration de la gestion des commandes et l&rsquo;augmentation concomitante du volume des ventes.<\/p>\n<ul>\n<li>Permet aux clients de diviser leurs commandes en plusieurs exp\u00e9ditions en fonction des dates de livraison ou des pr\u00e9f\u00e9rences<\/li>\n<li>Facile \u00e0 utiliser avec WooCommerce, l&rsquo;une des plateformes de commerce \u00e9lectronique les plus populaires<\/li>\n<li>Offre de la flexibilit\u00e9 et de la commodit\u00e9 aux clients, am\u00e9liorant leur exp\u00e9rience d&rsquo;achat<\/li>\n<li>Augmente la satisfaction et la fid\u00e9lit\u00e9 des clients en offrant des options d&rsquo;exp\u00e9dition personnalis\u00e9es<\/li>\n<li>Fournit aux commer\u00e7ants un avantage concurrentiel en offrant une fonctionnalit\u00e9 unique non disponible dans d&rsquo;autres magasins en ligne<\/li>\n<li>\u00c9conomise du temps et des ressources pour les commer\u00e7ants en automatisant le processus de fractionnement des commandes<\/li>\n<li>R\u00e9duit les frais d&rsquo;exp\u00e9dition en permettant aux clients d&rsquo;optimiser leurs commandes pour minimiser les frais d&rsquo;exp\u00e9dition<\/li>\n<li>Am\u00e9liore la gestion des stocks en permettant aux commer\u00e7ants de g\u00e9rer et de suivre facilement plusieurs exp\u00e9ditions par commande.<\/li>\n<\/ul>\n","protected":false},"excerpt":{"rendered":"<p>YayMail WooCommerce Split Orders, an indispensable tool for online store proprietors seeking to enhance their order management efficiency, allows for the effortless division of a single order into multiple orders, the allocation of distinct shipping addresses for each order, and the creation of separate invoices for chaque ordre. Par cons\u00e9quent, ce plugin innovant vous permet de rationaliser votre processus de r\u00e9alisation de commandes, de r\u00e9duire les d\u00e9penses d&rsquo;exp\u00e9dition et de renforcer la satisfaction des clients en leur offrant la commodit\u00e9 d&rsquo;avoir leurs commandes envoy\u00e9es dans divers endroits. Que vous pr\u00e9siiez une petite entreprise ou un vaste emporium de commerce \u00e9lectronique, Yaymail WooCommerce Split Orders repr\u00e9sente la solution optimale pour g\u00e9rer sans effort vos commandes.<\/p>\n","protected":false},"featured_media":146566,"comment_status":"open","ping_status":"open","template":"","meta":[],"product_brand":[2747],"product_cat":[1182,1223,1181],"product_tag":[2331],"class_list":{"0":"post-130296","1":"product","2":"type-product","3":"status-publish","4":"has-post-thumbnail","6":"product_brand-yaycommerce","7":"product_cat-commerce-electronique-plugins","8":"product_cat-personnalisation-commerce-electronique-plugins","9":"product_cat-plugins","10":"product_tag-yaycommerce","11":"member-discount","12":"discount-restricted","14":"first","15":"instock","16":"sale","17":"downloadable","18":"virtual","19":"sold-individually","20":"purchasable","21":"product-type-simple"},"_links":{"self":[{"href":"https:\/\/gpl-love.com\/fr\/wp-json\/wp\/v2\/product\/130296","targetHints":{"allow":["GET"]}}],"collection":[{"href":"https:\/\/gpl-love.com\/fr\/wp-json\/wp\/v2\/product"}],"about":[{"href":"https:\/\/gpl-love.com\/fr\/wp-json\/wp\/v2\/types\/product"}],"replies":[{"embeddable":true,"href":"https:\/\/gpl-love.com\/fr\/wp-json\/wp\/v2\/comments?post=130296"}],"wp:featuredmedia":[{"embeddable":true,"href":"https:\/\/gpl-love.com\/fr\/wp-json\/wp\/v2\/media\/146566"}],"wp:attachment":[{"href":"https:\/\/gpl-love.com\/fr\/wp-json\/wp\/v2\/media?parent=130296"}],"wp:term":[{"taxonomy":"product_brand","embeddable":true,"href":"https:\/\/gpl-love.com\/fr\/wp-json\/wp\/v2\/product_brand?post=130296"},{"taxonomy":"product_cat","embeddable":true,"href":"https:\/\/gpl-love.com\/fr\/wp-json\/wp\/v2\/product_cat?post=130296"},{"taxonomy":"product_tag","embeddable":true,"href":"https:\/\/gpl-love.com\/fr\/wp-json\/wp\/v2\/product_tag?post=130296"}],"curies":[{"name":"wp","href":"https:\/\/api.w.org\/{rel}","templated":true}]}}