{"id":130274,"date":"2025-06-05T00:00:00","date_gmt":"2025-06-04T22:00:00","guid":{"rendered":"https:\/\/gpl-love.com\/fr\/produit\/yaymail-wp-crowdfunding-2\/"},"modified":"2026-03-20T23:55:44","modified_gmt":"2026-03-20T22:55:44","slug":"yaymail-wp-crowdfunding-2","status":"publish","type":"product","link":"https:\/\/gpl-love.com\/fr\/produit\/yaymail-wp-crowdfunding-2\/","title":{"rendered":"YayMail WP Crowdfunding 4.0"},"content":{"rendered":"<h3>YayMail WP Crowdfunding Traits<\/h3>\n<p>Yaymail WP Crowdfunding est un plugin WordPress extr\u00eamement robuste et convivial qui vous permet de cr\u00e9er et de superviser les campagnes de financement participatif sur votre site Web. Offrant une multitude de fonctionnalit\u00e9s, Yaymail WP Crowdfunding permet la cr\u00e9ation sans effort de nombreuses campagnes, l&rsquo;acceptation transparente des dons et des contributions, et une surveillance compl\u00e8te de tous les promesses et bailleurs de fonds. Notamment, ce plugin poss\u00e8de des capacit\u00e9s de personnalisation compl\u00e8tes, vous permettant de l&rsquo;adapter \u00e0 s&rsquo;aligner parfaitement avec vos pr\u00e9f\u00e9rences de marque et de conception uniques. En outre, il propose un syst\u00e8me int\u00e9gr\u00e9 de notifications par e-mail et d&rsquo;int\u00e9gration des m\u00e9dias sociaux, facilitant ainsi la promotion de votre campagne et garantissant que vos bailleurs de fonds restent bien inform\u00e9s. Que vos intentions consistent \u00e0 obtenir un soutien financier pour une entreprise personnelle, une cause caritative ou une poursuite entrepreneuriale, le financement participatif Yaymail WP est un outil incroyablement polyvalent et fiable qui vous propulsera sans aucun doute pour atteindre vos objectifs.<\/p>\n<ul>\n<li>Yaymail WP Crowdfunding est un puissant outil de collecte de fonds pour les sites Web WordPress<\/li>\n<li>Cr\u00e9ez et g\u00e9rez facilement les campagnes de financement participatif \u00e0 partir de votre tableau de bord WordPress<\/li>\n<li>Int\u00e9gr\u00e9 aux passerelles de paiement populaires comme PayPal et Stripe pour des dons faciles<\/li>\n<li>Niveaux de don personnalisables avec des avantages et des r\u00e9compenses pour les contributeurs<\/li>\n<li>Fixez des objectifs de campagne et suivez les progr\u00e8s avec l&rsquo;analyse en temps r\u00e9el et les rapports<\/li>\n<li>Possibilit\u00e9 de collecter des informations sur les donateurs et d&rsquo;envoyer des messages de remerciement automatis\u00e9s<\/li>\n<li>Compatible avec un large \u00e9ventail de th\u00e8mes WordPress pour une int\u00e9gration transparente avec votre site Web<\/li>\n<li>Les fonctionnalit\u00e9s de s\u00e9curit\u00e9 robustes garantissent un traitement s\u00fbr et s\u00e9curis\u00e9 des dons<\/li>\n<li>\u00c9quipe d&rsquo;assistance d\u00e9di\u00e9e \u00e0 aider \u00e0 la configuration et \u00e0 tout probl\u00e8me qui pourrait survenir.<\/li>\n<\/ul>\n","protected":false},"excerpt":{"rendered":"<p>Yaymail WP Crowdfunding est un outil de marketing par e-mail exceptionnellement innovant et r\u00e9volutionnaire sp\u00e9cifiquement d\u00e9velopp\u00e9 et adapt\u00e9 \u00e0 l&rsquo;optimisation et \u00e0 l&rsquo;am\u00e9lioration des campagnes de financement participatif h\u00e9berg\u00e9es sur des sites Web WordPress. Avec l&rsquo;utilisation de Yaymail, vous avez la capacit\u00e9 remarquable de g\u00e9n\u00e9rer et d&rsquo;envoyer des e-mails hautement personnalis\u00e9s et personnalis\u00e9s \u00e0 vos g\u00e9n\u00e9reux bailleurs de fonds, \u00e9tablissant ainsi une connexion profonde et intime avec eux. De plus, cette technologie remarquable vous permet de fournir \u00e0 vos bailleurs de fonds des mises \u00e0 jour opportunes et instantan\u00e9es, en veillant \u00e0 ce qu&rsquo;ils soient toujours tenus inform\u00e9s et impliqu\u00e9s dans les progr\u00e8s de votre campagne. Comme si cela ne suffisait pas, Yaymail vous permet \u00e9galement de promouvoir de mani\u00e8re approfondie et efficace votre effort de financement participatif \u00e0 un public nettement plus large et expansif, augmentant ainsi consid\u00e9rablement vos chances d&rsquo;atteindre les objectifs et les objectifs souhait\u00e9s. Les fonctionnalit\u00e9s multiformes et compl\u00e8tes du financement participatif Yaymail WP s&rsquo;\u00e9tendent au-del\u00e0 de simples objectifs de communication et de promotion, car il vous fournit \u00e9galement un syst\u00e8me d&rsquo;\u00e9laboration et complexe d&rsquo;analyse qui examine et examine scrupuleusement les progr\u00e8s et la croissance de votre campagne. Ainsi, arm\u00e9s de ces id\u00e9es et statistiques inestimables, vous poss\u00e9dez la capacit\u00e9 de prendre des d\u00e9cisions inform\u00e9es, fond\u00e9es sur des preuves et ax\u00e9es sur les donn\u00e9es, vous permettant d&rsquo;optimiser et d&rsquo;affiner perp\u00e9tuellement la trajectoire de votre exp\u00e9dition de financement participatif. Que vous lanciez un produit nouveau et innovant ou que vous collectez une collecte de fonds avec ferveur pour une cause noble et digne, Yaymail WP Crowdfunding repr\u00e9sente et incarne la solution consomm\u00e9e et id\u00e9ale pour vous propulser et vous catapulter vers la r\u00e9alisation et la r\u00e9alisation de vos aspirations et ambitions \u00e9lev\u00e9es. Embrasser et embrasser cette technologie extraordinaire et in\u00e9gal\u00e9e sans h\u00e9sitation ni retard, commencer votre voyage aujourd&rsquo;hui et assister \u00e0 l&rsquo;ascension \u00e0 couper le souffle et impressionnante de votre campagne de financement participatif \u00e0 des sommets sans pr\u00e9c\u00e9dent et extraordinaires!<\/p>\n","protected":false},"featured_media":146545,"comment_status":"open","ping_status":"open","template":"","meta":[],"product_brand":[2747],"product_cat":[1182,1223,1181],"product_tag":[2331],"class_list":{"0":"post-130274","1":"product","2":"type-product","3":"status-publish","4":"has-post-thumbnail","6":"product_brand-yaycommerce","7":"product_cat-commerce-electronique-plugins","8":"product_cat-personnalisation-commerce-electronique-plugins","9":"product_cat-plugins","10":"product_tag-yaycommerce","11":"member-discount","12":"discount-restricted","14":"first","15":"instock","16":"sale","17":"downloadable","18":"virtual","19":"sold-individually","20":"purchasable","21":"product-type-simple"},"_links":{"self":[{"href":"https:\/\/gpl-love.com\/fr\/wp-json\/wp\/v2\/product\/130274","targetHints":{"allow":["GET"]}}],"collection":[{"href":"https:\/\/gpl-love.com\/fr\/wp-json\/wp\/v2\/product"}],"about":[{"href":"https:\/\/gpl-love.com\/fr\/wp-json\/wp\/v2\/types\/product"}],"replies":[{"embeddable":true,"href":"https:\/\/gpl-love.com\/fr\/wp-json\/wp\/v2\/comments?post=130274"}],"wp:featuredmedia":[{"embeddable":true,"href":"https:\/\/gpl-love.com\/fr\/wp-json\/wp\/v2\/media\/146545"}],"wp:attachment":[{"href":"https:\/\/gpl-love.com\/fr\/wp-json\/wp\/v2\/media?parent=130274"}],"wp:term":[{"taxonomy":"product_brand","embeddable":true,"href":"https:\/\/gpl-love.com\/fr\/wp-json\/wp\/v2\/product_brand?post=130274"},{"taxonomy":"product_cat","embeddable":true,"href":"https:\/\/gpl-love.com\/fr\/wp-json\/wp\/v2\/product_cat?post=130274"},{"taxonomy":"product_tag","embeddable":true,"href":"https:\/\/gpl-love.com\/fr\/wp-json\/wp\/v2\/product_tag?post=130274"}],"curies":[{"name":"wp","href":"https:\/\/api.w.org\/{rel}","templated":true}]}}