{"id":130265,"date":"2025-06-05T00:00:00","date_gmt":"2025-06-04T22:00:00","guid":{"rendered":"https:\/\/gpl-love.com\/fr\/produit\/yaymail-yith-woocommerce-membership-2\/"},"modified":"2026-03-20T23:55:37","modified_gmt":"2026-03-20T22:55:37","slug":"yaymail-yith-woocommerce-membership-2","status":"publish","type":"product","link":"https:\/\/gpl-love.com\/fr\/produit\/yaymail-yith-woocommerce-membership-2\/","title":{"rendered":"YayMail Yith WooCommerce Membership 4.0"},"content":{"rendered":"<h3>YayMail Yith WooCommerce Membership Traits<\/h3>\n<p>L&rsquo;adh\u00e9sion \u00e0 Yaymail Yith WooCommerce sert d&rsquo;instrument tr\u00e8s puissant pour les entrepreneurs aspirant \u00e0 \u00e9tablir un cadre bas\u00e9 sur l&rsquo;abonnement \u00e0 leurs magasins virtuels. Ce plugin remarquable permet aux utilisateurs de g\u00e9n\u00e9rer et de superviser sans effort les niveaux d&rsquo;adh\u00e9sion diverses, d&rsquo;imposer des restrictions au contenu ou aux produits subordonn\u00e9s \u00e0 l&rsquo;\u00e9tat des membres et rationalisent davantage l&rsquo;int\u00e9gralit\u00e9 de la proc\u00e9dure par l&rsquo;automatisation des paiements r\u00e9currents. En outre, les fonctionnalit\u00e9s de marketing par e-mail remarquables de Yaymail peuvent \u00eatre int\u00e9gr\u00e9es de mani\u00e8re transparente \u00e0 l&rsquo;appartenance \u00e0 Yith WooCommerce, accordant ainsi aux utilisateurs la possibilit\u00e9 de envoyer des e-mails sur mesure \u00e0 des membres sp\u00e9cifiques. Que l&rsquo;on cherche \u00e0 augmenter les revenus ou \u00e0 accorder du contenu exclusif aux clients d\u00e9vou\u00e9s, l&rsquo;inclusion de l&rsquo;adh\u00e9sion \u00e0 Yaymail Yith WooCommerce appara\u00eet comme une alternative exceptionnelle et bien adapt\u00e9e \u00e0 toute entreprise de commerce \u00e9lectronique florissante.<\/p>\n<ul>\n<li>Yaymail Yith WooCommerce L&rsquo;adh\u00e9sion est un plugin d&rsquo;adh\u00e9sion qui vous permet de g\u00e9rer facilement vos membres et abonnements.<\/li>\n<li>Avec l&rsquo;int\u00e9gration de Yaymail, vous pouvez envoyer des newsletters par e-mail, des porte-avers et plus \u00e0 vos membres.<\/li>\n<li>Le plugin s&rsquo;int\u00e8gre parfaitement au plugin WooCommerce, vous permettant d&rsquo;offrir des produits et des services exclusivement aux membres.<\/li>\n<li>Vous pouvez mettre en place diff\u00e9rents niveaux d&rsquo;adh\u00e9sion, avec diff\u00e9rents niveaux d&rsquo;acc\u00e8s, tarifs et avantages.<\/li>\n<li>Le plugin vous permet de suivre l&rsquo;activit\u00e9 et l&rsquo;engagement des membres, vous aidant \u00e0 comprendre votre public et \u00e0 am\u00e9liorer vos offres.<\/li>\n<li>Avec Yaymail Yith WooCommerce l&rsquo;adh\u00e9sion, vous pouvez automatiser votre gestion des membres, des inscriptions aux renouvellements et aux annulations.<\/li>\n<li>Le plugin est enti\u00e8rement personnalisable, avec une gamme de param\u00e8tres et d&rsquo;options pour r\u00e9pondre \u00e0 vos besoins et pr\u00e9f\u00e9rences.<\/li>\n<li>Vous pouvez \u00e9galement utiliser Yaymail pour cr\u00e9er des e-mails personnalis\u00e9s, des campagnes de suivi et des promotions cibl\u00e9es pour vos membres et vos prospects.<\/li>\n<li>L&rsquo;adh\u00e9sion \u00e0 Yaymail Yith WooCommerce est une solution id\u00e9ale pour les entreprises, les blogueurs, les \u00e9diteurs et d&rsquo;autres organisations qui souhaitent mon\u00e9tiser leur contenu et s&rsquo;engager avec leurs clients.<\/li>\n<\/ul>\n","protected":false},"excerpt":{"rendered":"<p>L&rsquo;adh\u00e9sion \u00e0 Yaymail Yith WooCommerce est un outil indispensable qui sert un objectif crucial pour les sites Web qui engagent la vente d&rsquo;adh\u00e9sion \u00e0 leurs clients estim\u00e9s. Ce produit remarquable vous permet de g\u00e9rer et de superviser avec comp\u00e9tence vos diff\u00e9rentes adh\u00e9sions et abonnements, tout en r\u00e9partissant sans effort les e-mails automatis\u00e9s \u00e0 vos membres estim\u00e9s et en leur accordant un acc\u00e8s \u00e0 un contenu privil\u00e9gi\u00e9. De plus, il s&rsquo;int\u00e8gre parfaitement \u00e0 la plate-forme de WooCommerce estim\u00e9e, vous offrant ainsi la possibilit\u00e9 de traiter de mani\u00e8re transparente les paiements et de g\u00e9rer avec diligence la liste de vos clients estim\u00e9s. De plus, vous avez la libert\u00e9 d&rsquo;adapter et de personnaliser les e-mails et les notifications qui sont envoy\u00e9es \u00e0 vos membres estim\u00e9s pour s&rsquo;harmoniser parfaitement avec votre identit\u00e9 de marque. Sans aucun doute, l&rsquo;adh\u00e9sion \u00e0 Yaymail Yith WooCommerce garantit une exp\u00e9rience d\u00e9pourvue de tracas, non seulement pour vous mais aussi pour vos clients estim\u00e9s, tout en donnant simultan\u00e9ment un coup de pouce substantiel \u00e0 vos sources de revenus.<\/p>\n","protected":false},"featured_media":146537,"comment_status":"open","ping_status":"open","template":"","meta":[],"product_brand":[2747],"product_cat":[1182,1223,1181],"product_tag":[2331],"class_list":{"0":"post-130265","1":"product","2":"type-product","3":"status-publish","4":"has-post-thumbnail","6":"product_brand-yaycommerce","7":"product_cat-commerce-electronique-plugins","8":"product_cat-personnalisation-commerce-electronique-plugins","9":"product_cat-plugins","10":"product_tag-yaycommerce","11":"member-discount","12":"discount-restricted","14":"first","15":"instock","16":"sale","17":"downloadable","18":"virtual","19":"sold-individually","20":"purchasable","21":"product-type-simple"},"_links":{"self":[{"href":"https:\/\/gpl-love.com\/fr\/wp-json\/wp\/v2\/product\/130265","targetHints":{"allow":["GET"]}}],"collection":[{"href":"https:\/\/gpl-love.com\/fr\/wp-json\/wp\/v2\/product"}],"about":[{"href":"https:\/\/gpl-love.com\/fr\/wp-json\/wp\/v2\/types\/product"}],"replies":[{"embeddable":true,"href":"https:\/\/gpl-love.com\/fr\/wp-json\/wp\/v2\/comments?post=130265"}],"wp:featuredmedia":[{"embeddable":true,"href":"https:\/\/gpl-love.com\/fr\/wp-json\/wp\/v2\/media\/146537"}],"wp:attachment":[{"href":"https:\/\/gpl-love.com\/fr\/wp-json\/wp\/v2\/media?parent=130265"}],"wp:term":[{"taxonomy":"product_brand","embeddable":true,"href":"https:\/\/gpl-love.com\/fr\/wp-json\/wp\/v2\/product_brand?post=130265"},{"taxonomy":"product_cat","embeddable":true,"href":"https:\/\/gpl-love.com\/fr\/wp-json\/wp\/v2\/product_cat?post=130265"},{"taxonomy":"product_tag","embeddable":true,"href":"https:\/\/gpl-love.com\/fr\/wp-json\/wp\/v2\/product_tag?post=130265"}],"curies":[{"name":"wp","href":"https:\/\/api.w.org\/{rel}","templated":true}]}}