{"id":130261,"date":"2025-06-05T00:00:00","date_gmt":"2025-06-04T22:00:00","guid":{"rendered":"https:\/\/gpl-love.com\/fr\/produit\/yaymail-yith-woocommerce-stripe-2\/"},"modified":"2026-03-20T23:55:35","modified_gmt":"2026-03-20T22:55:35","slug":"yaymail-yith-woocommerce-stripe-2","status":"publish","type":"product","link":"https:\/\/gpl-love.com\/fr\/produit\/yaymail-yith-woocommerce-stripe-2\/","title":{"rendered":"YayMail Yith WooCommerce Stripe 4.0"},"content":{"rendered":"<h3>YayMail Yith WooCommerce Stripe Traits<\/h3>\n<p>Yaymail Yith WooCommerce Stripe est une solution globale pour le marketing par e-mail, m\u00e9ticuleusement con\u00e7ue pour rationaliser le processus de marketing par e-mail pour les utilisateurs utilisant le plugin Stripe Yith WooCommerce tr\u00e8s renomm\u00e9. Avec l&rsquo;aide de Yaymail, les utilisateurs sont autoris\u00e9s \u00e0 g\u00e9n\u00e9rer et \u00e0 r\u00e9partir sans effort les e-mails marketing \u00e0 leurs clients estim\u00e9s, tout en surveillant avec vigilance les performances de leurs campagnes et en examinant m\u00e9ticuleusement les r\u00e9sultats pour optimiser et affiner leur strat\u00e9gie de marketing par e-mail. L&rsquo;int\u00e9gration profonde avec Yith WooCommerce Stripe facilite la gestion transparente des donn\u00e9es des clients, permettant aux utilisateurs de segmenter m\u00e9ticuleusement leurs listes de diffusion et de cibler avec pr\u00e9cision leurs campagnes vers des cohortes sp\u00e9cifiques de clients. Pr\u00e9sentant un d\u00e9vouement in\u00e9branlable \u00e0 l&rsquo;exp\u00e9rience utilisateur, Yaymail installe une interface intuitive et une gamme diversifi\u00e9e de mod\u00e8les personnalisables, permettant efficacement aux utilisateurs de produire des e-mails impeccablement professionnels dans un laps de temps remarquablement court. Que votre aspiration tourne autour de l&rsquo;augmentation des chiffres de vente ou de la promotion de fid\u00e9lit\u00e9 in\u00e9branlable des clients, Yaymail Yith WooCommerce Stripe englobe toutes les fonctionnalit\u00e9s requises pour propulser vos efforts de marketing par e-mail \u00e0 des sommets sans pr\u00e9c\u00e9dent.<\/p>\n<ul>\n<li>Yaymail Yith WooCommerce Stripe est un puissant plugin de passerelle de paiement pour WooCommerce.<\/li>\n<li>Il vous permet d&rsquo;int\u00e9grer de mani\u00e8re transparente la passerelle de paiement Stripe avec votre boutique WooCommerce.<\/li>\n<li>Avec Yaymail Yith WooCommerce Stripe, vous pouvez accepter les paiements des clients du monde entier, dans plusieurs devises.<\/li>\n<li>Le plugin propose une solution de traitement des paiements s\u00e9curis\u00e9e conforme \u00e0 PCI et garantit que toutes les transactions sont s\u00fbres et s\u00e9curis\u00e9es.<\/li>\n<li>Il propose un processus de paiement rationalis\u00e9 qui aide \u00e0 augmenter vos taux de conversion et \u00e0 augmenter vos ventes en ligne.<\/li>\n<li>Yaymail Yith WooCommerce Stripe a une interface intuitive et conviviale qui facilite la configuration et la personnalisation pour r\u00e9pondre aux besoins de votre entreprise.<\/li>\n<li>Vous pouvez facilement configurer le plugin pour accepter les paiements de divers produits et services, y compris les abonnements, les t\u00e9l\u00e9chargements num\u00e9riques et les biens physiques.<\/li>\n<li>Yaymail Yith WooCommerce Stripe vous permet d&rsquo;afficher et de g\u00e9rer vos transactions de paiement \u00e0 partir d&rsquo;un seul tableau de bord, ce qui facilite le suivi de vos ventes et de vos revenus.<\/li>\n<li>Le plugin est livr\u00e9 avec un excellent support client, qui garantit que les probl\u00e8mes ou les questions que vous avez sont trait\u00e9s rapidement et efficacement.<\/li>\n<li>Dans l&rsquo;ensemble, Yaymail Yith WooCommerce Stripe est un plugin de passerelle de paiement incontournable pour tout propri\u00e9taire d&rsquo;entreprise qui cherche \u00e0 \u00e9tendre ses ventes en ligne et \u00e0 atteindre une client\u00e8le plus large.<\/li>\n<\/ul>\n","protected":false},"excerpt":{"rendered":"<p>Yaymail Yith WooCommerce Stripe est une solution de paiement exceptionnellement robuste et parfaitement int\u00e9gr\u00e9e sp\u00e9cialement con\u00e7ue pour les entreprises en ligne. Ce plugin ing\u00e9nieux, qui s&rsquo;int\u00e8gre de mani\u00e8re transparente \u00e0 WooCommerce, une plate-forme de commerce \u00e9lectronique open source, offre aux entreprises la possibilit\u00e9 d&rsquo;accepter sans effort et efficacement les paiements de leurs pr\u00e9cieux clients gr\u00e2ce \u00e0 la passerelle de paiement tr\u00e8s acclam\u00e9e et extr\u00eamement populaire connue sous le nom de Stripe. La fonctionnalit\u00e9 in\u00e9gal\u00e9e et la convivialit\u00e9 de l&rsquo;utilisateur de la bande Yaymail Yith WooCommerce garantissent que les entreprises peuvent \u00e9tablir rapidement et sans effort ce syst\u00e8me de traitement de paiement de pointe, qui fournit non seulement un niveau de fiabilit\u00e9 et de s\u00e9curit\u00e9 in\u00e9gal\u00e9, mais offre \u00e9galement une facilit\u00e9 d&rsquo;utilisation in\u00e9gal\u00e9e. De plus, gr\u00e2ce \u00e0 son int\u00e9gration transparente avec Yaymail, une solution de marketing CRM et de messagerie \u00e9lectronique innovante et tr\u00e8s efficace, les entreprises peuvent \u00e9galement ressentir la commodit\u00e9 et l&rsquo;efficacit\u00e9 suppl\u00e9mentaires de l&rsquo;automatisation de leurs correspondances de courrier \u00e9lectronique cruciales avec les clients, y compris, mais sans s&rsquo;y limiter, les recettes de paiement et les confirmations de commande. En mettant en \u0153uvre Yaymail Yith WooCommerce Stripe aujourd&rsquo;hui, les entreprises peuvent rationaliser et optimiser de mani\u00e8re transparente leurs proc\u00e9dures de traitement des paiements, r\u00e9volutionnant sans effort leurs op\u00e9rations.<\/p>\n","protected":false},"featured_media":146534,"comment_status":"open","ping_status":"open","template":"","meta":[],"product_brand":[2747],"product_cat":[1182,1223,1181],"product_tag":[2331],"class_list":{"0":"post-130261","1":"product","2":"type-product","3":"status-publish","4":"has-post-thumbnail","6":"product_brand-yaycommerce","7":"product_cat-commerce-electronique-plugins","8":"product_cat-personnalisation-commerce-electronique-plugins","9":"product_cat-plugins","10":"product_tag-yaycommerce","11":"member-discount","12":"discount-restricted","14":"first","15":"instock","16":"sale","17":"downloadable","18":"virtual","19":"sold-individually","20":"purchasable","21":"product-type-simple"},"_links":{"self":[{"href":"https:\/\/gpl-love.com\/fr\/wp-json\/wp\/v2\/product\/130261","targetHints":{"allow":["GET"]}}],"collection":[{"href":"https:\/\/gpl-love.com\/fr\/wp-json\/wp\/v2\/product"}],"about":[{"href":"https:\/\/gpl-love.com\/fr\/wp-json\/wp\/v2\/types\/product"}],"replies":[{"embeddable":true,"href":"https:\/\/gpl-love.com\/fr\/wp-json\/wp\/v2\/comments?post=130261"}],"wp:featuredmedia":[{"embeddable":true,"href":"https:\/\/gpl-love.com\/fr\/wp-json\/wp\/v2\/media\/146534"}],"wp:attachment":[{"href":"https:\/\/gpl-love.com\/fr\/wp-json\/wp\/v2\/media?parent=130261"}],"wp:term":[{"taxonomy":"product_brand","embeddable":true,"href":"https:\/\/gpl-love.com\/fr\/wp-json\/wp\/v2\/product_brand?post=130261"},{"taxonomy":"product_cat","embeddable":true,"href":"https:\/\/gpl-love.com\/fr\/wp-json\/wp\/v2\/product_cat?post=130261"},{"taxonomy":"product_tag","embeddable":true,"href":"https:\/\/gpl-love.com\/fr\/wp-json\/wp\/v2\/product_tag?post=130261"}],"curies":[{"name":"wp","href":"https:\/\/api.w.org\/{rel}","templated":true}]}}