{"id":130257,"date":"2025-06-05T00:00:00","date_gmt":"2025-06-04T22:00:00","guid":{"rendered":"https:\/\/gpl-love.com\/fr\/produit\/yaymail-wcfm\/"},"modified":"2026-03-20T23:55:32","modified_gmt":"2026-03-20T22:55:32","slug":"yaymail-wcfm","status":"publish","type":"product","link":"https:\/\/gpl-love.com\/fr\/produit\/yaymail-wcfm\/","title":{"rendered":"YayMail WCFM 4.0"},"content":{"rendered":"<h3>YayMail WCFM Traits<\/h3>\n<p>Yaymail WCFM est un outil de marketing par e-mail incroyablement innovant et de pointe, qui sert de moyen pour les entreprises pour \u00e9tablir une connexion personnalis\u00e9e et tr\u00e8s percutante avec leurs clients. Cette plate-forme extraordinaire poss\u00e8de un \u00e9ventail de fonctionnalit\u00e9s avanc\u00e9es et une interface intuitive, facilitant la cr\u00e9ation et la transmission d&rsquo;e-mails exceptionnellement professionnels qui sont garantis pour saisir l&rsquo;attention de votre public pr\u00e9vu. Que votre objectif soit d&rsquo;introduire un nouveau produit, de proclamer une vente s\u00e9duisante ou simplement de maintenir une correspondance r\u00e9guli\u00e8re avec vos pr\u00e9cieux clients, Yaymail WCFM vous offre tous les outils n\u00e9cessaires pour atteindre vos objectifs avec succ\u00e8s. Des mod\u00e8les enti\u00e8rement personnalisables aux analyses m\u00e9ticuleuses, cette plate-forme englobe tous les \u00e9l\u00e9ments essentiels requis pour concevoir et ex\u00e9cuter des campagnes de messagerie tr\u00e8s efficaces qui donnent des r\u00e9sultats fructueux. Par cons\u00e9quent, si vous vous trouvez \u00e0 la recherche d&rsquo;une solution de marketing par e-mail extr\u00eamement puissante, capable de propulser votre entreprise au sommet du succ\u00e8s, Yaymail WCFM appara\u00eet sans aucun doute comme le choix par excellence.<\/p>\n<ul>\n<li>Yaymail WCFM est un outil puissant pour g\u00e9rer et automatiser vos campagnes de sensibilisation par e-mail.<\/li>\n<li>Avec Yaymail WCFM, vous pouvez cr\u00e9er des mod\u00e8les de messagerie personnalis\u00e9s, planifier les envois par e-mail et suivre les performances des e-mails.<\/li>\n<li>L&rsquo;outil s&rsquo;int\u00e8gre parfaitement \u00e0 WooCommerce et WCFM Marketplace, vous permettant d&rsquo;envoyer facilement des e-mails transactionnels aux clients et aux fournisseurs.<\/li>\n<li>Yaymail WCFM prend \u00e9galement en charge la segmentation et le ciblage, vous permettant d&rsquo;envoyer des messages personnalis\u00e9s \u00e0 un public sp\u00e9cifique.<\/li>\n<li>Le tableau de bord est intuitif et facile \u00e0 utiliser, vous donnant un contr\u00f4le complet sur vos efforts de marketing par e-mail.<\/li>\n<li>Avec Yaymail WCFM, vous pouvez gagner du temps et des efforts tout en atteignant un public plus large et en entra\u00eenant plus de conversions.<\/li>\n<li>L&rsquo;outil est constamment mis \u00e0 jour et maintenu, garantissant que vous avez toujours acc\u00e8s aux derni\u00e8res fonctionnalit\u00e9s et fonctionnalit\u00e9s.<\/li>\n<li>Le support client est disponible pour vous aider \u00e0 tirer le meilleur parti de Yaymail WCFM et \u00e0 r\u00e9soudre tous les probl\u00e8mes ou pr\u00e9occupations que vous pourriez avoir.<\/li>\n<\/ul>\n","protected":false},"excerpt":{"rendered":"<p>Yaymail WCFM est un outil de marketing par e-mail incroyablement puissant et influent, m\u00e9ticuleusement con\u00e7u pour faciliter les entreprises en \u00e9tablissant et en maintenant efficacement la communication avec leur pr\u00e9cieux client\u00e8le. Avec son interface remarquablement conviviale et son ensemble de fonctionnalit\u00e9s exceptionnellement complet, Yaymail WCFM vous permet de fa\u00e7onner sans effort les campagnes d&rsquo;e-mail impressionnantes, d&rsquo;automatiser de mani\u00e8re transparente vos efforts de marketing et de surveiller avec diligence vos performances en temps r\u00e9el. Que votre objectif implique la promotion d&rsquo;un nouveau produit, la diffusion des newsletters r\u00e9guliers ou la culture de la fid\u00e9lit\u00e9 in\u00e9branlable de la client\u00e8le, assurez-vous que Yaymail WCFM r\u00e9sume tous les \u00e9l\u00e9ments requis pour le triomphe retentissant. Pascez le temps et ne ressentez pas les avantages in\u00e9gal\u00e9s de Yaymail WCFM aujourd&rsquo;hui, car il propulse vos efforts de marketing par e-mail \u00e0 des hauteurs sans pr\u00e9c\u00e9dent!<\/p>\n","protected":false},"featured_media":146531,"comment_status":"open","ping_status":"open","template":"","meta":[],"product_brand":[2747],"product_cat":[1182,1223,1181],"product_tag":[2331],"class_list":{"0":"post-130257","1":"product","2":"type-product","3":"status-publish","4":"has-post-thumbnail","6":"product_brand-yaycommerce","7":"product_cat-commerce-electronique-plugins","8":"product_cat-personnalisation-commerce-electronique-plugins","9":"product_cat-plugins","10":"product_tag-yaycommerce","11":"member-discount","12":"discount-restricted","14":"first","15":"instock","16":"sale","17":"downloadable","18":"virtual","19":"sold-individually","20":"purchasable","21":"product-type-simple"},"_links":{"self":[{"href":"https:\/\/gpl-love.com\/fr\/wp-json\/wp\/v2\/product\/130257","targetHints":{"allow":["GET"]}}],"collection":[{"href":"https:\/\/gpl-love.com\/fr\/wp-json\/wp\/v2\/product"}],"about":[{"href":"https:\/\/gpl-love.com\/fr\/wp-json\/wp\/v2\/types\/product"}],"replies":[{"embeddable":true,"href":"https:\/\/gpl-love.com\/fr\/wp-json\/wp\/v2\/comments?post=130257"}],"wp:featuredmedia":[{"embeddable":true,"href":"https:\/\/gpl-love.com\/fr\/wp-json\/wp\/v2\/media\/146531"}],"wp:attachment":[{"href":"https:\/\/gpl-love.com\/fr\/wp-json\/wp\/v2\/media?parent=130257"}],"wp:term":[{"taxonomy":"product_brand","embeddable":true,"href":"https:\/\/gpl-love.com\/fr\/wp-json\/wp\/v2\/product_brand?post=130257"},{"taxonomy":"product_cat","embeddable":true,"href":"https:\/\/gpl-love.com\/fr\/wp-json\/wp\/v2\/product_cat?post=130257"},{"taxonomy":"product_tag","embeddable":true,"href":"https:\/\/gpl-love.com\/fr\/wp-json\/wp\/v2\/product_tag?post=130257"}],"curies":[{"name":"wp","href":"https:\/\/api.w.org\/{rel}","templated":true}]}}