{"id":130251,"date":"2025-06-05T00:00:00","date_gmt":"2025-06-04T22:00:00","guid":{"rendered":"https:\/\/gpl-love.com\/fr\/produit\/yaymail-yith-advanced-refund-system-2\/"},"modified":"2026-03-20T23:55:28","modified_gmt":"2026-03-20T22:55:28","slug":"yaymail-yith-advanced-refund-system-2","status":"publish","type":"product","link":"https:\/\/gpl-love.com\/fr\/produit\/yaymail-yith-advanced-refund-system-2\/","title":{"rendered":"YayMail Yith Advanced Refund System 4.0"},"content":{"rendered":"<h3>YayMail Yith Advanced Refund System Traits<\/h3>\n<p>Yaymail Yith Advanced Rembourse System, un logiciel remarquablement remarquable, appara\u00eet comme une solution remarquablement puissante et largement riche en fonctionnalit\u00e9s, ce qui permet aux fournisseurs en ligne diligents de g\u00e9rer avec comp\u00e9tence et de bien entreprendre le processus de remboursement all\u00e9g\u00e9. Cet outil r\u00e9volutionnaire et avant-gardiste facilite ing\u00e9nieusement les clients en soumettant sans effort leurs demandes de remboursement en acc\u00e9dant directement \u00e0 leur tableau de bord de compte personnalis\u00e9, facilitant ainsi un processus remarquablement pratique et impeccablement rationalis\u00e9 qui att\u00e9nue sans aucun doute le fardeau des marchands. Avec le syst\u00e8me de remboursement avanc\u00e9 Yaymail Yith \u00e0 leur disposition, les commer\u00e7ants peuvent adroitement \u00e9valuer et traiter rapidement le flot de demandes de remboursement, aboutissant par la suite \u00e0 une r\u00e9duction substantielle du temps de traitement global et \u00e0 une am\u00e9lioration impeccable du niveau de satisfaction des clients estim\u00e9s. De plus, ce logiciel extraordinaire englobe une vaste gamme de fonctionnalit\u00e9s avanc\u00e9es, englobant mais sans s&rsquo;y limiter au traitement automatique des remboursements, des notifications par e-mail et des outils de rapports remarquablement complets, ce qui rendait ainsi l&rsquo;indubitable indispensable pour toute entreprise d&rsquo;activit\u00e9 en ligne astucieuse pour augmenter et remettre en valeur leurs capacit\u00e9s de gestion de remboursement et les capacit\u00e9s de gestion de remboursement astucieuses dans une mesure in\u00e9gal\u00e9e.<\/p>\n<ul>\n<li>Rationalise le processus de remboursement pour les entreprises et les clients<\/li>\n<li>Fournit une interface conviviale pour g\u00e9rer et suivre les remboursements<\/li>\n<li>Offre des politiques de remboursement personnalisables pour r\u00e9pondre aux besoins de votre entreprise<\/li>\n<li>Les notifications par e-mail automatiques tiennent les clients inform\u00e9s des mises \u00e0 jour de remboursement<\/li>\n<li>Int\u00e9gre parfaitement votre syst\u00e8me de paiement WooCommerce existant<\/li>\n<li>Gave le temps et r\u00e9duit la charge de travail pour les \u00e9quipes de service client<\/li>\n<li>Identifie les mod\u00e8les dans les demandes de remboursement pour aider \u00e0 pr\u00e9venir les probl\u00e8mes futurs<\/li>\n<li>Augmente la satisfaction et la fid\u00e9lit\u00e9 des clients en offrant une exp\u00e9rience de remboursement en douceur<\/li>\n<li>Permet aux entreprises de maintenir des enregistrements pr\u00e9cis des informations de remboursement \u00e0 des fins comptables<\/li>\n<li>Am\u00e9liore la cr\u00e9dibilit\u00e9 globale et le professionnalisme de votre entreprise<\/li>\n<\/ul>\n","protected":false},"excerpt":{"rendered":"<p>Yaymail Yith Advanced Refund System est un outil incroyablement robuste et tr\u00e8s efficace qui a \u00e9t\u00e9 m\u00e9ticuleusement d\u00e9velopp\u00e9 dans l&rsquo;objectif principal d&rsquo;optimiser et d&rsquo;am\u00e9liorer la proc\u00e9dure de remboursement globale pour vos clients estim\u00e9s. Gr\u00e2ce \u00e0 l&rsquo;utilisation de Yaymail Yith, vous pourrez g\u00e9rer sans effort et efficacement l&rsquo;int\u00e9gralit\u00e9 du processus de remboursement, automatiser de mani\u00e8re transparente la diffusion des notifications de remboursement et surveiller et analyser de mani\u00e8re \u00e9troite toutes les mesures de remboursement en temps r\u00e9el. Ce syst\u00e8me ph\u00e9nom\u00e9nal est exceptionnellement bien adapt\u00e9 pour diverses entreprises qui aspirent \u00e0 rendre une exp\u00e9rience de remboursement absolument impeccable et sans tracas \u00e0 leur pr\u00e9cieuse client\u00e8le. Regardless of whether you operate a comparatively modest and compact establishment or a significantly larger and more expansive retail enterprise, rest assured that the YayMail Yith Advanced Refund System is unequivocally the quintessential solution that will unequivocally revolutionize and streamline your refund process to unparalleled levels of excellence and efficacit\u00e9.<\/p>\n","protected":false},"featured_media":146526,"comment_status":"open","ping_status":"open","template":"","meta":[],"product_brand":[2747],"product_cat":[1182,1223,1181],"product_tag":[2331],"class_list":{"0":"post-130251","1":"product","2":"type-product","3":"status-publish","4":"has-post-thumbnail","6":"product_brand-yaycommerce","7":"product_cat-commerce-electronique-plugins","8":"product_cat-personnalisation-commerce-electronique-plugins","9":"product_cat-plugins","10":"product_tag-yaycommerce","11":"member-discount","12":"discount-restricted","14":"first","15":"instock","16":"sale","17":"downloadable","18":"virtual","19":"sold-individually","20":"purchasable","21":"product-type-simple"},"_links":{"self":[{"href":"https:\/\/gpl-love.com\/fr\/wp-json\/wp\/v2\/product\/130251","targetHints":{"allow":["GET"]}}],"collection":[{"href":"https:\/\/gpl-love.com\/fr\/wp-json\/wp\/v2\/product"}],"about":[{"href":"https:\/\/gpl-love.com\/fr\/wp-json\/wp\/v2\/types\/product"}],"replies":[{"embeddable":true,"href":"https:\/\/gpl-love.com\/fr\/wp-json\/wp\/v2\/comments?post=130251"}],"wp:featuredmedia":[{"embeddable":true,"href":"https:\/\/gpl-love.com\/fr\/wp-json\/wp\/v2\/media\/146526"}],"wp:attachment":[{"href":"https:\/\/gpl-love.com\/fr\/wp-json\/wp\/v2\/media?parent=130251"}],"wp:term":[{"taxonomy":"product_brand","embeddable":true,"href":"https:\/\/gpl-love.com\/fr\/wp-json\/wp\/v2\/product_brand?post=130251"},{"taxonomy":"product_cat","embeddable":true,"href":"https:\/\/gpl-love.com\/fr\/wp-json\/wp\/v2\/product_cat?post=130251"},{"taxonomy":"product_tag","embeddable":true,"href":"https:\/\/gpl-love.com\/fr\/wp-json\/wp\/v2\/product_tag?post=130251"}],"curies":[{"name":"wp","href":"https:\/\/api.w.org\/{rel}","templated":true}]}}