{"id":130231,"date":"2025-06-05T00:00:00","date_gmt":"2025-06-04T22:00:00","guid":{"rendered":"https:\/\/gpl-love.com\/fr\/produit\/yaymail-woocommerce-return-et-warranty-management\/"},"modified":"2026-03-20T23:56:05","modified_gmt":"2026-03-20T22:56:05","slug":"yaymail-woocommerce-return-et-warranty-management","status":"publish","type":"product","link":"https:\/\/gpl-love.com\/fr\/produit\/yaymail-woocommerce-return-et-warranty-management\/","title":{"rendered":"YayMail WooCommerce Return et Warranty Management 4.0"},"content":{"rendered":"<h3>YayMail WooCommerce Return et Warranty Management Traits<\/h3>\n<p>Yaymail WooCommerce Le retour et la gestion de la garantie sont un outil extr\u00eamement puissant qui a \u00e9t\u00e9 soigneusement con\u00e7u avec l&rsquo;intention de simplifier la t\u00e2che complexe de gestion des rendements et des garanties de produits dans la plate-forme WooCommerce. En se pr\u00e9voyant de cette solution remarquable, les utilisateurs ont la possibilit\u00e9 de superviser sans effort l&rsquo;ensemble du processus de retour, englobant l&rsquo;initiation des rendements, le suivi vigilant des exp\u00e9ditions et la gestion judicieuse des remboursements. De plus, cette plate-forme exceptionnelle poss\u00e8de \u00e9galement un syst\u00e8me de gestion de garantie globale qui offre aux utilisateurs la capacit\u00e9 de surveiller et de r\u00e9glementer facilement les garanties, entra\u00eenant la possibilit\u00e9 d&rsquo;\u00e9tablir des dates d&rsquo;expiration, de g\u00e9rer adroitement les r\u00e9clamations et de g\u00e9n\u00e9rer rapidement des rapports d\u00e9taill\u00e9s. L&rsquo;enr\u00f4lement des services de Yaymail WooCommerce Le retour et la gestion de la garantie permet ainsi aux entreprises de rationaliser leurs op\u00e9rations et de fournir \u00e0 leurs clients estim\u00e9s une exp\u00e9rience de rendement et de garantie sans pr\u00e9c\u00e9dent, favorisant finalement un sentiment accru de satisfaction et de fid\u00e9lit\u00e9 \u00e9ternel.<\/p>\n<ul>\n<li>Processus de configuration rapide et facile pour une int\u00e9gration transparente avec votre boutique WooCommerce<\/li>\n<li>Gestion des rendements rationalis\u00e9s et efficaces, minimisant les tracas pour les clients et les propri\u00e9taires de magasins<\/li>\n<li>Politiques de retour personnalisables et approbations de retour automatis\u00e9es, assurant un traitement coh\u00e9rent et \u00e9quitable des clients<\/li>\n<li>Fonctionnalit\u00e9 robuste de gestion de la garantie, permettant le suivi et la gestion des garanties des produits \u00e0 partir d&rsquo;une seule plateforme<\/li>\n<li>Repr\u00e9sentation et analyses compl\u00e8tes sur les donn\u00e9es de retour et de garantie, fournissant des informations pour am\u00e9liorer la satisfaction des clients et les performances de l&rsquo;entreprise<\/li>\n<li>Int\u00e9gration avec les principaux transporteurs d&rsquo;exp\u00e9dition pour un suivi et un traitement faciles des retours<\/li>\n<li>Prise en charge multilingue pour une client\u00e8le mondiale<\/li>\n<li>Assistance client 24\/7 pour assurer une r\u00e9solution rapide et efficace de tout probl\u00e8me ou demandes<\/li>\n<\/ul>\n","protected":false},"excerpt":{"rendered":"<p>Yaymail WooCommerce Le retour et la gestion de la garantie servent une extension tr\u00e8s puissante et conviviale, am\u00e9liorant efficacement et rationalisation de la proc\u00e9dure de retour et de garantie pour les marchands de commerce \u00e9lectronique exploitant leurs magasins en ligne sur la plate-forme WooCommerce. En utilisant ce plugin, les vendeurs peuvent g\u00e9rer et superviser sans effort les demandes de rendement et de garantie, tout en automatisant le processus d&rsquo;approbation complexe. De plus, cet outil permet aux vendeurs de suivre facilement les exp\u00e9ditions, de g\u00e9n\u00e9rer des rapports de remboursement complets et d&rsquo;ex\u00e9cuter diverses autres fonctions. Gr\u00e2ce \u00e0 la simplification du processus de retour, les vendeurs ont la possibilit\u00e9 d&rsquo;\u00e9lever les niveaux de satisfaction des clients et de renforcer ainsi leur r\u00e9putation en ligne estim\u00e9e. C&rsquo;est avec une grande assurance que Yaymail WooCommerce Return and Garantie Management accorde un sentiment de tranquillit\u00e9 aux clients, garantissant leur plus grande tranquillit\u00e9 d&rsquo;esprit.<\/p>\n","protected":false},"featured_media":146570,"comment_status":"open","ping_status":"open","template":"","meta":[],"product_brand":[2747],"product_cat":[1182,1223,1181],"product_tag":[2331],"class_list":{"0":"post-130231","1":"product","2":"type-product","3":"status-publish","4":"has-post-thumbnail","6":"product_brand-yaycommerce","7":"product_cat-commerce-electronique-plugins","8":"product_cat-personnalisation-commerce-electronique-plugins","9":"product_cat-plugins","10":"product_tag-yaycommerce","11":"member-discount","12":"discount-restricted","14":"first","15":"instock","16":"sale","17":"downloadable","18":"virtual","19":"sold-individually","20":"purchasable","21":"product-type-simple"},"_links":{"self":[{"href":"https:\/\/gpl-love.com\/fr\/wp-json\/wp\/v2\/product\/130231","targetHints":{"allow":["GET"]}}],"collection":[{"href":"https:\/\/gpl-love.com\/fr\/wp-json\/wp\/v2\/product"}],"about":[{"href":"https:\/\/gpl-love.com\/fr\/wp-json\/wp\/v2\/types\/product"}],"replies":[{"embeddable":true,"href":"https:\/\/gpl-love.com\/fr\/wp-json\/wp\/v2\/comments?post=130231"}],"wp:featuredmedia":[{"embeddable":true,"href":"https:\/\/gpl-love.com\/fr\/wp-json\/wp\/v2\/media\/146570"}],"wp:attachment":[{"href":"https:\/\/gpl-love.com\/fr\/wp-json\/wp\/v2\/media?parent=130231"}],"wp:term":[{"taxonomy":"product_brand","embeddable":true,"href":"https:\/\/gpl-love.com\/fr\/wp-json\/wp\/v2\/product_brand?post=130231"},{"taxonomy":"product_cat","embeddable":true,"href":"https:\/\/gpl-love.com\/fr\/wp-json\/wp\/v2\/product_cat?post=130231"},{"taxonomy":"product_tag","embeddable":true,"href":"https:\/\/gpl-love.com\/fr\/wp-json\/wp\/v2\/product_tag?post=130231"}],"curies":[{"name":"wp","href":"https:\/\/api.w.org\/{rel}","templated":true}]}}