{"id":130230,"date":"2025-06-05T00:00:00","date_gmt":"2025-06-04T22:00:00","guid":{"rendered":"https:\/\/gpl-love.com\/fr\/produit\/yaymail-yith-woocommerce-pre-order\/"},"modified":"2026-03-20T23:56:04","modified_gmt":"2026-03-20T22:56:04","slug":"yaymail-yith-woocommerce-pre-order","status":"publish","type":"product","link":"https:\/\/gpl-love.com\/fr\/produit\/yaymail-yith-woocommerce-pre-order\/","title":{"rendered":"YayMail Yith WooCommerce Pre-Order 4.0"},"content":{"rendered":"<h3>YayMail Yith WooCommerce Pre-Order Traits<\/h3>\n<p>Yaymail Yith WooCommerce Pr\u00e9commande, un outil remarquablement puissant, sert de moyen efficace de g\u00e9rer les pr\u00e9commandes sur les sites Web WooCommerce. Ce plugin exceptionnel accorde aux utilisateurs la capacit\u00e9 transparente \u00e0 g\u00e9n\u00e9rer sans effort des produits de pr\u00e9commande et \u00e0 \u00e9tablir des dates de pr\u00e9commande personnalis\u00e9es, tout en fournissant aux clients une plus grande clart\u00e9 concernant la disponibilit\u00e9 des produits et les horaires de livraison. La pr\u00e9commande Yaymail Yith Yith WooCommerce rationalise non seulement le processus de pr\u00e9commande, am\u00e9liorant ainsi l&rsquo;exp\u00e9rience client des entreprises, mais garantit \u00e9galement que les clients poss\u00e8dent syst\u00e9matiquement l&rsquo;acc\u00e8s \u00e0 des informations pr\u00e9cises et fiables. B\u00e9n\u00e9ficiant d&rsquo;une interface intuitive aux c\u00f4t\u00e9s d&rsquo;une pl\u00e9thore de fonctionnalit\u00e9s robustes, la pr\u00e9commande Yaymail Yith WooCommerce appara\u00eet comme un atout indispensable pour les entreprises impliqu\u00e9es dans la gestion des pr\u00e9commandes.<\/p>\n<ul>\n<li>Permet aux clients de pr\u00e9commander des produits avant leur lib\u00e9ration<\/li>\n<li>Int\u00e9gration transparente avec Yith WooCommerce<\/li>\n<li>Facile \u00e0 configurer et \u00e0 configurer<\/li>\n<li>Hautement personnalisable pour s&rsquo;adapter \u00e0 la marque et au style de votre magasin<\/li>\n<li>Am\u00e9lioration de l&rsquo;exp\u00e9rience client et de la satisfaction en leur permettant de s\u00e9curiser les produits \u00e0 l&rsquo;avance<\/li>\n<li>Fournit des informations pr\u00e9cieuses sur la demande des clients et aide \u00e0 la gestion des stocks<\/li>\n<li>Augmente le potentiel de vente en faisant la promotion des produits avant d&rsquo;\u00eatre disponibles \u00e0 l&rsquo;achat<\/li>\n<li>Prend en charge plusieurs passerelles de paiement pour les pr\u00e9commandes<\/li>\n<li>Compatible avec une large gamme de th\u00e8mes et plugins WordPress<\/li>\n<li>Support client stellaire de l&rsquo;\u00e9quipe Yaymail.<\/li>\n<\/ul>\n","protected":false},"excerpt":{"rendered":"<p>Yaymail Yith WooCommerce La pr\u00e9commande s&rsquo;av\u00e8re \u00eatre une extension exceptionnelle car elle facilite consid\u00e9rablement la gestion transparente des ventes de pr\u00e9commande pour les propri\u00e9taires de magasins. En utilisant cette prolongation, les clients ont la possibilit\u00e9 de pr\u00e9commander des produits qui n&rsquo;ont pas encore \u00e9t\u00e9 mis \u00e0 disposition \u00e0 la vente, tout en aidant simultan\u00e9ment les propri\u00e9taires de magasins en gardant effectivement une trace de ces pr\u00e9commandes. Avec l&rsquo;aide de Yaymail Yith WooCommerce en pr\u00e9commande, la cr\u00e9ation de produits de pr\u00e9commande est rendue sans effort, en outre compl\u00e9t\u00e9 par sa fonctionnalit\u00e9 permettant la cr\u00e9ation de dur\u00e9es de pr\u00e9commande et la notification ult\u00e9rieure des clients sur la disponibilit\u00e9 de l&rsquo;achat de ladite pr\u00e9commande de pr\u00e9-commande des produits. Ainsi, il est essentiel que toute boutique en ligne aspire \u00e0 maximiser les ventes et \u00e0 rationaliser la gestion des ventes en pr\u00e9commande pour poss\u00e9der cet outil inestimable.<\/p>\n","protected":false},"featured_media":146569,"comment_status":"open","ping_status":"open","template":"","meta":[],"product_brand":[2747],"product_cat":[1182,1223,1181],"product_tag":[2331],"class_list":{"0":"post-130230","1":"product","2":"type-product","3":"status-publish","4":"has-post-thumbnail","6":"product_brand-yaycommerce","7":"product_cat-commerce-electronique-plugins","8":"product_cat-personnalisation-commerce-electronique-plugins","9":"product_cat-plugins","10":"product_tag-yaycommerce","11":"member-discount","12":"discount-restricted","14":"first","15":"instock","16":"sale","17":"downloadable","18":"virtual","19":"sold-individually","20":"purchasable","21":"product-type-simple"},"_links":{"self":[{"href":"https:\/\/gpl-love.com\/fr\/wp-json\/wp\/v2\/product\/130230","targetHints":{"allow":["GET"]}}],"collection":[{"href":"https:\/\/gpl-love.com\/fr\/wp-json\/wp\/v2\/product"}],"about":[{"href":"https:\/\/gpl-love.com\/fr\/wp-json\/wp\/v2\/types\/product"}],"replies":[{"embeddable":true,"href":"https:\/\/gpl-love.com\/fr\/wp-json\/wp\/v2\/comments?post=130230"}],"wp:featuredmedia":[{"embeddable":true,"href":"https:\/\/gpl-love.com\/fr\/wp-json\/wp\/v2\/media\/146569"}],"wp:attachment":[{"href":"https:\/\/gpl-love.com\/fr\/wp-json\/wp\/v2\/media?parent=130230"}],"wp:term":[{"taxonomy":"product_brand","embeddable":true,"href":"https:\/\/gpl-love.com\/fr\/wp-json\/wp\/v2\/product_brand?post=130230"},{"taxonomy":"product_cat","embeddable":true,"href":"https:\/\/gpl-love.com\/fr\/wp-json\/wp\/v2\/product_cat?post=130230"},{"taxonomy":"product_tag","embeddable":true,"href":"https:\/\/gpl-love.com\/fr\/wp-json\/wp\/v2\/product_tag?post=130230"}],"curies":[{"name":"wp","href":"https:\/\/api.w.org\/{rel}","templated":true}]}}