{"id":130229,"date":"2025-06-05T00:00:00","date_gmt":"2025-06-04T22:00:00","guid":{"rendered":"https:\/\/gpl-love.com\/fr\/produit\/yaymail-woocommerce-license-manager\/"},"modified":"2026-03-20T23:56:01","modified_gmt":"2026-03-20T22:56:01","slug":"yaymail-woocommerce-license-manager","status":"publish","type":"product","link":"https:\/\/gpl-love.com\/fr\/produit\/yaymail-woocommerce-license-manager\/","title":{"rendered":"YayMail WooCommerce License Manager 4.0"},"content":{"rendered":"<h3>YayMail WooCommerce License Manager Traits<\/h3>\n<p>Yaymail WooCommerce Licence Manager s&rsquo;av\u00e8re \u00eatre une solution extr\u00eamement puissante lorsqu&rsquo;il s&rsquo;agit de g\u00e9rer efficacement les licences des produits vendus via WooCommerce. Ce plugin exceptionnel propose une interface conviviale qui vous permet de cr\u00e9er et de g\u00e9rer sans effort des licences, de surveiller \u00e9troitement les activations et de suivre m\u00e9ticuleusement l&rsquo;utilisation. L&rsquo;int\u00e9gration transparente de ce plugin avec WooCommerce permet une gestion transparente des licences pour les produits physiques et num\u00e9riques. B\u00e9n\u00e9ficiant d&rsquo;une gamme de fonctionnalit\u00e9s impressionnantes telles que l&rsquo;activation automatis\u00e9e des licences, une gestion efficace des clients et des rapports complets, il est \u00e9vident que le gestionnaire de licence Yaymail WooCommerce est le choix optimal pour les entreprises de toute \u00e9chelle, cherchant \u00e0 rationaliser et \u00e0 am\u00e9liorer leurs proc\u00e9dures de gestion de licences. Que vous soyez un propri\u00e9taire de petite entreprise en plein essor ou une formidable entreprise, ce plugin remarquable est garanti pour \u00e9conomiser consid\u00e9rablement votre temps pr\u00e9cieux et am\u00e9liorer l&rsquo;exp\u00e9rience globale de vos clients estim\u00e9s.<\/p>\n<ul>\n<li>Rationalisez votre entreprise de commerce \u00e9lectronique avec Yaymail WooCommerce Licence Manager<\/li>\n<li>G\u00e9rer et suivre facilement les licences pour vos produits WooCommerce<\/li>\n<li>Prot\u00e9gez votre logiciel contre la distribution non autoris\u00e9e gr\u00e2ce \u00e0 l&rsquo;activation automatique de licence et \u00e0 la d\u00e9sactivation<\/li>\n<li>Personnaliser les cl\u00e9s de licence pour une s\u00e9curit\u00e9 et une flexibilit\u00e9 accrues<\/li>\n<li>Livraison par e-mail automatique des cl\u00e9s de licence aux clients lors de l&rsquo;achat<\/li>\n<li>Afficher et g\u00e9rer facilement les activations de licence et les mises \u00e0 jour \u00e0 partir d&rsquo;un tableau de bord central<\/li>\n<li>Am\u00e9liorer la satisfaction du client en fournissant un support rapide et fiable pour les probl\u00e8mes de licence<\/li>\n<li>Compatible avec les th\u00e8mes et plugins WordPress populaires, y compris les abonnements WooCommerce<\/li>\n<li>Support client 24\/7 et documentation compl\u00e8te pour assurer une configuration en douceur et une utilisation efficace du plugin.<\/li>\n<\/ul>\n","protected":false},"excerpt":{"rendered":"<p>Le gestionnaire de licence Yaymail WooCommerce offre une solution robuste et puissante pour la gestion des licences concernant vos produits WooCommerce. Il vous permet de g\u00e9n\u00e9rer, de g\u00e9rer et de surveiller et de surveiller les licences vos produits sans effort, garantissant ainsi que les individus autoris\u00e9s seuls leur acc\u00e8dent acc\u00e8s. Yaymail se r\u00e9v\u00e8le \u00eatre une ressource inestimable pour prot\u00e9ger votre propri\u00e9t\u00e9 intellectuelle et maintenir la s\u00e9curit\u00e9 de votre logiciel, de vos biens num\u00e9riques ou de toute autre marchandise que vous pourriez \u00eatre livr\u00e9e. B\u00e9n\u00e9ficiant d&rsquo;une interface conviviale et instinctive, Yaymail s&rsquo;adresse aux particuliers sans expertise technique significative, garantissant une exp\u00e9rience transparente. Par cons\u00e9quent, si vous aspirez \u00e0 rationaliser vos op\u00e9rations de gestion de licence et \u00e0 fortifier la protection de vos produits, il serait fortement recommand\u00e9 d&rsquo;essayer Yaymail WooCommerce Licence Orday.<\/p>\n","protected":false},"featured_media":146565,"comment_status":"open","ping_status":"open","template":"","meta":[],"product_brand":[2747],"product_cat":[1182,1223,1181],"product_tag":[2331],"class_list":{"0":"post-130229","1":"product","2":"type-product","3":"status-publish","4":"has-post-thumbnail","6":"product_brand-yaycommerce","7":"product_cat-commerce-electronique-plugins","8":"product_cat-personnalisation-commerce-electronique-plugins","9":"product_cat-plugins","10":"product_tag-yaycommerce","11":"member-discount","12":"discount-restricted","14":"first","15":"instock","16":"sale","17":"downloadable","18":"virtual","19":"sold-individually","20":"purchasable","21":"product-type-simple"},"_links":{"self":[{"href":"https:\/\/gpl-love.com\/fr\/wp-json\/wp\/v2\/product\/130229","targetHints":{"allow":["GET"]}}],"collection":[{"href":"https:\/\/gpl-love.com\/fr\/wp-json\/wp\/v2\/product"}],"about":[{"href":"https:\/\/gpl-love.com\/fr\/wp-json\/wp\/v2\/types\/product"}],"replies":[{"embeddable":true,"href":"https:\/\/gpl-love.com\/fr\/wp-json\/wp\/v2\/comments?post=130229"}],"wp:featuredmedia":[{"embeddable":true,"href":"https:\/\/gpl-love.com\/fr\/wp-json\/wp\/v2\/media\/146565"}],"wp:attachment":[{"href":"https:\/\/gpl-love.com\/fr\/wp-json\/wp\/v2\/media?parent=130229"}],"wp:term":[{"taxonomy":"product_brand","embeddable":true,"href":"https:\/\/gpl-love.com\/fr\/wp-json\/wp\/v2\/product_brand?post=130229"},{"taxonomy":"product_cat","embeddable":true,"href":"https:\/\/gpl-love.com\/fr\/wp-json\/wp\/v2\/product_cat?post=130229"},{"taxonomy":"product_tag","embeddable":true,"href":"https:\/\/gpl-love.com\/fr\/wp-json\/wp\/v2\/product_tag?post=130229"}],"curies":[{"name":"wp","href":"https:\/\/api.w.org\/{rel}","templated":true}]}}