{"id":130228,"date":"2025-11-06T00:00:00","date_gmt":"2025-11-05T23:00:00","guid":{"rendered":"https:\/\/gpl-love.com\/fr\/produit\/yaymail-woocommerce-account-funds\/"},"modified":"2026-03-20T23:56:00","modified_gmt":"2026-03-20T22:56:00","slug":"yaymail-woocommerce-account-funds","status":"publish","type":"product","link":"https:\/\/gpl-love.com\/fr\/produit\/yaymail-woocommerce-account-funds\/","title":{"rendered":"YayMail WooCommerce Account Funds 4.0.7"},"content":{"rendered":"<h3>YayMail WooCommerce Account Funds Traits<\/h3>\n<p>Les fonds de compte Yaymail WooCommerce s&rsquo;av\u00e8rent \u00eatre un atout inestimable pour les propri\u00e9taires de magasins WooCommerce qui souhaitent la facilitation du processus de leurs clients d&rsquo;ajouter des fonds \u00e0 leurs comptes. Gr\u00e2ce \u00e0 l&rsquo;utilisation de cette prolongation, les clients peuvent int\u00e9grer facilement les fonds dans leurs comptes via une gamme de m\u00e9thodes de paiement, qui comprennent des cartes de cr\u00e9dit et PayPal. Les fonds acquis servent par la suite l&rsquo;objectif d&rsquo;activer les achats dans le magasin, simplifiant ainsi la proc\u00e9dure de paiement et finalement am\u00e9liorer le contentement des clients. De plus, les propri\u00e9taires de magasins poss\u00e8dent la capacit\u00e9 d&rsquo;utiliser cet outil afin d&rsquo;\u00e9tendre les remises aux clients qui agissent sur l&rsquo;effort d&rsquo;ajouter des fonds \u00e0 leurs comptes, stimulant ainsi une fr\u00e9quence accrue d&rsquo;achats. Dans l&rsquo;ensemble, les fonds de compte Yaymail WooCommerce repr\u00e9sentent une acquisition obligatoire pour tout magasin WooCommerce aspirant \u00e0 optimiser le processus de paiement et \u00e0 fortifier l&rsquo;all\u00e9geance du client.<\/p>\n<ul>\n<li>Acc\u00e8s \u00e0 la nouvelle fonctionnalit\u00e9 WooCommerce<\/li>\n<li>Capacit\u00e9 \u00e0 g\u00e9rer les fonds de compte au sein de la plateforme WooCommerce<\/li>\n<li>Processus de paiement simplifi\u00e9<\/li>\n<li>Fonctions de s\u00e9curit\u00e9 am\u00e9lior\u00e9es pour les transactions<\/li>\n<li>Interface conviviale pour une navigation et une gestion faciles des fonds<\/li>\n<li>Contr\u00f4le plus important sur le budget et les d\u00e9penses<\/li>\n<li>Am\u00e9lioration de la communication avec les clients concernant les fonds de compte<\/li>\n<li>Int\u00e9gration transparente avec d&rsquo;autres m\u00e9thodes de paiement WooCommerce<\/li>\n<li>Solution rentable pour les commer\u00e7ants qui cherchent \u00e0 offrir des fonds de compte aux clients<\/li>\n<li>Augmentation de la fid\u00e9lisation de la client\u00e8le et de la fid\u00e9lit\u00e9 gr\u00e2ce aux d\u00e9penses incitatives.<\/li>\n<\/ul>\n","protected":false},"excerpt":{"rendered":"<p>Les fonds de compte Yaymail WooCommerce s&rsquo;av\u00e8rent \u00eatre un outil incroyablement robuste et influent qui donne aux clients la possibilit\u00e9 de charger de mani\u00e8re pratique et au pr\u00e9alable de leur compte avec des fonds. Par cons\u00e9quent, cela leur permet de mener des transactions s\u00e9curis\u00e9es lors des achats sur votre estimation de la boutique WooCommerce. En mettant en \u0153uvre cette fonctionnalit\u00e9 exceptionnelle, il n&rsquo;est pas n\u00e9cessaire que les clients saisissent de mani\u00e8re r\u00e9p\u00e9titive leurs informations de paiement pour chaque transaction, assurant ainsi un processus de paiement remarquablement fluide et rapide. En plus de cela, cet outil inestimable vous aide \u00e0 r\u00e9duire efficacement les frais associ\u00e9s au traitement des paiements et \u00e0 att\u00e9nuer les risques potentiels d&rsquo;activit\u00e9 frauduleuse. Par cons\u00e9quent, il est tr\u00e8s conseill\u00e9 de commencer \u00e0 utiliser les fonds de compte Yaymail WooCommerce sans d\u00e9lai, afin d&rsquo;augmenter \u00e0 la fois la satisfaction de votre client\u00e8le et les revenus globaux de votre entreprise.<\/p>\n","protected":false},"featured_media":146564,"comment_status":"open","ping_status":"open","template":"","meta":[],"product_brand":[2747],"product_cat":[1182,1223,1181],"product_tag":[2331],"class_list":{"0":"post-130228","1":"product","2":"type-product","3":"status-publish","4":"has-post-thumbnail","6":"product_brand-yaycommerce","7":"product_cat-commerce-electronique-plugins","8":"product_cat-personnalisation-commerce-electronique-plugins","9":"product_cat-plugins","10":"product_tag-yaycommerce","11":"member-discount","12":"discount-restricted","14":"first","15":"instock","16":"sale","17":"downloadable","18":"virtual","19":"sold-individually","20":"purchasable","21":"product-type-simple"},"_links":{"self":[{"href":"https:\/\/gpl-love.com\/fr\/wp-json\/wp\/v2\/product\/130228","targetHints":{"allow":["GET"]}}],"collection":[{"href":"https:\/\/gpl-love.com\/fr\/wp-json\/wp\/v2\/product"}],"about":[{"href":"https:\/\/gpl-love.com\/fr\/wp-json\/wp\/v2\/types\/product"}],"replies":[{"embeddable":true,"href":"https:\/\/gpl-love.com\/fr\/wp-json\/wp\/v2\/comments?post=130228"}],"wp:featuredmedia":[{"embeddable":true,"href":"https:\/\/gpl-love.com\/fr\/wp-json\/wp\/v2\/media\/146564"}],"wp:attachment":[{"href":"https:\/\/gpl-love.com\/fr\/wp-json\/wp\/v2\/media?parent=130228"}],"wp:term":[{"taxonomy":"product_brand","embeddable":true,"href":"https:\/\/gpl-love.com\/fr\/wp-json\/wp\/v2\/product_brand?post=130228"},{"taxonomy":"product_cat","embeddable":true,"href":"https:\/\/gpl-love.com\/fr\/wp-json\/wp\/v2\/product_cat?post=130228"},{"taxonomy":"product_tag","embeddable":true,"href":"https:\/\/gpl-love.com\/fr\/wp-json\/wp\/v2\/product_tag?post=130228"}],"curies":[{"name":"wp","href":"https:\/\/api.w.org\/{rel}","templated":true}]}}