{"id":130227,"date":"2022-12-13T00:00:00","date_gmt":"2022-12-12T23:00:00","guid":{"rendered":"https:\/\/gpl-love.com\/fr\/produit\/yaymail-alidropship-woocommerce\/"},"modified":"2026-03-20T23:55:59","modified_gmt":"2026-03-20T22:55:59","slug":"yaymail-alidropship-woocommerce","status":"publish","type":"product","link":"https:\/\/gpl-love.com\/fr\/produit\/yaymail-alidropship-woocommerce\/","title":{"rendered":"YayMail AliDropship WooCommerce 1.1"},"content":{"rendered":"<h3>YayMail AliDropship WooCommerce Traits<\/h3>\n<p>Yaymail Alidropship WooCommerce, un outil de marketing par e-mail incroyablement robuste sp\u00e9cifiquement adapt\u00e9 aux personnes qui utilisent le plugin d&rsquo;alidrophip WooCommerce, est un logiciel remarquable qui rationalise le processus de g\u00e9n\u00e9ration, d&rsquo;organisation et de r\u00e9partition des campagnes d&rsquo;e-mail cibl\u00e9es aux clients existants ainsi qu&rsquo;aux clients potentiels. Avec une interface incroyablement intuitive, ce programme exceptionnel vous permet de cr\u00e9er et de personnaliser sans effort des mod\u00e8les de messagerie, de segmenter efficacement votre liste de diffusion, d&rsquo;automatiser les d\u00e9p\u00eaches de messagerie et de surveiller m\u00e9ticuleusement les performances de vos campagnes. En utilisant Yaymail Alidrophip WooCommerce, vous avez l&rsquo;occasion remarquable de favoriser et de cultiver un rapport r\u00e9silient avec votre client\u00e8le estim\u00e9e, de renforcer les niveaux d&rsquo;engagement et d&rsquo;augmenter consid\u00e9rablement les chiffres de vente. Cet instrument indispensable est une n\u00e9cessit\u00e9 absolue pour toute entreprise de commerce \u00e9lectronique en plein essor cherchant \u00e0 optimiser leurs efforts de marketing.<\/p>\n<ul>\n<li>Solution de dropshipping facile \u00e0 l&rsquo;aide de la plate-forme WooCommerce<\/li>\n<li>Int\u00e9gration avec AliExpress pour l&rsquo;approvisionnement et l&rsquo;accomplissement des produits<\/li>\n<li>R\u00e9alisation et suivi automatis\u00e9s des commandes<\/li>\n<li>Mod\u00e8les de messagerie personnalisables pour la communication client<\/li>\n<li>Mises \u00e0 jour des stocks en temps r\u00e9el et ajustement des prix<\/li>\n<li>Support multi-monnaie pour les ventes internationales<\/li>\n<li>Importation en un clic de produits et d&rsquo;images<\/li>\n<li>Caract\u00e9ristique des produits recommand\u00e9s pour la vente lancinante<\/li>\n<li>Optimisation du r\u00e9f\u00e9rencement pour les listes de produits<\/li>\n<li>Mises \u00e0 jour gratuites et support client<\/li>\n<\/ul>\n","protected":false},"excerpt":{"rendered":"<p>Yaymail Alidropship WooCommerce, un plugin de commerce \u00e9lectronique exceptionnellement avant-gardiste, pr\u00e9sente aux utilisateurs l&rsquo;occasion remarquable de combiner de mani\u00e8re transparente leur magasin WooCommerce avec la plate-forme d&rsquo;alidrophips estim\u00e9e. Cet outil profond\u00e9ment puissant simplifie non seulement le processus par ailleurs laborieux de r\u00e9alisation des commandes, mais offre \u00e9galement une pl\u00e9thore de ressources de marketing par e-mail de pointe pour \u00e9lever ses ventes \u00e0 des sommets sans pr\u00e9c\u00e9dent. Avec l&rsquo;aide de Yaymail, l&rsquo;\u00e9laboration de campagnes de messagerie automatis\u00e9es con\u00e7ues pour captiver et saisir votre client\u00e8le estim\u00e9e, tout en pr\u00e9sentant vos derni\u00e8res cr\u00e9ations les plus \u00e9blouissantes, devient une entreprise sans effort. Bid adieu \u00e0 la p\u00e9nurie du marketing par e-mail manuel et inaugurez une \u00e9poque d&rsquo;efficacit\u00e9 et d&rsquo;efficacit\u00e9 in\u00e9gal\u00e9es dans les ventes, gr\u00e2ce \u00e0 la fusion exceptionnelle qu&rsquo;est Yaymail Alidrophip WooCommerce.<\/p>\n","protected":false},"featured_media":146563,"comment_status":"open","ping_status":"open","template":"","meta":[],"product_brand":[2747],"product_cat":[1182,1223,1181],"product_tag":[2331],"class_list":{"0":"post-130227","1":"product","2":"type-product","3":"status-publish","4":"has-post-thumbnail","6":"product_brand-yaycommerce","7":"product_cat-commerce-electronique-plugins","8":"product_cat-personnalisation-commerce-electronique-plugins","9":"product_cat-plugins","10":"product_tag-yaycommerce","11":"member-discount","12":"discount-restricted","14":"first","15":"instock","16":"sale","17":"downloadable","18":"virtual","19":"sold-individually","20":"purchasable","21":"product-type-simple"},"_links":{"self":[{"href":"https:\/\/gpl-love.com\/fr\/wp-json\/wp\/v2\/product\/130227","targetHints":{"allow":["GET"]}}],"collection":[{"href":"https:\/\/gpl-love.com\/fr\/wp-json\/wp\/v2\/product"}],"about":[{"href":"https:\/\/gpl-love.com\/fr\/wp-json\/wp\/v2\/types\/product"}],"replies":[{"embeddable":true,"href":"https:\/\/gpl-love.com\/fr\/wp-json\/wp\/v2\/comments?post=130227"}],"wp:featuredmedia":[{"embeddable":true,"href":"https:\/\/gpl-love.com\/fr\/wp-json\/wp\/v2\/media\/146563"}],"wp:attachment":[{"href":"https:\/\/gpl-love.com\/fr\/wp-json\/wp\/v2\/media?parent=130227"}],"wp:term":[{"taxonomy":"product_brand","embeddable":true,"href":"https:\/\/gpl-love.com\/fr\/wp-json\/wp\/v2\/product_brand?post=130227"},{"taxonomy":"product_cat","embeddable":true,"href":"https:\/\/gpl-love.com\/fr\/wp-json\/wp\/v2\/product_cat?post=130227"},{"taxonomy":"product_tag","embeddable":true,"href":"https:\/\/gpl-love.com\/fr\/wp-json\/wp\/v2\/product_tag?post=130227"}],"curies":[{"name":"wp","href":"https:\/\/api.w.org\/{rel}","templated":true}]}}