{"id":130226,"date":"2025-06-05T00:00:00","date_gmt":"2025-06-04T22:00:00","guid":{"rendered":"https:\/\/gpl-love.com\/fr\/produit\/yaymail-wc-marketplace-solution\/"},"modified":"2026-03-20T23:55:58","modified_gmt":"2026-03-20T22:55:58","slug":"yaymail-wc-marketplace-solution","status":"publish","type":"product","link":"https:\/\/gpl-love.com\/fr\/produit\/yaymail-wc-marketplace-solution\/","title":{"rendered":"YayMail WC Marketplace Solution 4.0"},"content":{"rendered":"<h3>YayMail WC Marketplace Solution Traits<\/h3>\n<p>Yaymail WC Marketplace Solution, un outil robuste, s&rsquo;av\u00e8re indispensable aux entreprises \u00e0 la recherche de gestion efficace de leurs march\u00e9s en ligne. Ce produit remarquable s&rsquo;adresse non seulement aux entreprises de toutes les amplitudes, mais leur donne \u00e9galement un large \u00e9ventail de fonctionnalit\u00e9s englobant le traitement des paiements s\u00e9curis\u00e9s, les stocks et la gestion de l&rsquo;exp\u00e9dition et le support client. De plus, son interface conviviale assure une exp\u00e9rience transparente pour les vendeurs et les acheteurs, favorisant l&rsquo;\u00e9tablissement de la marque et renfor\u00e7ant la fid\u00e9lit\u00e9 des clients. En confiant les t\u00e2ches administratives fastidieuses \u00e0 la solution de march\u00e9 Yaymail WC, les entreprises peuvent se concentrer sur leurs comp\u00e9tences de base. Par cons\u00e9quent, ce logiciel complet appara\u00eet comme un atout imp\u00e9ratif pour les entreprises aspirant \u00e0 augmenter leur pr\u00e9sence en ligne.<\/p>\n<ul>\n<li>Solution compl\u00e8te du march\u00e9 du commerce \u00e9lectronique con\u00e7u pour les sites Web WordPress.<\/li>\n<li>Interface facile \u00e0 utiliser avec des fonctionnalit\u00e9s personnalisables pour r\u00e9pondre \u00e0 vos besoins commerciaux sp\u00e9cifiques.<\/li>\n<li>Offre une large gamme de fonctionnalit\u00e9s, notamment la gestion des produits, la gestion des fournisseurs et la gestion des commandes.<\/li>\n<li>Yaymail rationalise le processus de communication entre les acheteurs et les vendeurs.<\/li>\n<li>Fournit un traitement de paiement s\u00e9curis\u00e9 et fiable pour toutes les transactions.<\/li>\n<li>Le syst\u00e8me de support client int\u00e9gr\u00e9 garantit un excellent service client.<\/li>\n<li>Solution hautement \u00e9volutive qui peut g\u00e9rer de grands volumes de transactions.<\/li>\n<li>Offre un support multi-fournisseur, ce qui facilite la gestion de plusieurs fournisseurs dans une seule plate-forme.<\/li>\n<li>Fournit des rapports et des analyses complets pour aider \u00e0 suivre les performances de l&rsquo;entreprise.<\/li>\n<li>Livr\u00e9 avec un excellent soutien technique de professionnels exp\u00e9riment\u00e9s.<\/li>\n<\/ul>\n","protected":false},"excerpt":{"rendered":"<p>La solution Yaymail WC Marketplace est une plate-forme de commerce \u00e9lectronique compl\u00e8te qui permet aux fournisseurs de trouver sans effort et de mani\u00e8re transparente leurs marchandises et services en ligne. Avec Yaymail, les utilisateurs ont la possibilit\u00e9 d&rsquo;\u00e9tablir leur propre boutique virtuelle personnalis\u00e9e, de superviser les actions, d&rsquo;effectuer des transactions et des paiements et de g\u00e9rer l&rsquo;exp\u00e9dition et la r\u00e9alisation &#8211; le tout dans une seule plate-forme conviviale. Que son intention soit de vendre des produits tangibles ou des offres num\u00e9riques, Yaymail fournit les ressources n\u00e9cessaires pour lancer une boutique en ligne et capturer une vaste client\u00e8le. Alors, pourquoi retarder plus longtemps? Initiez votre voyage vers l&rsquo;actualisation de vos aspirations de commerce \u00e9lectronique en embrassant Yaymail aujourd&rsquo;hui!<\/p>\n","protected":false},"featured_media":146562,"comment_status":"open","ping_status":"open","template":"","meta":[],"product_brand":[2747],"product_cat":[1182,1223,1181],"product_tag":[2331],"class_list":{"0":"post-130226","1":"product","2":"type-product","3":"status-publish","4":"has-post-thumbnail","6":"product_brand-yaycommerce","7":"product_cat-commerce-electronique-plugins","8":"product_cat-personnalisation-commerce-electronique-plugins","9":"product_cat-plugins","10":"product_tag-yaycommerce","11":"member-discount","12":"discount-restricted","14":"first","15":"instock","16":"sale","17":"downloadable","18":"virtual","19":"sold-individually","20":"purchasable","21":"product-type-simple"},"_links":{"self":[{"href":"https:\/\/gpl-love.com\/fr\/wp-json\/wp\/v2\/product\/130226","targetHints":{"allow":["GET"]}}],"collection":[{"href":"https:\/\/gpl-love.com\/fr\/wp-json\/wp\/v2\/product"}],"about":[{"href":"https:\/\/gpl-love.com\/fr\/wp-json\/wp\/v2\/types\/product"}],"replies":[{"embeddable":true,"href":"https:\/\/gpl-love.com\/fr\/wp-json\/wp\/v2\/comments?post=130226"}],"wp:featuredmedia":[{"embeddable":true,"href":"https:\/\/gpl-love.com\/fr\/wp-json\/wp\/v2\/media\/146562"}],"wp:attachment":[{"href":"https:\/\/gpl-love.com\/fr\/wp-json\/wp\/v2\/media?parent=130226"}],"wp:term":[{"taxonomy":"product_brand","embeddable":true,"href":"https:\/\/gpl-love.com\/fr\/wp-json\/wp\/v2\/product_brand?post=130226"},{"taxonomy":"product_cat","embeddable":true,"href":"https:\/\/gpl-love.com\/fr\/wp-json\/wp\/v2\/product_cat?post=130226"},{"taxonomy":"product_tag","embeddable":true,"href":"https:\/\/gpl-love.com\/fr\/wp-json\/wp\/v2\/product_tag?post=130226"}],"curies":[{"name":"wp","href":"https:\/\/api.w.org\/{rel}","templated":true}]}}