{"id":130225,"date":"2022-12-13T00:00:00","date_gmt":"2022-12-12T23:00:00","guid":{"rendered":"https:\/\/gpl-love.com\/fr\/produit\/yaymail-custom-fields-par-addify\/"},"modified":"2026-03-20T23:55:57","modified_gmt":"2026-03-20T22:55:57","slug":"yaymail-custom-fields-par-addify","status":"publish","type":"product","link":"https:\/\/gpl-love.com\/fr\/produit\/yaymail-custom-fields-par-addify\/","title":{"rendered":"YayMail Custom Fields par Addify 1.0"},"content":{"rendered":"<h3>YayMail Custom Fields par Addify Traits<\/h3>\n<p>Yaymail Custom Fields by Addify, un outil incroyablement robuste, permet aux entreprises en leur accordant la possibilit\u00e9 de g\u00e9n\u00e9rer des champs personnalis\u00e9s personnalis\u00e9s, en augmentant leurs campagnes par e-mail. Ce module compl\u00e9mentaire extr\u00eamement riche en fonctionnalit\u00e9s permet aux utilisateurs de fabriquer rapidement et sans effort les champs personnalis\u00e9s, y compris, mais sans s&rsquo;y limiter, le nom, l&rsquo;adresse, le num\u00e9ro de t\u00e9l\u00e9phone, etc. Ces champs personnalis\u00e9s peuvent ensuite \u00eatre utilis\u00e9s pour individualiser les e-mails, forgeant des connexions plus fortes avec les clients. L&rsquo;interface conviviale de l&rsquo;outil le rend remarquablement facile pour naviguer, car les utilisateurs peuvent sans effort ajouter et administrer leurs champs personnalis\u00e9s avec une poign\u00e9e de clics. En incorporant les champs personnalis\u00e9s de Yaymail par Addify dans leur arsenal, les entreprises sont sur le point d&rsquo;\u00e9lever leurs campagnes par e-mail, livrant des messages hautement personnalis\u00e9s et ax\u00e9s sur le laser \u00e0 leur client\u00e8le estim\u00e9e.<\/p>\n<ul>\n<li>Yaymail Custom Fields by Addify est un outil puissant qui vous permet de cr\u00e9er des champs personnalis\u00e9s au sein de vos campagnes de marketing par e-mail.<\/li>\n<li>Avec Yaymail Custom Fields, vous pouvez concevoir vos propres champs personnalis\u00e9s et adapter vos campagnes par e-mail pour r\u00e9pondre \u00e0 vos besoins commerciaux uniques.<\/li>\n<li>Le produit propose une gamme de types de champ personnalis\u00e9s, y compris des champs de texte, des menus d\u00e9roulants, des cases \u00e0 cocher, etc.<\/li>\n<li>Yaymail Custom Fields est compatible avec tous les principaux outils de marketing par e-mail, notamment MailChimp, Constant Contact et Aweber.<\/li>\n<li>L&rsquo;outil est incroyablement facile \u00e0 utiliser et ne n\u00e9cessite aucune comp\u00e9tence de codage ou technique pour commencer.<\/li>\n<li>Yaymail Custom Fields offre des possibilit\u00e9s infinies de personnaliser vos campagnes par e-mail et de s&rsquo;engager avec vos abonn\u00e9s de mani\u00e8re plus personnalis\u00e9e.<\/li>\n<li>Le produit est \u00e9galement livr\u00e9 avec un excellent support client et documentation pour vous aider \u00e0 tirer le meilleur parti de vos champs personnalis\u00e9s.<\/li>\n<li>Que vous souhaitiez collecter des donn\u00e9es clients suppl\u00e9mentaires, segmenter vos listes de diffusion ou ajouter une touche personnelle \u00e0 vos e-mails, Yaymail Custom Fields by Addify est un outil essentiel pour tout marketeur de messagerie s\u00e9rieux.<\/li>\n<\/ul>\n","protected":false},"excerpt":{"rendered":"<p>Yaymail Custom Fields, d\u00e9velopp\u00e9 par Addify, est une solution de marketing par e-mail hautement sophistiqu\u00e9e qui permet aux utilisateurs de cr\u00e9er des campagnes par e-mail sur mesure et individualis\u00e9es. Ses capacit\u00e9s englobent l&rsquo;incorporation et l&rsquo;administration de champs sur mesure pour vos abonn\u00e9s, vous accordant ainsi la possibilit\u00e9 d&rsquo;infuser vos messages avec une touche personnelle et d&rsquo;augmenter le degr\u00e9 d&rsquo;engagement. En tirant parti des champs personnalis\u00e9s Yaymail, vous avez la capacit\u00e9 de segmenter vos abonn\u00e9s en fonction de leurs int\u00e9r\u00eats, comportements et pr\u00e9f\u00e9rences, vous permettant par la suite de envoyer des messages sur mesure qui leur r\u00e9sonnent profond\u00e9ment. Cet outil incroyablement robuste poss\u00e8de une interface conviviale et s&rsquo;int\u00e8gre de mani\u00e8re transparente avec des plateformes de marketing par e-mail largement utilis\u00e9es, ce qui le rend indispensable \u00e0 tout marketing astucieux cherchant \u00e0 \u00e9lever l&rsquo;efficacit\u00e9 de leurs campagnes de messagerie vers des hauteurs in\u00e9gal\u00e9es.<\/p>\n","protected":false},"featured_media":146561,"comment_status":"open","ping_status":"open","template":"","meta":[],"product_brand":[2747],"product_cat":[1182,1223,1181],"product_tag":[2331],"class_list":{"0":"post-130225","1":"product","2":"type-product","3":"status-publish","4":"has-post-thumbnail","6":"product_brand-yaycommerce","7":"product_cat-commerce-electronique-plugins","8":"product_cat-personnalisation-commerce-electronique-plugins","9":"product_cat-plugins","10":"product_tag-yaycommerce","11":"member-discount","12":"discount-restricted","14":"first","15":"instock","16":"sale","17":"downloadable","18":"virtual","19":"sold-individually","20":"purchasable","21":"product-type-simple"},"_links":{"self":[{"href":"https:\/\/gpl-love.com\/fr\/wp-json\/wp\/v2\/product\/130225","targetHints":{"allow":["GET"]}}],"collection":[{"href":"https:\/\/gpl-love.com\/fr\/wp-json\/wp\/v2\/product"}],"about":[{"href":"https:\/\/gpl-love.com\/fr\/wp-json\/wp\/v2\/types\/product"}],"replies":[{"embeddable":true,"href":"https:\/\/gpl-love.com\/fr\/wp-json\/wp\/v2\/comments?post=130225"}],"wp:featuredmedia":[{"embeddable":true,"href":"https:\/\/gpl-love.com\/fr\/wp-json\/wp\/v2\/media\/146561"}],"wp:attachment":[{"href":"https:\/\/gpl-love.com\/fr\/wp-json\/wp\/v2\/media?parent=130225"}],"wp:term":[{"taxonomy":"product_brand","embeddable":true,"href":"https:\/\/gpl-love.com\/fr\/wp-json\/wp\/v2\/product_brand?post=130225"},{"taxonomy":"product_cat","embeddable":true,"href":"https:\/\/gpl-love.com\/fr\/wp-json\/wp\/v2\/product_cat?post=130225"},{"taxonomy":"product_tag","embeddable":true,"href":"https:\/\/gpl-love.com\/fr\/wp-json\/wp\/v2\/product_tag?post=130225"}],"curies":[{"name":"wp","href":"https:\/\/api.w.org\/{rel}","templated":true}]}}