{"id":130224,"date":"2025-06-05T00:00:00","date_gmt":"2025-06-04T22:00:00","guid":{"rendered":"https:\/\/gpl-love.com\/fr\/produit\/yaymail-woocommerce-multi-warehouse-et-order-routing\/"},"modified":"2026-03-20T23:55:57","modified_gmt":"2026-03-20T22:55:57","slug":"yaymail-woocommerce-multi-warehouse-et-order-routing","status":"publish","type":"product","link":"https:\/\/gpl-love.com\/fr\/produit\/yaymail-woocommerce-multi-warehouse-et-order-routing\/","title":{"rendered":"YayMail WooCommerce Multi Warehouse et Order Routing 4.0"},"content":{"rendered":"<h3>YayMail WooCommerce Multi Warehouse et Order Routing Traits<\/h3>\n<p>Yaymail WooCommerce Multi Warehouse et le routage des commandes se pr\u00e9sente comme une solution extr\u00eamement efficace et efficace qui r\u00e9pond aux besoins des entreprises qui s&rsquo;efforcent de rationaliser leurs proc\u00e9dures de traitement des commandes et de gestion des entrep\u00f4ts. Ce plugin ing\u00e9nieusement con\u00e7u permet aux utilisateurs de g\u00e9rer avec adroitement plusieurs entrep\u00f4ts tout en achetant judicieusement les commandes vers leurs destinations appropri\u00e9es, d\u00e9termin\u00e9es par la disponibilit\u00e9 des actions et des frais d&rsquo;exp\u00e9dition. L&rsquo;\u00e9limination cons\u00e9cutive de la n\u00e9cessit\u00e9 d&rsquo;un routage d&rsquo;ordre manuel contribue non seulement \u00e0 une r\u00e9duction substantielle des erreurs, mais acc\u00e9l\u00e8re \u00e9galement le processus de r\u00e9alisation de l&rsquo;ordre, am\u00e9liorant ainsi consid\u00e9rablement son efficacit\u00e9. En outre, ce plugin se distingue en outre en fournissant aux utilisateurs des mises \u00e0 jour en temps r\u00e9el sur les niveaux d&rsquo;inventaire, en veillant \u00e0 ce qu&rsquo;ils poss\u00e8dent syst\u00e9matiquement des informations pr\u00e9cises et \u00e0 jour concernant la disponibilit\u00e9 des stocks. \u00c0 la lumi\u00e8re de ces attributs remarquables, il devient irr\u00e9futable que le routage de Yaymail WooCommerce Multi-Warehouse et le routage des commandes constitue un atout inestimable pour les entreprises qui s&rsquo;efforcent d&rsquo;optimiser leurs efforts de traitement des commandes et de gestion des entrep\u00f4ts.<\/p>\n<ul>\n<li>G\u00e9rer et ex\u00e9cuter efficacement les ordres de plusieurs entrep\u00f4ts<\/li>\n<li>Personnaliser le routage des commandes en fonction de la disponibilit\u00e9 des stocks, des pr\u00e9f\u00e9rences d&rsquo;exp\u00e9dition ou d&rsquo;autres crit\u00e8res<\/li>\n<li>Suivre facilement les niveaux d&rsquo;inventaire et les mouvements de stock dans tous les entrep\u00f4ts<\/li>\n<li>Configurer des notifications de courrier \u00e9lectronique automatis\u00e9es pour les confirmations de commande et les mises \u00e0 jour d&rsquo;exp\u00e9dition<\/li>\n<li>Compatible avec WooCommerce, l&rsquo;une des principales plateformes de commerce \u00e9lectronique<\/li>\n<li>Restez organis\u00e9 avec des rapports d\u00e9taill\u00e9s de commande et d&rsquo;inventaire<\/li>\n<li>Int\u00e9gration transparente avec vos op\u00e9rations de commerce \u00e9lectronique existantes<\/li>\n<li>Rationalisez votre processus de r\u00e9alisation de la commande et r\u00e9duisez les erreurs<\/li>\n<li>Am\u00e9liorer la satisfaction du client avec le traitement des commandes plus rapide et plus pr\u00e9cis<\/li>\n<\/ul>\n","protected":false},"excerpt":{"rendered":"<p>Yaymail pr\u00e9sente l&rsquo;entrep\u00f4t multi-entrep\u00f4t et le routage des commandes, une solution compl\u00e8te et in\u00e9gal\u00e9e con\u00e7ue pour g\u00e9rer efficacement et acheminer des commandes provenant de divers entrep\u00f4ts. Ce plugin de pointe va au-del\u00e0 des fonctionnalit\u00e9s conventionnelles, offrant des fonctionnalit\u00e9s avanc\u00e9es qui visent \u00e0 optimiser les op\u00e9rations d&rsquo;exp\u00e9dition et \u00e0 garantir la livraison rapide. En int\u00e9grant de mani\u00e8re transparente \u00e0 votre processus de r\u00e9alisation, ce plugin am\u00e9liore efficacement la satisfaction du client. Son \u00e9ventail de fonctionnalit\u00e9s englobe le suivi automatique des stocks ainsi que les tarifs d&rsquo;exp\u00e9dition en temps r\u00e9el, vous fournissant tous les outils n\u00e9cessaires pour propulser votre entreprise de commerce \u00e9lectronique \u00e0 de nouveaux sommets.<\/p>\n","protected":false},"featured_media":146560,"comment_status":"open","ping_status":"open","template":"","meta":[],"product_brand":[2747],"product_cat":[1182,1223,1181],"product_tag":[2331],"class_list":{"0":"post-130224","1":"product","2":"type-product","3":"status-publish","4":"has-post-thumbnail","6":"product_brand-yaycommerce","7":"product_cat-commerce-electronique-plugins","8":"product_cat-personnalisation-commerce-electronique-plugins","9":"product_cat-plugins","10":"product_tag-yaycommerce","11":"member-discount","12":"discount-restricted","14":"first","15":"instock","16":"sale","17":"downloadable","18":"virtual","19":"sold-individually","20":"purchasable","21":"product-type-simple"},"_links":{"self":[{"href":"https:\/\/gpl-love.com\/fr\/wp-json\/wp\/v2\/product\/130224","targetHints":{"allow":["GET"]}}],"collection":[{"href":"https:\/\/gpl-love.com\/fr\/wp-json\/wp\/v2\/product"}],"about":[{"href":"https:\/\/gpl-love.com\/fr\/wp-json\/wp\/v2\/types\/product"}],"replies":[{"embeddable":true,"href":"https:\/\/gpl-love.com\/fr\/wp-json\/wp\/v2\/comments?post=130224"}],"wp:featuredmedia":[{"embeddable":true,"href":"https:\/\/gpl-love.com\/fr\/wp-json\/wp\/v2\/media\/146560"}],"wp:attachment":[{"href":"https:\/\/gpl-love.com\/fr\/wp-json\/wp\/v2\/media?parent=130224"}],"wp:term":[{"taxonomy":"product_brand","embeddable":true,"href":"https:\/\/gpl-love.com\/fr\/wp-json\/wp\/v2\/product_brand?post=130224"},{"taxonomy":"product_cat","embeddable":true,"href":"https:\/\/gpl-love.com\/fr\/wp-json\/wp\/v2\/product_cat?post=130224"},{"taxonomy":"product_tag","embeddable":true,"href":"https:\/\/gpl-love.com\/fr\/wp-json\/wp\/v2\/product_tag?post=130224"}],"curies":[{"name":"wp","href":"https:\/\/api.w.org\/{rel}","templated":true}]}}