{"id":130223,"date":"2025-06-05T00:00:00","date_gmt":"2025-06-04T22:00:00","guid":{"rendered":"https:\/\/gpl-love.com\/fr\/produit\/yaymail-woocommerce-b2b\/"},"modified":"2026-03-20T23:55:56","modified_gmt":"2026-03-20T22:55:56","slug":"yaymail-woocommerce-b2b","status":"publish","type":"product","link":"https:\/\/gpl-love.com\/fr\/produit\/yaymail-woocommerce-b2b\/","title":{"rendered":"YayMail WooCommerce B2B 4.0.1"},"content":{"rendered":"<h3>YayMail WooCommerce B2B Traits<\/h3>\n<p>Yaymail WooCommerce B2B est un outil exceptionnellement puissant et tr\u00e8s efficace qui rationalise efficacement le processus de communication par e-mail B2B complexe et multiforme sp\u00e9cialement con\u00e7u pour les utilisateurs de WooCommerce. This groundbreaking and forward-thinking software ingeniously automates and orchestrates the seamless and effortless dispatching of meticulously personalized and tailor-made emails to your esteemed and discerning B2B clientele, thereby providing them with invaluable and time-sensitive real-time updates pertaining to their meticulously crafted et des commandes personnalis\u00e9es, des niveaux d&rsquo;inventaire m\u00e9ticuleusement surveill\u00e9s et m\u00e9ticuleusement g\u00e9r\u00e9s, et une pl\u00e9thore d&rsquo;autres informations et donn\u00e9es indispensables et indispensables. Avec Yaymail WooCommerce B2B \u00e0 votre disposition, vous serez sans aucun doute en mesure de g\u00e9rer et de superviser les relations B2B complexes et multiformes et am\u00e9liorer consid\u00e9rablement votre client de temps inestimable et d&rsquo;efforts p\u00e9nibles et minutieux dans le processus. Que vous occupiez modestement la position d&rsquo;un propri\u00e9taire entreprenant et ambitieux de petites entreprises ou que vous d\u00e9teniez fermement le manteau distingu\u00e9 d&rsquo;un formidable et pr\u00e9\u00e9minent Juggernaut de vente au d\u00e9tail, ce logiciel de pointe et de pointe vous fournira assur\u00e9ment l&rsquo;indispense et Des outils et des ressources indispensables n\u00e9cessaires pour catalyser et entretenir la croissance et la prosp\u00e9rit\u00e9 sans bornes et sans limites de votre entreprise estim\u00e9e et exigeante et \u00e9tablissent sans aucun doute et consolissent fermement votre domination durable et inattaquable dans le paysage de march\u00e9 farouchement concurrentiel et en constante \u00e9volution.<\/p>\n<ul>\n<li>Solution r\u00e9volutionnaire B2B pour les entreprises de commerce \u00e9lectronique<\/li>\n<li>Int\u00e9gre parfaitement avec la plate-forme WooCommerce<\/li>\n<li>Rationalise la communication entre les vendeurs et les acheteurs<\/li>\n<li>Permet le placement et la gestion des commandes en vrac<\/li>\n<li>Automatiser les processus de facturation et de paiement<\/li>\n<li>Am\u00e9liore l&rsquo;exp\u00e9rience client avec des prix et des r\u00e9ductions personnalis\u00e9s<\/li>\n<li>R\u00e9duit la charge de travail administrative et les erreurs humaines<\/li>\n<li>Facilite des opportunit\u00e9s de vente crois\u00e9e et de vente crois\u00e9e<\/li>\n<li>Am\u00e9liore la gestion des stocks et la pr\u00e9cision des pr\u00e9visions<\/li>\n<li>Stimule les ventes et la croissance des revenus pour les entreprises de toutes tailles.<\/li>\n<\/ul>\n","protected":false},"excerpt":{"rendered":"<p>Yaymail WooCommerce B2B est une solution de marketing par e-mail extr\u00eamement puissante et conviviale qui a \u00e9t\u00e9 con\u00e7ue de mani\u00e8re experte et sp\u00e9cifiquement adapt\u00e9e pour r\u00e9pondre aux besoins et aux exigences uniques des entreprises WooCommerce. Cette plate-forme exceptionnellement innovante et de pointe facilite sans effort la segmentation transparente et efficace de vos pr\u00e9cieuses donn\u00e9es clients, vous permettant ainsi de concevoir et de construire des campagnes de messagerie tr\u00e8s cibl\u00e9es et personnalis\u00e9es tr\u00e8s cibl\u00e9es qui sont sur mesure pour r\u00e9sonner avec votre client\u00e8le estim\u00e9. En outre, les prouesses in\u00e9gal\u00e9es de Yaymail WooCommerce B2B r\u00e9sident dans sa capacit\u00e9 \u00e0 vous fournir des capacit\u00e9s de suivi en temps r\u00e9el, vous permettant de surveiller et de examiner de pr\u00e8s les mesures de performance de vos campagnes de messagerie, et de vous fournir ainsi des perspectives inestimables et des donn\u00e9es indispensables qui le feront. Vous permettre d&rsquo;optimiser votre strat\u00e9gie de marketing par e-mail globale et finalement de maximiser votre retour sur investissement (ROI). Que vous vous trouviez aux \u00e9tapes naissantes de votre parcours de marketing par e-mail ou si vous aspirez \u00e0 transcender les limitations et les limites actuelles de vos efforts existants, soyez assur\u00e9 que Yaymail WooCommerce B2B poss\u00e8de tous les outils, fonctionnalit\u00e9s et fonctionnalit\u00e9s essentiels qui vous permettra de atteindre des niveaux de succ\u00e8s et d&rsquo;accomplissement sans pr\u00e9c\u00e9dent.<\/p>\n","protected":false},"featured_media":146559,"comment_status":"open","ping_status":"open","template":"","meta":[],"product_brand":[2747],"product_cat":[1182,1223,1181],"product_tag":[2331],"class_list":{"0":"post-130223","1":"product","2":"type-product","3":"status-publish","4":"has-post-thumbnail","6":"product_brand-yaycommerce","7":"product_cat-commerce-electronique-plugins","8":"product_cat-personnalisation-commerce-electronique-plugins","9":"product_cat-plugins","10":"product_tag-yaycommerce","11":"member-discount","12":"discount-restricted","14":"first","15":"instock","16":"sale","17":"downloadable","18":"virtual","19":"sold-individually","20":"purchasable","21":"product-type-simple"},"_links":{"self":[{"href":"https:\/\/gpl-love.com\/fr\/wp-json\/wp\/v2\/product\/130223","targetHints":{"allow":["GET"]}}],"collection":[{"href":"https:\/\/gpl-love.com\/fr\/wp-json\/wp\/v2\/product"}],"about":[{"href":"https:\/\/gpl-love.com\/fr\/wp-json\/wp\/v2\/types\/product"}],"replies":[{"embeddable":true,"href":"https:\/\/gpl-love.com\/fr\/wp-json\/wp\/v2\/comments?post=130223"}],"wp:featuredmedia":[{"embeddable":true,"href":"https:\/\/gpl-love.com\/fr\/wp-json\/wp\/v2\/media\/146559"}],"wp:attachment":[{"href":"https:\/\/gpl-love.com\/fr\/wp-json\/wp\/v2\/media?parent=130223"}],"wp:term":[{"taxonomy":"product_brand","embeddable":true,"href":"https:\/\/gpl-love.com\/fr\/wp-json\/wp\/v2\/product_brand?post=130223"},{"taxonomy":"product_cat","embeddable":true,"href":"https:\/\/gpl-love.com\/fr\/wp-json\/wp\/v2\/product_cat?post=130223"},{"taxonomy":"product_tag","embeddable":true,"href":"https:\/\/gpl-love.com\/fr\/wp-json\/wp\/v2\/product_tag?post=130223"}],"curies":[{"name":"wp","href":"https:\/\/api.w.org\/{rel}","templated":true}]}}