{"id":130222,"date":"2025-06-05T00:00:00","date_gmt":"2025-06-04T22:00:00","guid":{"rendered":"https:\/\/gpl-love.com\/fr\/produit\/yaymail-woocommerce-german-market\/"},"modified":"2026-03-20T23:55:55","modified_gmt":"2026-03-20T22:55:55","slug":"yaymail-woocommerce-german-market","status":"publish","type":"product","link":"https:\/\/gpl-love.com\/fr\/produit\/yaymail-woocommerce-german-market\/","title":{"rendered":"YayMail WooCommerce German Market 4.0"},"content":{"rendered":"<h3>YayMail WooCommerce German Market Traits<\/h3>\n<p>Le march\u00e9 allemand de Yaymail WooCommerce est une solution de marketing par e-mail incroyablement robuste et efficace qui offre une assistance inestimable aux magasins en ligne op\u00e9rant sur le march\u00e9 allemand, leur permettant de se connecter efficacement et efficacement avec leurs clients. Ce plugin remarquable a \u00e9t\u00e9 sp\u00e9cifiquement organis\u00e9 pour r\u00e9pondre aux besoins et aux exigences uniques des magasins WooCommerce situ\u00e9s en Allemagne, offrant une gamme compl\u00e8te de fonctionnalit\u00e9s sp\u00e9cialement con\u00e7ues pour aider les entreprises \u00e0 augmenter non seulement leurs chiffres de vente, mais aussi \u00e0 am\u00e9liorer leur niveau d&rsquo;engagement client. En utilisant le march\u00e9 allemand de Yaymail WooCommerce, vous obtenez la capacit\u00e9 remarquable de g\u00e9n\u00e9rer et de r\u00e9partir sans effort des e-mails sur mesure \u00e0 vos clients estim\u00e9s, organis\u00e9 exclusivement en fonction de leurs mod\u00e8les d&rsquo;achat individuels et de leurs pr\u00e9f\u00e9rences personnelles. De plus, ce plugin est fourni avec une riche s\u00e9lection de mod\u00e8les et de conceptions, vous permettant de r\u00e9diger rapidement et sans effort sans effort de superbes e-mails professionnels. En tant qu&rsquo;avantage suppl\u00e9mentaire, Yaymail WooCommerce German Market s&rsquo;int\u00e8gre sans effort \u00e0 votre magasin WooCommerce existant, vous permettant de suivre et de examiner les performances de vos campagnes d&rsquo;e-mail avec m\u00e9ticulement, facilitant ainsi la prise de d\u00e9cision inform\u00e9e et ax\u00e9e sur les donn\u00e9es pour optimiser et affiner votre strat\u00e9gie marketing. En conclusion, le march\u00e9 allemand de Yaymail WooCommerce est un choix exceptionnel pour les entreprises allemandes qui s&rsquo;efforcent d&rsquo;augmenter leurs efforts de marketing par e-mail et d&rsquo;\u00e9lever les performances globales de leurs magasins en ligne \u00e0 des sommets sans pr\u00e9c\u00e9dent.<\/p>\n<ul>\n<li>Permet une int\u00e9gration facile des services de marketing par e-mail Yaymail avec le march\u00e9 allemand de WooCommerce.<\/li>\n<li>Rationalise les campagnes de marketing par e-mail en automatisant les listes de diffusion et le contenu.<\/li>\n<li>Fournit des communications par e-mail automatis\u00e9es personnalis\u00e9es en fonction du comportement et des achats des clients.<\/li>\n<li>Offre une segmentation avanc\u00e9e pour les campagnes de messagerie cibl\u00e9es.<\/li>\n<li>Comprend des mod\u00e8les de messagerie pr\u00e9-con\u00e7us pour la cr\u00e9ation de courriels rapides et professionnels.<\/li>\n<\/ul>\n","protected":false},"excerpt":{"rendered":"<p>Le march\u00e9 allemand de Yaymail WooCommerce est un instrument extr\u00eamement influent qui permet aux entreprises de prosp\u00e9rer sur le march\u00e9 allemand en raison de sa fonctionnalit\u00e9 multiforme. Ce produit remarquable facilite non seulement l&rsquo;int\u00e9gration transparente avec WooCommerce, mais permet \u00e9galement aux entreprises d&rsquo;administrer sans effort leur client\u00e8le allemande tout en augmentant simultan\u00e9ment les ventes. Gr\u00e2ce aux fonctionnalit\u00e9s de pointe de Yaymail et au support in\u00e9branlable de langue allemande, les entreprises peuvent g\u00e9n\u00e9rer des e-mails et des newsletters sur mesure qui captivent efficacement les clients et cultivent la fid\u00e9lit\u00e9 \u00e0 la marque. De plus, l&rsquo;interface conviviale et les mod\u00e8les personnalisables offrent aux entreprises la possibilit\u00e9 de fa\u00e7onner les e-mails de qualit\u00e9 professionnelle avec la plus grande facilit\u00e9 et l&rsquo;efficacit\u00e9 en quelques minutes. Ainsi, le march\u00e9 allemand de Yaymail WooCommerce s&rsquo;av\u00e8re \u00eatre l&rsquo;outil par excellence pour toute entreprise cherchant \u00e0 \u00e9tendre leur sensibilisation et \u00e0 affiner leurs strat\u00e9gies de marketing sur le march\u00e9 allemand.<\/p>\n","protected":false},"featured_media":146558,"comment_status":"open","ping_status":"open","template":"","meta":[],"product_brand":[2747],"product_cat":[1182,1223,1181],"product_tag":[2331],"class_list":{"0":"post-130222","1":"product","2":"type-product","3":"status-publish","4":"has-post-thumbnail","6":"product_brand-yaycommerce","7":"product_cat-commerce-electronique-plugins","8":"product_cat-personnalisation-commerce-electronique-plugins","9":"product_cat-plugins","10":"product_tag-yaycommerce","11":"member-discount","12":"discount-restricted","14":"first","15":"instock","16":"sale","17":"downloadable","18":"virtual","19":"sold-individually","20":"purchasable","21":"product-type-simple"},"_links":{"self":[{"href":"https:\/\/gpl-love.com\/fr\/wp-json\/wp\/v2\/product\/130222","targetHints":{"allow":["GET"]}}],"collection":[{"href":"https:\/\/gpl-love.com\/fr\/wp-json\/wp\/v2\/product"}],"about":[{"href":"https:\/\/gpl-love.com\/fr\/wp-json\/wp\/v2\/types\/product"}],"replies":[{"embeddable":true,"href":"https:\/\/gpl-love.com\/fr\/wp-json\/wp\/v2\/comments?post=130222"}],"wp:featuredmedia":[{"embeddable":true,"href":"https:\/\/gpl-love.com\/fr\/wp-json\/wp\/v2\/media\/146558"}],"wp:attachment":[{"href":"https:\/\/gpl-love.com\/fr\/wp-json\/wp\/v2\/media?parent=130222"}],"wp:term":[{"taxonomy":"product_brand","embeddable":true,"href":"https:\/\/gpl-love.com\/fr\/wp-json\/wp\/v2\/product_brand?post=130222"},{"taxonomy":"product_cat","embeddable":true,"href":"https:\/\/gpl-love.com\/fr\/wp-json\/wp\/v2\/product_cat?post=130222"},{"taxonomy":"product_tag","embeddable":true,"href":"https:\/\/gpl-love.com\/fr\/wp-json\/wp\/v2\/product_tag?post=130222"}],"curies":[{"name":"wp","href":"https:\/\/api.w.org\/{rel}","templated":true}]}}