{"id":130220,"date":"2025-06-05T00:00:00","date_gmt":"2025-06-04T22:00:00","guid":{"rendered":"https:\/\/gpl-love.com\/fr\/produit\/yaymail-woocommerce-quotes\/"},"modified":"2026-03-20T23:55:54","modified_gmt":"2026-03-20T22:55:54","slug":"yaymail-woocommerce-quotes","status":"publish","type":"product","link":"https:\/\/gpl-love.com\/fr\/produit\/yaymail-woocommerce-quotes\/","title":{"rendered":"YayMail WooCommerce Quotes 4.0"},"content":{"rendered":"<h3>YayMail WooCommerce Quotes Traits<\/h3>\n<p>Yaymail WooCommerce Quotes est un outil extraordinaire qui offre \u00e0 la capacit\u00e9 remarquable que les entreprises envoient facilement des devis directement \u00e0 leurs clients dans le confort de leur magasin WooCommerce. Ce plugin exemplaire s&rsquo;int\u00e8gre de mani\u00e8re transparente \u00e0 WooCommerce, accordant ainsi aux utilisateurs le privil\u00e8ge de g\u00e9n\u00e9rer et de transmettre rapidement des devis qui d\u00e9gagent une esth\u00e9tique professionnelle en quelques minutes. En tant que tel, il appara\u00eet comme une solution exquise pour les entreprises qui aspirent \u00e0 rationaliser leur processus de citation et \u00e0 fournir aux clients une exp\u00e9rience simple sans effort. De plus, la convivialit\u00e9 des citations de Yaymail WooCommerce est vraiment sans pr\u00e9c\u00e9dent, car elle r\u00e9pond sans effort aux besoins des utilisateurs d\u00e9pourvus de toute expertise de codage ou de conception, en les permettant de concevoir sans effort des mod\u00e8les sur mesure et de r\u00e9partir instantan\u00e9ment des devis avec le simple clic de bouton. Tout bien consid\u00e9r\u00e9, ce plugin \u00e9merge sans \u00e9quivoque comme un outil indispensable que chaque magasin WooCommerce devrait poss\u00e9der afin d&rsquo;am\u00e9liorer leur processus de citation et de favoriser une augmentation notable des ventes.<\/p>\n<ul>\n<li>Rationalise le processus de g\u00e9n\u00e9ration et d&rsquo;envoi de devis via WooCommerce<\/li>\n<li>Simplifie le processus de devis pour le client et le propri\u00e9taire de l&rsquo;entreprise<\/li>\n<li>Fournit une interface facile \u00e0 utiliser pour la cr\u00e9ation et la gestion de devis<\/li>\n<li>Envoie automatiquement des notifications de devis aux clients par e-mail<\/li>\n<li>Permet la personnalisation des mod\u00e8les de devis et des messages<\/li>\n<li>S&rsquo;int\u00e8gre \u00e0 d&rsquo;autres plugins WooCommerce pour un processus de devis sans commande transparent<\/li>\n<li>Gave le temps et r\u00e9duit les erreurs en \u00e9liminant la cr\u00e9ation de citations manuelles et l&rsquo;envoi<\/li>\n<li>Aide les entreprises \u00e0 conclure des transactions plus efficacement et plus efficacement<\/li>\n<li>Fournit une fa\u00e7on plus professionnelle et polie de pr\u00e9senter des devis aux clients.<\/li>\n<\/ul>\n","protected":false},"excerpt":{"rendered":"<p>Yaymail WooCommerce Quotes, un outil de marketing par e-mail exceptionnel, pr\u00e9sente une int\u00e9gration transparente avec votre boutique WooCommerce, offrant une multitude de fonctionnalit\u00e9s puissantes. Parmi ceux-ci, sa fonctionnalit\u00e9 de citation avanc\u00e9e se d\u00e9marque, vous permettant de fabriquer des devis personnalis\u00e9s rapidement et sans effort pour votre client\u00e8le estim\u00e9e, conduisant par cons\u00e9quent \u00e0 des am\u00e9liorations remarquables dans les chiffres des ventes et les taux de satisfaction de la client\u00e8le. La simplicit\u00e9 et le niveau \u00e9lev\u00e9 de personnalisation inh\u00e9rent \u00e0 cette solution facilitent davantage la couture des citations pour s&rsquo;aligner pr\u00e9cis\u00e9ment sur les exigences uniques de votre entreprise. Que vous soyez \u00e0 la main une entreprise modeste ou une soci\u00e9t\u00e9 tentaculaire, l&rsquo;adoption de citations de Yaymail WooCommerce propulsera ind\u00e9niablement vos efforts de marketing par e-mail \u00e0 des hauteurs sans pr\u00e9c\u00e9dent.<\/p>\n","protected":false},"featured_media":146556,"comment_status":"open","ping_status":"open","template":"","meta":[],"product_brand":[2747],"product_cat":[1182,1223,1181],"product_tag":[2331],"class_list":{"0":"post-130220","1":"product","2":"type-product","3":"status-publish","4":"has-post-thumbnail","6":"product_brand-yaycommerce","7":"product_cat-commerce-electronique-plugins","8":"product_cat-personnalisation-commerce-electronique-plugins","9":"product_cat-plugins","10":"product_tag-yaycommerce","11":"member-discount","12":"discount-restricted","14":"first","15":"instock","16":"sale","17":"downloadable","18":"virtual","19":"sold-individually","20":"purchasable","21":"product-type-simple"},"_links":{"self":[{"href":"https:\/\/gpl-love.com\/fr\/wp-json\/wp\/v2\/product\/130220","targetHints":{"allow":["GET"]}}],"collection":[{"href":"https:\/\/gpl-love.com\/fr\/wp-json\/wp\/v2\/product"}],"about":[{"href":"https:\/\/gpl-love.com\/fr\/wp-json\/wp\/v2\/types\/product"}],"replies":[{"embeddable":true,"href":"https:\/\/gpl-love.com\/fr\/wp-json\/wp\/v2\/comments?post=130220"}],"wp:featuredmedia":[{"embeddable":true,"href":"https:\/\/gpl-love.com\/fr\/wp-json\/wp\/v2\/media\/146556"}],"wp:attachment":[{"href":"https:\/\/gpl-love.com\/fr\/wp-json\/wp\/v2\/media?parent=130220"}],"wp:term":[{"taxonomy":"product_brand","embeddable":true,"href":"https:\/\/gpl-love.com\/fr\/wp-json\/wp\/v2\/product_brand?post=130220"},{"taxonomy":"product_cat","embeddable":true,"href":"https:\/\/gpl-love.com\/fr\/wp-json\/wp\/v2\/product_cat?post=130220"},{"taxonomy":"product_tag","embeddable":true,"href":"https:\/\/gpl-love.com\/fr\/wp-json\/wp\/v2\/product_tag?post=130220"}],"curies":[{"name":"wp","href":"https:\/\/api.w.org\/{rel}","templated":true}]}}