{"id":130219,"date":"2025-06-05T00:00:00","date_gmt":"2025-06-04T22:00:00","guid":{"rendered":"https:\/\/gpl-love.com\/fr\/produit\/yaymail-woocommerce-order-delivery\/"},"modified":"2026-03-20T23:55:53","modified_gmt":"2026-03-20T22:55:53","slug":"yaymail-woocommerce-order-delivery","status":"publish","type":"product","link":"https:\/\/gpl-love.com\/fr\/produit\/yaymail-woocommerce-order-delivery\/","title":{"rendered":"YayMail WooCommerce Order Delivery 4.0"},"content":{"rendered":"<h3>YayMail WooCommerce Order Delivery Traits<\/h3>\n<p>Yaymail WooCommerce La livraison des commandes est un outil incroyablement puissant et efficace qui simplifie consid\u00e9rablement la t\u00e2che souvent complexe et longue de g\u00e9rer et de livrer des commandes pour les propri\u00e9taires de magasins WooCommerce. Cette solution remarquable offre une multitude de fonctionnalit\u00e9s avanc\u00e9es qui rationalisent efficacement et de mani\u00e8re transparente le processus de livraison des commandes, permettant aux entreprises de maximiser l&rsquo;efficacit\u00e9 et la productivit\u00e9. En automatisant les t\u00e2ches fondamentales comme l&rsquo;envoi de mises \u00e0 jour de livraison et le suivi des informations aux clients appr\u00e9ci\u00e9s, Yaymail garantit que les propri\u00e9taires de magasins peuvent assumer sans effort leurs responsabilit\u00e9s de livraison de commande. L&rsquo;un des aspects les plus remarquables de Yaymail est sa convivialit\u00e9 exceptionnelle, ce qui le rend incroyablement facile \u00e0 configurer et \u00e0 personnaliser en fonction de besoins et de pr\u00e9f\u00e9rences sp\u00e9cifiques. Les propri\u00e9taires de magasins peuvent adapter sans effort leurs notifications de livraison pour s&rsquo;aligner parfaitement avec leur identit\u00e9 de marque unique. De plus, Yaymail poss\u00e8de des capacit\u00e9s de suivi robustes qui garantissent que les clients sont toujours \u00e9quip\u00e9s des informations les plus \u00e0 jour et pr\u00e9cises concernant leurs commandes. Cela am\u00e9liore non seulement la satisfaction des clients, mais contribue \u00e9galement de mani\u00e8re significative \u00e0 l&rsquo;augmentation des ventes et des revenus. En substance, la livraison de commandes Yaymail WooCommerce est un outil essentiel et indispensable pour tout propri\u00e9taire de magasin WooCommerce cherchant \u00e0 optimiser son processus de livraison de commande et \u00e0 \u00e9lever leur exp\u00e9rience client globale \u00e0 des hauteurs sans pr\u00e9c\u00e9dent.<\/p>\n<ul>\n<li>S&rsquo;int\u00e8gre parfaitement \u00e0 WooCommerce pour rationaliser le processus de livraison de la commande<\/li>\n<li>Envoie automatiquement les e-mails de confirmation de livraison aux clients une fois la commande<\/li>\n<li>Permet la personnalisation des mod\u00e8les de messagerie de livraison pour correspondre \u00e0 votre marque<\/li>\n<li>Fournit des informations de suivi de livraison en temps r\u00e9el et des mises \u00e0 jour pour les clients et les commer\u00e7ants<\/li>\n<li>Permet une gestion facile des horaires de livraison et des itin\u00e9raires pour une \u00e9pusion efficace des commandes<\/li>\n<li>Offre une prise en charge de plusieurs m\u00e9thodes d&rsquo;exp\u00e9dition, y compris le ramassage et la livraison locaux, le tarif forfaitaire et la livraison gratuite<\/li>\n<li>Am\u00e9liore l&rsquo;exp\u00e9rience client en fournissant des informations de livraison claires et transparentes<\/li>\n<li>Gave le temps et r\u00e9duit les erreurs en automatisant le processus de livraison et en r\u00e9duisant la saisie manuelle<\/li>\n<li>Simplifie la communication entre les clients et les commer\u00e7ants en fournissant une plate-forme centralis\u00e9e pour toutes les demandes et mises \u00e0 jour li\u00e9es \u00e0 la livraison.<\/li>\n<\/ul>\n","protected":false},"excerpt":{"rendered":"<p>La livraison de commandes Yaymail WooCommerce, une solution d&rsquo;exp\u00e9dition et de suivi de haute qualit\u00e9, offre une gamme compl\u00e8te de fonctionnalit\u00e9s visant \u00e0 assurer la livraison rapide et s\u00e9curis\u00e9e de vos produits \u00e0 vos pr\u00e9cieux clients. B\u00e9n\u00e9ficiant d&rsquo;une pl\u00e9thore de fonctionnalit\u00e9s avanc\u00e9es telles que le suivi en temps r\u00e9el, la capacit\u00e9 de personnaliser les notifications, les mises \u00e0 jour automatis\u00e9es de livraison et bien plus encore, Yaymail facilite de mani\u00e8re transparente la gestion et la r\u00e9alisation de vos commandes WooCommerce. Cette solution exceptionnelle r\u00e9pond aux besoins des entrepreneurs \u00e0 petite \u00e9chelle et des d\u00e9taillants \u00e0 grande \u00e9chelle, ce qui en fait un choix id\u00e9al pour l&rsquo;exp\u00e9dition et la livraison de la commande fiable. Ne perdez pas de temps, essayez-le aujourd&rsquo;hui et exp\u00e9rimentez la disparit\u00e9 remarquable qu&rsquo;elle provoque.<\/p>\n","protected":false},"featured_media":146555,"comment_status":"open","ping_status":"open","template":"","meta":[],"product_brand":[2747],"product_cat":[1182,1223,1181],"product_tag":[2331],"class_list":{"0":"post-130219","1":"product","2":"type-product","3":"status-publish","4":"has-post-thumbnail","6":"product_brand-yaycommerce","7":"product_cat-commerce-electronique-plugins","8":"product_cat-personnalisation-commerce-electronique-plugins","9":"product_cat-plugins","10":"product_tag-yaycommerce","11":"member-discount","12":"discount-restricted","14":"first","15":"instock","16":"sale","17":"downloadable","18":"virtual","19":"sold-individually","20":"purchasable","21":"product-type-simple"},"_links":{"self":[{"href":"https:\/\/gpl-love.com\/fr\/wp-json\/wp\/v2\/product\/130219","targetHints":{"allow":["GET"]}}],"collection":[{"href":"https:\/\/gpl-love.com\/fr\/wp-json\/wp\/v2\/product"}],"about":[{"href":"https:\/\/gpl-love.com\/fr\/wp-json\/wp\/v2\/types\/product"}],"replies":[{"embeddable":true,"href":"https:\/\/gpl-love.com\/fr\/wp-json\/wp\/v2\/comments?post=130219"}],"wp:featuredmedia":[{"embeddable":true,"href":"https:\/\/gpl-love.com\/fr\/wp-json\/wp\/v2\/media\/146555"}],"wp:attachment":[{"href":"https:\/\/gpl-love.com\/fr\/wp-json\/wp\/v2\/media?parent=130219"}],"wp:term":[{"taxonomy":"product_brand","embeddable":true,"href":"https:\/\/gpl-love.com\/fr\/wp-json\/wp\/v2\/product_brand?post=130219"},{"taxonomy":"product_cat","embeddable":true,"href":"https:\/\/gpl-love.com\/fr\/wp-json\/wp\/v2\/product_cat?post=130219"},{"taxonomy":"product_tag","embeddable":true,"href":"https:\/\/gpl-love.com\/fr\/wp-json\/wp\/v2\/product_tag?post=130219"}],"curies":[{"name":"wp","href":"https:\/\/api.w.org\/{rel}","templated":true}]}}