{"id":130218,"date":"2025-06-05T00:00:00","date_gmt":"2025-06-04T22:00:00","guid":{"rendered":"https:\/\/gpl-love.com\/fr\/produit\/yaymail-order-cancellation-email-to-customer\/"},"modified":"2026-03-20T23:55:52","modified_gmt":"2026-03-20T22:55:52","slug":"yaymail-order-cancellation-email-to-customer","status":"publish","type":"product","link":"https:\/\/gpl-love.com\/fr\/produit\/yaymail-order-cancellation-email-to-customer\/","title":{"rendered":"YayMail Order Cancellation Email to Customer 4.0"},"content":{"rendered":"<h3>YayMail Order Cancellation Email to Customer Traits<\/h3>\n<p>Yaymail, un fournisseur de services exceptionnels, pr\u00e9sente fi\u00e8rement un service de messagerie d&rsquo;annulation de commandes tr\u00e8s efficace et convivial, qui est m\u00e9ticuleusement con\u00e7u pour \u00e9lever la satisfaction des clients \u00e0 des hauteurs sans pr\u00e9c\u00e9dent. Ce produit remarquable est ing\u00e9nieusement con\u00e7u pour permettre aux entreprises la capacit\u00e9 inestimable de adapter leurs e-mails d&rsquo;annulation en parfait \u00e9tat avec leurs directives de marque uniques et leurs messages. Gr\u00e2ce \u00e0 l&rsquo;adoption du service de courrier \u00e9lectronique d&rsquo;annulation sans pr\u00e9c\u00e9dent de Yaymail, les entreprises peuvent \u00eatre assur\u00e9es que leur client\u00e8le estim\u00e9e recevra rapidement une communication compl\u00e8te concernant leurs ordres annul\u00e9s, att\u00e9nuant efficacement l&rsquo;\u00e9mergence potentielle de toute frustration \u00e9pineuse ou des ambigu\u00eft\u00e9s perplexes. En raison de l&rsquo;adoption du service de courrier \u00e9lectronique d&rsquo;annulation de l&rsquo;ordre de pointe de Yaymail, les entreprises peuvent optimiser de mani\u00e8re transparente leurs processus op\u00e9rationnels tout en favorisant simultan\u00e9ment un parcours client extr\u00eamement positif et gratifiant.<\/p>\n<ul>\n<li>E-mail professionnel et concis pour informer les clients que leur commande a \u00e9t\u00e9 annul\u00e9e<\/li>\n<li>Mod\u00e8le personnalisable pour correspondre \u00e0 la marque et au ton de votre entreprise<\/li>\n<li>Comprend un raisonnement clair pour l&rsquo;annulation et toute information de remboursement n\u00e9cessaire<\/li>\n<li>Le syst\u00e8me automatis\u00e9 \u00e9conomise du temps et des ressources pour l&rsquo;\u00e9quipe du service client<\/li>\n<li>R\u00e9duit la frustration des clients et les avis n\u00e9gatifs potentiels en fournissant une communication claire<\/li>\n<li>Peut \u00eatre int\u00e9gr\u00e9 au logiciel de gestion des commandes existant pour rationaliser le processus d&rsquo;annulation<\/li>\n<li>Peut \u00eatre utilis\u00e9 pour les annulations individuelles et les annulations de masse en raison de circonstances impr\u00e9vues<\/li>\n<li>Peut \u00eatre traduit en plusieurs langues pour la client\u00e8le mondiale<\/li>\n<li>Formulaire de r\u00e9troaction facultatif inclus pour recueillir des id\u00e9es et am\u00e9liorer l&rsquo;exp\u00e9rience client.<\/li>\n<\/ul>\n","protected":false},"excerpt":{"rendered":"<p>Le courrier \u00e9lectronique d&rsquo;annulation de la commande de Yaymail au client sert de r\u00e9solution optimale pour les entreprises cherchant \u00e0 communiquer avec les clients concernant les commandes annul\u00e9es de mani\u00e8re comp\u00e9tente et polie. Cet e-mail automatis\u00e9 fournit des d\u00e9tails complets relatifs \u00e0 l&rsquo;annulation d&rsquo;une commande, englobant la justification de l&rsquo;annulation ainsi que toutes les alternatives r\u00e9alisables telles que les remboursements ou les \u00e9changes. Gr\u00e2ce \u00e0 des mod\u00e8les conviviaux et \u00e0 des champs adaptables, Yaymail garantit la livraison des e-mails d&rsquo;annulation qui sont uniformes et conformes \u00e0 votre image de marque, tout en vous accordant simultan\u00e9ment les pr\u00e9cieuses marchandises du temps et de l&rsquo;effort. Offrez des adieux \u00e0 la t\u00e2che ardue de composer manuellement les e-mails d&rsquo;annulation et d&rsquo;accueillir une r\u00e9solution rationalis\u00e9e et percutante avec Yaymail.<\/p>\n","protected":false},"featured_media":146554,"comment_status":"open","ping_status":"open","template":"","meta":[],"product_brand":[2747],"product_cat":[1182,1223,1181],"product_tag":[2331],"class_list":{"0":"post-130218","1":"product","2":"type-product","3":"status-publish","4":"has-post-thumbnail","6":"product_brand-yaycommerce","7":"product_cat-commerce-electronique-plugins","8":"product_cat-personnalisation-commerce-electronique-plugins","9":"product_cat-plugins","10":"product_tag-yaycommerce","11":"member-discount","12":"discount-restricted","14":"first","15":"instock","16":"sale","17":"downloadable","18":"virtual","19":"sold-individually","20":"purchasable","21":"product-type-simple"},"_links":{"self":[{"href":"https:\/\/gpl-love.com\/fr\/wp-json\/wp\/v2\/product\/130218","targetHints":{"allow":["GET"]}}],"collection":[{"href":"https:\/\/gpl-love.com\/fr\/wp-json\/wp\/v2\/product"}],"about":[{"href":"https:\/\/gpl-love.com\/fr\/wp-json\/wp\/v2\/types\/product"}],"replies":[{"embeddable":true,"href":"https:\/\/gpl-love.com\/fr\/wp-json\/wp\/v2\/comments?post=130218"}],"wp:featuredmedia":[{"embeddable":true,"href":"https:\/\/gpl-love.com\/fr\/wp-json\/wp\/v2\/media\/146554"}],"wp:attachment":[{"href":"https:\/\/gpl-love.com\/fr\/wp-json\/wp\/v2\/media?parent=130218"}],"wp:term":[{"taxonomy":"product_brand","embeddable":true,"href":"https:\/\/gpl-love.com\/fr\/wp-json\/wp\/v2\/product_brand?post=130218"},{"taxonomy":"product_cat","embeddable":true,"href":"https:\/\/gpl-love.com\/fr\/wp-json\/wp\/v2\/product_cat?post=130218"},{"taxonomy":"product_tag","embeddable":true,"href":"https:\/\/gpl-love.com\/fr\/wp-json\/wp\/v2\/product_tag?post=130218"}],"curies":[{"name":"wp","href":"https:\/\/api.w.org\/{rel}","templated":true}]}}