{"id":130217,"date":"2022-12-13T00:00:00","date_gmt":"2022-12-12T23:00:00","guid":{"rendered":"https:\/\/gpl-love.com\/fr\/produit\/yaymail-yith-subscription\/"},"modified":"2026-03-20T23:55:50","modified_gmt":"2026-03-20T22:55:50","slug":"yaymail-yith-subscription","status":"publish","type":"product","link":"https:\/\/gpl-love.com\/fr\/produit\/yaymail-yith-subscription\/","title":{"rendered":"YayMail Yith Subscription 1.4"},"content":{"rendered":"<h3>YayMail Yith Subscription Traits<\/h3>\n<p>L&rsquo;abonnement Yaymail Yith, un outil incroyablement puissant sp\u00e9cifiquement con\u00e7u pour aider les entreprises \u00e0 g\u00e9rer sans effort leurs abonnements par e-mail, offre une multitude de fonctionnalit\u00e9s visant \u00e0 rationaliser et \u00e0 optimiser vos campagnes de messagerie. Avec ce produit exceptionnel \u00e0 votre disposition, vous pouvez \u00e9tablir et superviser sans effort vos campagnes d&rsquo;e-mail, rationaliser vos processus de marketing en automatisant divers aspects et surveiller et \u00e9valuer m\u00e9ticuleusement les r\u00e9sultats de vos efforts. De plus, l&rsquo;abonnement Yaymail Yith poss\u00e8de une interface remarquablement conviviale qui vous permet de cr\u00e9er et de personnaliser vos mod\u00e8les d&rsquo;e-mail avec une facilit\u00e9 plus grande, d&rsquo;int\u00e9grer de mani\u00e8re transparente de nouveaux abonn\u00e9s dans votre liste de diffusion et d&rsquo;acc\u00e9l\u00e9rer la diss\u00e9mination de vos newsletters et de vos e-mails promotionnels. Que vous soyez un propri\u00e9taire commercial \u00e0 petite \u00e9chelle ou un professionnel chevronn\u00e9 du marketing, l&rsquo;abonnement Yaymail Yith \u00e9merge sans \u00e9quivoque comme un outil indispensable qui peut am\u00e9liorer consid\u00e9rablement vos efforts de marketing par e-mail et finalement amplifier votre retour sur investissement (ROI).<\/p>\n<ul>\n<li>Un puissant outil de gestion de l&rsquo;abonnement pour votre site Web<\/li>\n<li>Permet \u00e0 vos clients de s&rsquo;inscrire et de g\u00e9rer facilement leurs abonnements<\/li>\n<li>Int\u00e8gre de mani\u00e8re transparente avec Yaymail et d&rsquo;autres plateformes de marketing par e-mail populaires<\/li>\n<li>Fournit des analyses d\u00e9taill\u00e9es et des rapports sur vos performances d&rsquo;abonnement<\/li>\n<li>Traitement automatis\u00e9 de facturation et de paiement pour la gestion d&rsquo;abonnement sans tracas<\/li>\n<li>Permet des formulaires d&rsquo;inscription personnalisables et des options d&rsquo;abonnement pour r\u00e9pondre aux besoins de votre entreprise<\/li>\n<li>Offre un support client complet pour assurer une exp\u00e9rience utilisateur fluide<\/li>\n<li>Augmente la r\u00e9tention des clients et les revenus gr\u00e2ce \u00e0 une gestion efficace des abonnement.<\/li>\n<\/ul>\n","protected":false},"excerpt":{"rendered":"<p>Pr\u00e9parez-vous \u00e0 une am\u00e9lioration importante de vos efforts de marketing par e-mail alors que vous vous penchez dans le domaine de l&rsquo;abonnement Yaymail Yith! Cet instrument de pointe et r\u00e9volutionnaire simplifie la gestion de vos abonnements par e-mail gr\u00e2ce \u00e0 l&rsquo;utilisation de fonctionnalit\u00e9s hautement sophistiqu\u00e9es telles que la segmentation et l&rsquo;automatisation. Offrez des adieux \u00e0 la t\u00e2che ardue de superviser manuellement vos listes d&rsquo;abonnement et d&rsquo;adopter un domaine dans lequel les messages cibl\u00e9s et personnalis\u00e9s sont con\u00e7us pour r\u00e9sonner profond\u00e9ment avec votre public estim\u00e9. Commencez l&rsquo;optimisation de vos efforts de marketing par e-mail aujourd&rsquo;hui en exploitant la puissance de l&rsquo;abonnement Yaymail Yith!<\/p>\n","protected":false},"featured_media":146553,"comment_status":"open","ping_status":"open","template":"","meta":[],"product_brand":[2747],"product_cat":[1182,1223,1181],"product_tag":[2331],"class_list":{"0":"post-130217","1":"product","2":"type-product","3":"status-publish","4":"has-post-thumbnail","6":"product_brand-yaycommerce","7":"product_cat-commerce-electronique-plugins","8":"product_cat-personnalisation-commerce-electronique-plugins","9":"product_cat-plugins","10":"product_tag-yaycommerce","11":"member-discount","12":"discount-restricted","14":"first","15":"instock","16":"sale","17":"downloadable","18":"virtual","19":"sold-individually","20":"purchasable","21":"product-type-simple"},"_links":{"self":[{"href":"https:\/\/gpl-love.com\/fr\/wp-json\/wp\/v2\/product\/130217","targetHints":{"allow":["GET"]}}],"collection":[{"href":"https:\/\/gpl-love.com\/fr\/wp-json\/wp\/v2\/product"}],"about":[{"href":"https:\/\/gpl-love.com\/fr\/wp-json\/wp\/v2\/types\/product"}],"replies":[{"embeddable":true,"href":"https:\/\/gpl-love.com\/fr\/wp-json\/wp\/v2\/comments?post=130217"}],"wp:featuredmedia":[{"embeddable":true,"href":"https:\/\/gpl-love.com\/fr\/wp-json\/wp\/v2\/media\/146553"}],"wp:attachment":[{"href":"https:\/\/gpl-love.com\/fr\/wp-json\/wp\/v2\/media?parent=130217"}],"wp:term":[{"taxonomy":"product_brand","embeddable":true,"href":"https:\/\/gpl-love.com\/fr\/wp-json\/wp\/v2\/product_brand?post=130217"},{"taxonomy":"product_cat","embeddable":true,"href":"https:\/\/gpl-love.com\/fr\/wp-json\/wp\/v2\/product_cat?post=130217"},{"taxonomy":"product_tag","embeddable":true,"href":"https:\/\/gpl-love.com\/fr\/wp-json\/wp\/v2\/product_tag?post=130217"}],"curies":[{"name":"wp","href":"https:\/\/api.w.org\/{rel}","templated":true}]}}