{"id":130216,"date":"2025-06-05T00:00:00","date_gmt":"2025-06-04T22:00:00","guid":{"rendered":"https:\/\/gpl-love.com\/fr\/produit\/yaymail-order-delivery-date\/"},"modified":"2026-03-20T23:55:50","modified_gmt":"2026-03-20T22:55:50","slug":"yaymail-order-delivery-date","status":"publish","type":"product","link":"https:\/\/gpl-love.com\/fr\/produit\/yaymail-order-delivery-date\/","title":{"rendered":"YayMail Order Delivery Date 4.0"},"content":{"rendered":"<h3>YayMail Order Delivery Date Traits<\/h3>\n<p>La date de livraison des commandes Yaymail est un produit innovant et tr\u00e8s efficace qui a \u00e9t\u00e9 m\u00e9ticuleusement con\u00e7u pour r\u00e9pondre aux besoins des entreprises et des particuliers. Son objectif principal est de fournir une exp\u00e9rience transparente et sans tracas en permettant aux utilisateurs de garder sans effort la date de livraison pr\u00e9vue pour leurs commandes. En tirant parti de la puissance de cet outil exceptionnel, les clients sont autoris\u00e9s \u00e0 saisir les d\u00e9tails de leur commande et \u00e0 recevoir par la suite une estimation m\u00e9ticuleusement calcul\u00e9e et facilement compr\u00e9hensible concernant l&rsquo;heure d&rsquo;arriv\u00e9e pr\u00e9cise de leurs forfaits attendus. Les nombreux avantages de l&rsquo;utilisation de cette solution de pointe ne peuvent pas \u00eatre surestim\u00e9s, car il r\u00e9pond efficacement aux pr\u00e9occupations dominantes entourant l&rsquo;anxi\u00e9t\u00e9 et l&rsquo;incertitude entourant les d\u00e9lais de livraison. De plus, il aide de mani\u00e8re significative \u00e0 permettre aux clients de planifier leurs horaires et leurs activit\u00e9s d&rsquo;une mani\u00e8re qui est harmonieusement align\u00e9e sur l&rsquo;arriv\u00e9e imminente de leurs articles convoit\u00e9s. Que vous soyez un propri\u00e9taire de petites entreprises engag\u00e9 et ambitieux qui souhaite g\u00e9rer efficacement votre processus d&rsquo;exp\u00e9dition, ou simplement une personne qui attend avec impatience l&rsquo;arriv\u00e9e imminente d&rsquo;un forfait tant attendu, la date de livraison de la commande Yaymail s&rsquo;av\u00e8re \u00eatre Un outil inestimable, indispensable et tr\u00e8s pratique, qui rationalise et simplifie sans effort votre vie.<\/p>\n<ul>\n<li>Pr\u00e9dit avec pr\u00e9cision la date de livraison de votre commande par correspondance<\/li>\n<li>Vous aide \u00e0 planifier et \u00e0 organiser votre horaire autour de la date de livraison<\/li>\n<li>R\u00e9duit l&rsquo;anxi\u00e9t\u00e9 et l&rsquo;incertitude concernant le moment o\u00f9 votre colis arrivera<\/li>\n<li>Facile \u00e0 utiliser avec un processus d&rsquo;entr\u00e9e simple<\/li>\n<li>Peut \u00eatre int\u00e9gr\u00e9 dans diverses plates-formes et applications<\/li>\n<li>Vous permet d&rsquo;\u00e9conomiser du temps et de l&rsquo;argent en vous aidant \u00e0 \u00e9viter les tentatives de livraison manqu\u00e9es<\/li>\n<li>Utilise des algorithmes avanc\u00e9s pour analyser les donn\u00e9es d&rsquo;exp\u00e9dition et faire des pr\u00e9visions de date de livraison pr\u00e9cises<\/li>\n<li>Fournit des mises \u00e0 jour et des alertes en temps r\u00e9el pour toute modification du calendrier de livraison<\/li>\n<li>Des performances fiables et coh\u00e9rentes pour assurer une exp\u00e9rience d&rsquo;achat sans stress.<\/li>\n<\/ul>\n","protected":false},"excerpt":{"rendered":"<p>La date de livraison de la commande Yaymail est un outil incroyablement pratique et convivial qui vous offre la possibilit\u00e9 de saisir sans effort et rapidement votre date de livraison pr\u00e9f\u00e9r\u00e9e pour tous vos achats en ligne. Tout ce que vous avez \u00e0 faire est simplement de saisir la date sp\u00e9cifique \u00e0 laquelle vous souhaitez que votre commande soit livr\u00e9e, et notre logiciel sophistiqu\u00e9 g\u00e9rera avec diligence tous les arrangements n\u00e9cessaires. Offrez des adieux aux frustrations et inconv\u00e9nients associ\u00e9s aux livraisons manqu\u00e9es, et accueilliez chaleureusement une exp\u00e9rience de magasinage qui est remarquablement tranquille et sans tracas avec l&rsquo;aimable autorisation de Yaymail!<\/p>\n","protected":false},"featured_media":146552,"comment_status":"open","ping_status":"open","template":"","meta":[],"product_brand":[2747],"product_cat":[1182,1223,1181],"product_tag":[2331],"class_list":{"0":"post-130216","1":"product","2":"type-product","3":"status-publish","4":"has-post-thumbnail","6":"product_brand-yaycommerce","7":"product_cat-commerce-electronique-plugins","8":"product_cat-personnalisation-commerce-electronique-plugins","9":"product_cat-plugins","10":"product_tag-yaycommerce","11":"member-discount","12":"discount-restricted","14":"first","15":"instock","16":"sale","17":"downloadable","18":"virtual","19":"sold-individually","20":"purchasable","21":"product-type-simple"},"_links":{"self":[{"href":"https:\/\/gpl-love.com\/fr\/wp-json\/wp\/v2\/product\/130216","targetHints":{"allow":["GET"]}}],"collection":[{"href":"https:\/\/gpl-love.com\/fr\/wp-json\/wp\/v2\/product"}],"about":[{"href":"https:\/\/gpl-love.com\/fr\/wp-json\/wp\/v2\/types\/product"}],"replies":[{"embeddable":true,"href":"https:\/\/gpl-love.com\/fr\/wp-json\/wp\/v2\/comments?post=130216"}],"wp:featuredmedia":[{"embeddable":true,"href":"https:\/\/gpl-love.com\/fr\/wp-json\/wp\/v2\/media\/146552"}],"wp:attachment":[{"href":"https:\/\/gpl-love.com\/fr\/wp-json\/wp\/v2\/media?parent=130216"}],"wp:term":[{"taxonomy":"product_brand","embeddable":true,"href":"https:\/\/gpl-love.com\/fr\/wp-json\/wp\/v2\/product_brand?post=130216"},{"taxonomy":"product_cat","embeddable":true,"href":"https:\/\/gpl-love.com\/fr\/wp-json\/wp\/v2\/product_cat?post=130216"},{"taxonomy":"product_tag","embeddable":true,"href":"https:\/\/gpl-love.com\/fr\/wp-json\/wp\/v2\/product_tag?post=130216"}],"curies":[{"name":"wp","href":"https:\/\/api.w.org\/{rel}","templated":true}]}}