{"id":130215,"date":"2025-06-05T00:00:00","date_gmt":"2025-06-04T22:00:00","guid":{"rendered":"https:\/\/gpl-love.com\/fr\/produit\/yaymail-b2b-king\/"},"modified":"2026-03-20T23:55:49","modified_gmt":"2026-03-20T22:55:49","slug":"yaymail-b2b-king","status":"publish","type":"product","link":"https:\/\/gpl-love.com\/fr\/produit\/yaymail-b2b-king\/","title":{"rendered":"YayMail B2B King 4.0"},"content":{"rendered":"<h3>YayMail B2B King Traits<\/h3>\n<p>Yaymail B2B King appara\u00eet comme un outil de marketing par e-mail influent qui a \u00e9t\u00e9 habilement con\u00e7u pour r\u00e9pondre aux entreprises de toutes tailles. Son interface, con\u00e7ue pour \u00eatre conviviale, offre une pl\u00e9thore de fonctionnalit\u00e9s qui aident efficacement les entreprises \u00e0 g\u00e9rer et \u00e0 automatiser efficacement leurs campagnes de marketing par e-mail. Cet outil englobe une suite compl\u00e8te d&rsquo;outils qui facilitent la cr\u00e9ation et la gestion des campagnes de messagerie, la surveillance de leurs performances et les optimiser pour g\u00e9n\u00e9rer des r\u00e9sultats sup\u00e9rieurs. Les fonctionnalit\u00e9s d&rsquo;analyse et de rapport de la plate-forme sont de nature robuste et servent de ressource pr\u00e9cieuse pour les entreprises qui cherchent \u00e0 obtenir des informations sur l&rsquo;efficacit\u00e9 de leurs campagnes par e-mail. Par cons\u00e9quent, cela leur permet de prendre des d\u00e9cisions \u00e9clair\u00e9es qui sont motiv\u00e9es par les donn\u00e9es. Ne faisant aucun compromis sur la s\u00e9curit\u00e9 et la confidentialit\u00e9, Yaymail B2B King est fier de fournir une protection de haut niveau aux donn\u00e9es des entreprises et aux informations des clients, assurant leur plus grande s\u00e9curit\u00e9 et leur confidentialit\u00e9. En conclusion, Yaymail B2B King est une solution de marketing par e-mail holistique qui poss\u00e8de le potentiel d&rsquo;aider les entreprises \u00e0 atteindre leurs objectifs marketing et \u00e0 g\u00e9n\u00e9rer des revenus substantiels.<\/p>\n<ul>\n<li>Solution de marketing par e-mail efficace pour les entreprises<\/li>\n<li>Mod\u00e8les de messagerie personnalisables pour r\u00e9pondre aux besoins de la marque<\/li>\n<li>Rapports avanc\u00e9s et analyses pour suivre les performances des e-mails<\/li>\n<li>Int\u00e9gration avec un logiciel CRM populaire comme Salesforce et HubSpot<\/li>\n<li>Capacit\u00e9 \u00e0 cr\u00e9er des campagnes de messagerie cibl\u00e9es en fonction de la segmentation de l&rsquo;audience<\/li>\n<li>Option pour envoyer des workflows de messagerie automatis\u00e9s pour Nurturing en plomb<\/li>\n<li>Fonctionnalit\u00e9 de test A \/ B pour optimiser l&rsquo;engagement par e-mail<\/li>\n<li>Taux de livrabilit\u00e9 des e-mails sup\u00e9rieurs<\/li>\n<li>Interface conviviale pour la navigation et la gestion faciles des campagnes de messagerie<\/li>\n<li>Support client disponible de l&rsquo;\u00e9quipe Yaymail.<\/li>\n<\/ul>\n","protected":false},"excerpt":{"rendered":"<p>Yaymail B2B King est une solution tout compris qui r\u00e9pond aux besoins des entreprises qui cherchent \u00e0 optimiser leurs efforts de marketing par e-mail. En incorporant des fonctionnalit\u00e9s sophistiqu\u00e9es telles que la segmentation des contacts, l&rsquo;automatisation des e-mails et l&rsquo;analyse, B2B King autorise les entreprises \u00e0 envoyer des e-mails personnalis\u00e9s et cibl\u00e9s qui donnent des conversions. Notamment, son interface conviviale et ses mod\u00e8les personnalisables facilitent la cr\u00e9ation rapide d&rsquo;e-mails polis et de qualit\u00e9 professionnelle. De plus, B2B King offre aux entreprises une API robuste, permettant une int\u00e9gration transparente de leurs efforts de marketing par e-mail avec divers autres outils et plateformes. Offrez des adieux aux campagnes de courrier \u00e9lectronique laborieuses et adoptez les prouesses marketing rationalis\u00e9es et efficaces offertes par Yaymail B2B King.<\/p>\n","protected":false},"featured_media":146551,"comment_status":"open","ping_status":"open","template":"","meta":[],"product_brand":[2747],"product_cat":[1182,1223,1181],"product_tag":[2331],"class_list":{"0":"post-130215","1":"product","2":"type-product","3":"status-publish","4":"has-post-thumbnail","6":"product_brand-yaycommerce","7":"product_cat-commerce-electronique-plugins","8":"product_cat-personnalisation-commerce-electronique-plugins","9":"product_cat-plugins","10":"product_tag-yaycommerce","11":"member-discount","12":"discount-restricted","14":"first","15":"instock","16":"sale","17":"downloadable","18":"virtual","19":"sold-individually","20":"purchasable","21":"product-type-simple"},"_links":{"self":[{"href":"https:\/\/gpl-love.com\/fr\/wp-json\/wp\/v2\/product\/130215","targetHints":{"allow":["GET"]}}],"collection":[{"href":"https:\/\/gpl-love.com\/fr\/wp-json\/wp\/v2\/product"}],"about":[{"href":"https:\/\/gpl-love.com\/fr\/wp-json\/wp\/v2\/types\/product"}],"replies":[{"embeddable":true,"href":"https:\/\/gpl-love.com\/fr\/wp-json\/wp\/v2\/comments?post=130215"}],"wp:featuredmedia":[{"embeddable":true,"href":"https:\/\/gpl-love.com\/fr\/wp-json\/wp\/v2\/media\/146551"}],"wp:attachment":[{"href":"https:\/\/gpl-love.com\/fr\/wp-json\/wp\/v2\/media?parent=130215"}],"wp:term":[{"taxonomy":"product_brand","embeddable":true,"href":"https:\/\/gpl-love.com\/fr\/wp-json\/wp\/v2\/product_brand?post=130215"},{"taxonomy":"product_cat","embeddable":true,"href":"https:\/\/gpl-love.com\/fr\/wp-json\/wp\/v2\/product_cat?post=130215"},{"taxonomy":"product_tag","embeddable":true,"href":"https:\/\/gpl-love.com\/fr\/wp-json\/wp\/v2\/product_tag?post=130215"}],"curies":[{"name":"wp","href":"https:\/\/api.w.org\/{rel}","templated":true}]}}