{"id":130214,"date":"2025-06-05T00:00:00","date_gmt":"2025-06-04T22:00:00","guid":{"rendered":"https:\/\/gpl-love.com\/fr\/produit\/yaymail-woocommerce-points-et-rewards\/"},"modified":"2026-03-20T23:55:48","modified_gmt":"2026-03-20T22:55:48","slug":"yaymail-woocommerce-points-et-rewards","status":"publish","type":"product","link":"https:\/\/gpl-love.com\/fr\/produit\/yaymail-woocommerce-points-et-rewards\/","title":{"rendered":"YayMail WooCommerce Points et Rewards 4.0"},"content":{"rendered":"<h3>YayMail WooCommerce Points et Rewards Traits<\/h3>\n<p>Yaymail WooCommerce Points and Rewards est un outil complet et robuste qui permet aux utilisateurs de WooCommerce d&rsquo;inciter efficacement leurs clients en leur offrant des r\u00e9compenses et des points attrayants. Cette plate-forme remarquable permet aux entreprises d&rsquo;\u00e9tablir sans effort un programme dynamique et enrichissant qui motive non seulement les clients \u00e0 effectuer des achats r\u00e9currents, mais nourrit \u00e9galement une connexion et une interaction plus profondes avec leur marque unique. Avec sa gamme diversifi\u00e9e de fonctionnalit\u00e9s de pointe, y compris la possibilit\u00e9 de personnaliser les r\u00e9compenses, d&rsquo;ajuster les param\u00e8tres d&rsquo;expiration des points et d&rsquo;automatiser les notifications par e-mail, Yaymail excelle vraiment pour garder les clients captiv\u00e9s et bien inform\u00e9s. Gr\u00e2ce \u00e0 la mise en \u0153uvre de ce programme de fid\u00e9lit\u00e9 s\u00e9duisant et immersif, les entreprises peuvent am\u00e9liorer consid\u00e9rablement la r\u00e9tention de la client\u00e8le, renforcer les chiffres des ventes et fortifier leur identit\u00e9 de marque. Essentiellement, les points et les r\u00e9compenses Yaymail WooCommerce apparaissent comme la solution ultime pour les entreprises cherchant \u00e0 favoriser la fid\u00e9lit\u00e9 in\u00e9branlable et l&rsquo;engagement in\u00e9gal\u00e9 au sein de leur pr\u00e9cieux client\u00e8le.<\/p>\n<ul>\n<li>Yaymail WooCommerce Points and Rewards est un plug-in con\u00e7u sp\u00e9cifiquement pour les magasins WooCommerce.<\/li>\n<li>Permet aux propri\u00e9taires de magasins de cr\u00e9er leur propre programme de points et de r\u00e9compenses et inciter les clients \u00e0 effectuer des achats r\u00e9p\u00e9t\u00e9s.<\/li>\n<li>Enti\u00e8rement personnalisable afin que les propri\u00e9taires de magasins puissent d\u00e9finir leurs propres r\u00e9compenses et niveaux de rachat.<\/li>\n<li>INTRESSE INT\u00c9RATEMENT avec WooCommerce, ce qui facilite la gestion des comptes et des transactions clients.<\/li>\n<li>Offre une gamme d&rsquo;options de rachat, y compris des remises, des produits gratuits ou des exp\u00e9ditions et un cr\u00e9dit en magasin.<\/li>\n<li>Fournit des informations d\u00e9taill\u00e9es et des analyses pour surveiller le succ\u00e8s du programme et prendre des d\u00e9cisions bas\u00e9es sur les donn\u00e9es.<\/li>\n<li>Peut am\u00e9liorer la fid\u00e9lit\u00e9 des clients et augmenter les ventes des propri\u00e9taires de magasins WooCommerce.<\/li>\n<li>Peut encourager les clients \u00e0 s&rsquo;engager davantage dans le magasin et \u00e0 fournir des commentaires pr\u00e9cieux pour am\u00e9liorer l&rsquo;exp\u00e9rience d&rsquo;achat.<\/li>\n<\/ul>\n","protected":false},"excerpt":{"rendered":"<p>Les points et r\u00e9compenses Yaymail WooCommerce servent de plugin tr\u00e8s efficace qui vise \u00e0 am\u00e9liorer l&rsquo;engagement des clients et \u00e0 cultiver la fid\u00e9lit\u00e9 dans votre boutique WooCommerce. Gr\u00e2ce \u00e0 l&rsquo;utilisation de ce plugin, vous poss\u00e9dez la capacit\u00e9 de construire un syst\u00e8me de points et de r\u00e9compenses extr\u00eamement robuste et influent, qui motive efficacement les clients \u00e0 participer aux achats et \u00e0 s&rsquo;engager activement avec votre marque estim\u00e9e. En s&rsquo;engageant dans diverses actions telles que l&rsquo;enregistrement, la fourniture de critiques stimulantes et engageant des transactions, les clients ont la possibilit\u00e9 d&rsquo;accumuler des points qui peuvent par la suite \u00eatre \u00e9chang\u00e9s en \u00e9change de remises s\u00e9duisantes ou m\u00eame de marchandises compl\u00e9mentaires. En outre, il est important de noter que ce plugin s&rsquo;int\u00e8gre de mani\u00e8re transparente \u00e0 Yaymail, vous permettant ainsi de livrer habilement des e-mails hautement cibl\u00e9s aux clients, qui sont adapt\u00e9s \u00e0 leur statut de r\u00e9compense unique. Par cons\u00e9quent, la mise en \u0153uvre des points et r\u00e9compenses de Yaymail WooCommerce fournit \u00e0 votre client\u00e8le une incitation s\u00e9duisante \u00e0 retourner r\u00e9guli\u00e8rement \u00e0 votre \u00e9tablissement estim\u00e9.<\/p>\n","protected":false},"featured_media":146550,"comment_status":"open","ping_status":"open","template":"","meta":[],"product_brand":[2747],"product_cat":[1182,1223,1181],"product_tag":[2331],"class_list":{"0":"post-130214","1":"product","2":"type-product","3":"status-publish","4":"has-post-thumbnail","6":"product_brand-yaycommerce","7":"product_cat-commerce-electronique-plugins","8":"product_cat-personnalisation-commerce-electronique-plugins","9":"product_cat-plugins","10":"product_tag-yaycommerce","11":"member-discount","12":"discount-restricted","14":"first","15":"instock","16":"sale","17":"downloadable","18":"virtual","19":"sold-individually","20":"purchasable","21":"product-type-simple"},"_links":{"self":[{"href":"https:\/\/gpl-love.com\/fr\/wp-json\/wp\/v2\/product\/130214","targetHints":{"allow":["GET"]}}],"collection":[{"href":"https:\/\/gpl-love.com\/fr\/wp-json\/wp\/v2\/product"}],"about":[{"href":"https:\/\/gpl-love.com\/fr\/wp-json\/wp\/v2\/types\/product"}],"replies":[{"embeddable":true,"href":"https:\/\/gpl-love.com\/fr\/wp-json\/wp\/v2\/comments?post=130214"}],"wp:featuredmedia":[{"embeddable":true,"href":"https:\/\/gpl-love.com\/fr\/wp-json\/wp\/v2\/media\/146550"}],"wp:attachment":[{"href":"https:\/\/gpl-love.com\/fr\/wp-json\/wp\/v2\/media?parent=130214"}],"wp:term":[{"taxonomy":"product_brand","embeddable":true,"href":"https:\/\/gpl-love.com\/fr\/wp-json\/wp\/v2\/product_brand?post=130214"},{"taxonomy":"product_cat","embeddable":true,"href":"https:\/\/gpl-love.com\/fr\/wp-json\/wp\/v2\/product_cat?post=130214"},{"taxonomy":"product_tag","embeddable":true,"href":"https:\/\/gpl-love.com\/fr\/wp-json\/wp\/v2\/product_tag?post=130214"}],"curies":[{"name":"wp","href":"https:\/\/api.w.org\/{rel}","templated":true}]}}