{"id":130213,"date":"2025-06-05T00:00:00","date_gmt":"2025-06-04T22:00:00","guid":{"rendered":"https:\/\/gpl-love.com\/fr\/produit\/yaymail-yith-booking-et-appointment\/"},"modified":"2026-03-20T23:55:47","modified_gmt":"2026-03-20T22:55:47","slug":"yaymail-yith-booking-et-appointment","status":"publish","type":"product","link":"https:\/\/gpl-love.com\/fr\/produit\/yaymail-yith-booking-et-appointment\/","title":{"rendered":"YayMail Yith Booking et Appointment 4.0"},"content":{"rendered":"<h3>YayMail Yith Booking et Appointment Traits<\/h3>\n<p>Yaymail Yith La r\u00e9servation et la nomination est un outil extr\u00eamement puissant qui simplifie consid\u00e9rablement le processus complexe et multiforme de gestion efficace des r\u00e9servations et des rendez-vous. Ce logiciel sophistiqu\u00e9 permet aux entreprises de superviser et de r\u00e9glementer sans effort les rendez-vous, de planifier m\u00e9ticuleusement les r\u00e9servations et de surveiller et de maintenir consciencieusement des informations clients compl\u00e8tes, toutes dans les limites d&rsquo;une seule plate-forme centralis\u00e9e. Avec son interface remarquablement intuitive et conviviale, ce logiciel ing\u00e9nieux facilite de mani\u00e8re transparente la configuration et l&rsquo;utilisation rapides et transparentes, \u00e9conomisant ainsi efficacement le temps et les efforts pr\u00e9cieux pour discerner les propri\u00e9taires d&rsquo;entreprises. De plus, le logiciel poss\u00e8de un \u00e9ventail impressionnant de fonctionnalit\u00e9s suppl\u00e9mentaires, y compris des notifications par e-mail automatis\u00e9es, des rappels en temps opportun et des commentaires inestimables, tous synergistiquement synergis\u00e9s pour renforcer et fortifier les entreprises dans leur qu\u00eate de prouesses organisationnelles in\u00e9gal\u00e9es et de livraison in\u00e9branlable du service client stellaire. En r\u00e9sum\u00e9, la r\u00e9servation et la nomination de Yaymail Yith apparaissent comme une solution sans \u00e9quivoque et sterling pour les entreprises astucieuses qui cherchent ardemment \u00e0 rationaliser et \u00e0 optimiser leurs efforts de gestion et de gestion de la nomination.<\/p>\n<ul>\n<li>Rationalise la communication entre les entreprises et les clients<\/li>\n<li>Permet aux clients de r\u00e9server des rendez-vous et des cours en ligne<\/li>\n<li>Automatise la planification et les rappels de rendez-vous<\/li>\n<li>Suit l&rsquo;historique des clients et les pr\u00e9f\u00e9rences<\/li>\n<li>Am\u00e9liore l&rsquo;engagement et la r\u00e9tention des clients<\/li>\n<li>Compatible avec les plates-formes CMS populaires comme WordPress et WooCommerce<\/li>\n<li>Offre des formulaires et des champs de r\u00e9servation personnalisables<\/li>\n<li>Fournit un processus de paiement s\u00e9curis\u00e9 et transparent<\/li>\n<li>Facilite une gestion facile de plusieurs emplacements et calendriers<\/li>\n<li>Offre des fonctionnalit\u00e9s de rapports et d&rsquo;analyse efficaces<\/li>\n<\/ul>\n","protected":false},"excerpt":{"rendered":"<p>Yaymail Yith La r\u00e9servation et la nomination est un outil incroyablement robuste et efficace qui vous permet \u00e0 entreprendre sans effort la gestion des r\u00e9servations et rendez-vous de votre entreprise. Ce logiciel exceptionnel vous donne la capacit\u00e9 de concevoir un syst\u00e8me de r\u00e9servation hautement personnalis\u00e9 et r\u00e9glable qui est m\u00e9ticuleusement adapt\u00e9 pour r\u00e9pondre aux exigences distinctives de votre entreprise. Que vous soyez le propri\u00e9taire d&rsquo;un spa opulent, d&rsquo;un salon \u00e0 la mode ou d&rsquo;une pratique m\u00e9dicale de pointe, la r\u00e9servation et le rendez-vous de Yaymail Yith vous accordent la capacit\u00e9 inestimable \u00e0 naviguer dans le processus de planification des rendez-vous avec une facilit\u00e9 et une simplicit\u00e9 in\u00e9gal\u00e9es. De plus, l&rsquo;int\u00e9gration transparente de ce logiciel avec Yaymail garantit que vous \u00eates en mesure de communiquer de mani\u00e8re transparente et sans effort avec vos clients estim\u00e9s, garantissant ainsi qu&rsquo;ils sont syst\u00e9matiquement tenus au courant de tout rendez-vous \u00e0 venir. N&rsquo;h\u00e9sitez pas \u00e0 saisir cette opportunit\u00e9 exceptionnelle d&rsquo;investir dans ce logiciel incroyablement avantageux aujourd&rsquo;hui, car il acc\u00e9l\u00e9rera et rationalisera sans aucun doute votre processus de r\u00e9servation de mani\u00e8re remarquablement efficace.<\/p>\n","protected":false},"featured_media":146549,"comment_status":"open","ping_status":"open","template":"","meta":[],"product_brand":[2747],"product_cat":[1182,1223,1181],"product_tag":[2331],"class_list":{"0":"post-130213","1":"product","2":"type-product","3":"status-publish","4":"has-post-thumbnail","6":"product_brand-yaycommerce","7":"product_cat-commerce-electronique-plugins","8":"product_cat-personnalisation-commerce-electronique-plugins","9":"product_cat-plugins","10":"product_tag-yaycommerce","11":"member-discount","12":"discount-restricted","14":"first","15":"instock","16":"sale","17":"downloadable","18":"virtual","19":"sold-individually","20":"purchasable","21":"product-type-simple"},"_links":{"self":[{"href":"https:\/\/gpl-love.com\/fr\/wp-json\/wp\/v2\/product\/130213","targetHints":{"allow":["GET"]}}],"collection":[{"href":"https:\/\/gpl-love.com\/fr\/wp-json\/wp\/v2\/product"}],"about":[{"href":"https:\/\/gpl-love.com\/fr\/wp-json\/wp\/v2\/types\/product"}],"replies":[{"embeddable":true,"href":"https:\/\/gpl-love.com\/fr\/wp-json\/wp\/v2\/comments?post=130213"}],"wp:featuredmedia":[{"embeddable":true,"href":"https:\/\/gpl-love.com\/fr\/wp-json\/wp\/v2\/media\/146549"}],"wp:attachment":[{"href":"https:\/\/gpl-love.com\/fr\/wp-json\/wp\/v2\/media?parent=130213"}],"wp:term":[{"taxonomy":"product_brand","embeddable":true,"href":"https:\/\/gpl-love.com\/fr\/wp-json\/wp\/v2\/product_brand?post=130213"},{"taxonomy":"product_cat","embeddable":true,"href":"https:\/\/gpl-love.com\/fr\/wp-json\/wp\/v2\/product_cat?post=130213"},{"taxonomy":"product_tag","embeddable":true,"href":"https:\/\/gpl-love.com\/fr\/wp-json\/wp\/v2\/product_tag?post=130213"}],"curies":[{"name":"wp","href":"https:\/\/api.w.org\/{rel}","templated":true}]}}