{"id":130212,"date":"2025-06-05T00:00:00","date_gmt":"2025-06-04T22:00:00","guid":{"rendered":"https:\/\/gpl-love.com\/fr\/produit\/yaymail-b2b-et-wholesale-suite\/"},"modified":"2026-03-20T23:55:46","modified_gmt":"2026-03-20T22:55:46","slug":"yaymail-b2b-et-wholesale-suite","status":"publish","type":"product","link":"https:\/\/gpl-love.com\/fr\/produit\/yaymail-b2b-et-wholesale-suite\/","title":{"rendered":"YayMail B2B et Wholesale Suite 4.0"},"content":{"rendered":"<h3>YayMail B2B et Wholesale Suite Traits<\/h3>\n<p>Yaymail B2B et Wholesale Suite sont une solution \u00e9tendue qui a \u00e9t\u00e9 sp\u00e9cifiquement d\u00e9velopp\u00e9e pour am\u00e9liorer et rationaliser la gestion des proc\u00e9dures de vente en gros et B2B. Cette suite compl\u00e8te comprend un large \u00e9ventail de fonctionnalit\u00e9s, y compris, mais sans s&rsquo;y limiter, le traitement automatis\u00e9 des commandes, la gestion des niveaux de tarification, la cr\u00e9ation de catalogues personnalis\u00e9s et de nombreuses autres fonctionnalit\u00e9s pr\u00e9cieuses, qui contribuent collectivement \u00e0 faciliter un processus de vente plus efficace et plus efficace. De plus, la suite poss\u00e8de la capacit\u00e9 remarquable de s&rsquo;int\u00e9grer de mani\u00e8re transparente \u00e0 plusieurs plates-formes de premier plan et largement utilis\u00e9es telles que Shopify, WooCommerce et BigCommerce, rendant ainsi Yaymail B2B et la suite de gros une option incroyablement flexible qui s&rsquo;adresse aux entreprises de magnitudes vari\u00e9es. L&rsquo;interface conviviale de la suite, combin\u00e9e \u00e0 son arsenal d&rsquo;outils puissants, simplifie encore la t\u00e2che de g\u00e9rer les commandes, les clients et les prix, permettant ainsi aux entreprises de hi\u00e9rarchiser et de consacrer leurs efforts \u00e0 augmenter leurs chiffres de vente et la croissance globale des revenus.<\/p>\n<ul>\n<li>B2B complet et suite de gros sur mesure pour r\u00e9pondre aux besoins des entreprises de toutes tailles<\/li>\n<li>Outils de communication am\u00e9lior\u00e9s pour les interactions des clients rationalis\u00e9es et la gestion des factures<\/li>\n<li>Capacit\u00e9s avanc\u00e9es de gestion des prix et de r\u00e9duction pour r\u00e9pondre \u00e0 diff\u00e9rents groupes de clients<\/li>\n<li>Stopage personnalisable avec des prix personnalis\u00e9s et des options de conception de marque<\/li>\n<li>Ordre simplifi\u00e9 et gestion des stocks avec des catalogues centralis\u00e9s et une synchronisation en temps r\u00e9el<\/li>\n<li>Int\u00e9gration des ventes multicanaux avec le support pour les plates-formes et les march\u00e9s de commerce \u00e9lectronique populaires<\/li>\n<li>Des outils de rapports et d&rsquo;analyse robustes pour obtenir des informations sur les performances des ventes et le comportement du client<\/li>\n<li>Des tarifs \u00e9volutifs et flexibles pr\u00e9voient pour r\u00e9pondre aux besoins en \u00e9volution des entreprises au fil du temps<\/li>\n<\/ul>\n","protected":false},"excerpt":{"rendered":"<p>Yaymail B2B et Wholesale Suite sont une solution globale et \u00e9tendue m\u00e9ticuleusement con\u00e7ue pour r\u00e9pondre aux exigences des entreprises et des grossistes visant \u00e0 optimiser et \u00e0 am\u00e9liorer leurs campagnes de marketing par e-mail. \u00c9quip\u00e9 de fonctionnalit\u00e9s de pointe comme l&rsquo;envoi d&rsquo;e-mails en masse, des mod\u00e8les personnalisables et des workflows automatis\u00e9s, Yaymail d\u00e9passe les attentes en simplifiant le processus de connexion avec les clients et d&rsquo;augmenter les conversions. De plus, cette suite poss\u00e8de de puissants outils d&rsquo;analyse qui facilitent la surveillance des performances de la campagne et la formulation de d\u00e9cisions bien inform\u00e9es bas\u00e9es sur des informations bas\u00e9es sur les donn\u00e9es. Quelle que soit votre \u00e9chelle d&rsquo;entreprise, que ce soit une entreprise modeste ou une entreprise tentaculaire, Yaymail fournit une suite compl\u00e8te qui vous offre tous les outils et ressources n\u00e9cessaires pour propulser vos efforts de marketing par e-mail \u00e0 des hauteurs sans pr\u00e9c\u00e9dent.<\/p>\n","protected":false},"featured_media":146548,"comment_status":"open","ping_status":"open","template":"","meta":[],"product_brand":[2747],"product_cat":[1182,1223,1181],"product_tag":[2331],"class_list":{"0":"post-130212","1":"product","2":"type-product","3":"status-publish","4":"has-post-thumbnail","6":"product_brand-yaycommerce","7":"product_cat-commerce-electronique-plugins","8":"product_cat-personnalisation-commerce-electronique-plugins","9":"product_cat-plugins","10":"product_tag-yaycommerce","11":"member-discount","12":"discount-restricted","14":"first","15":"instock","16":"sale","17":"downloadable","18":"virtual","19":"sold-individually","20":"purchasable","21":"product-type-simple"},"_links":{"self":[{"href":"https:\/\/gpl-love.com\/fr\/wp-json\/wp\/v2\/product\/130212","targetHints":{"allow":["GET"]}}],"collection":[{"href":"https:\/\/gpl-love.com\/fr\/wp-json\/wp\/v2\/product"}],"about":[{"href":"https:\/\/gpl-love.com\/fr\/wp-json\/wp\/v2\/types\/product"}],"replies":[{"embeddable":true,"href":"https:\/\/gpl-love.com\/fr\/wp-json\/wp\/v2\/comments?post=130212"}],"wp:featuredmedia":[{"embeddable":true,"href":"https:\/\/gpl-love.com\/fr\/wp-json\/wp\/v2\/media\/146548"}],"wp:attachment":[{"href":"https:\/\/gpl-love.com\/fr\/wp-json\/wp\/v2\/media?parent=130212"}],"wp:term":[{"taxonomy":"product_brand","embeddable":true,"href":"https:\/\/gpl-love.com\/fr\/wp-json\/wp\/v2\/product_brand?post=130212"},{"taxonomy":"product_cat","embeddable":true,"href":"https:\/\/gpl-love.com\/fr\/wp-json\/wp\/v2\/product_cat?post=130212"},{"taxonomy":"product_tag","embeddable":true,"href":"https:\/\/gpl-love.com\/fr\/wp-json\/wp\/v2\/product_tag?post=130212"}],"curies":[{"name":"wp","href":"https:\/\/api.w.org\/{rel}","templated":true}]}}