{"id":130211,"date":"2025-06-05T00:00:00","date_gmt":"2025-06-04T22:00:00","guid":{"rendered":"https:\/\/gpl-love.com\/fr\/produit\/yaymail-back-in-stock-notifications\/"},"modified":"2026-03-20T23:55:46","modified_gmt":"2026-03-20T22:55:46","slug":"yaymail-back-in-stock-notifications","status":"publish","type":"product","link":"https:\/\/gpl-love.com\/fr\/produit\/yaymail-back-in-stock-notifications\/","title":{"rendered":"YayMail Back in Stock Notifications 4.0"},"content":{"rendered":"<h3>YayMail Back in Stock Notifications Traits<\/h3>\n<p>Yaymail Back in Stock Notifications, un outil robuste, s&rsquo;av\u00e8re tr\u00e8s avantageux pour faciliter le suivi de vos produits pr\u00e9f\u00e9r\u00e9s et vous assurer que vous \u00eates rapidement inform\u00e9 de leur disponibilit\u00e9. Ce produit remarquable est con\u00e7u pour vous aider sans effort et de mani\u00e8re transparente \u00e0 rester bien inform\u00e9 sur les \u00e9l\u00e9ments que vous d\u00e9sirez acqu\u00e9rir, ce qui vous permettait de gagner consid\u00e9rablement votre temps pr\u00e9cieux et de minimiser toute frustration potentielle. En employant les services de Yaymail, vous pouvez \u00e9tablir sans effort des notifications pour les produits actuellement en rupture de stock ou non disponibles, et par cons\u00e9quent, vous serez rapidement alert\u00e9 une fois que ces produits seront accessibles une fois de plus. Cette fonctionnalit\u00e9 remarquable est particuli\u00e8rement id\u00e9ale pour les personnes qui se livrent \u00e0 des achats en ligne, cherchant \u00e0 rester \u00e0 jour avec les derniers d\u00e9veloppements de produits tout en garantissant simultan\u00e9ment leur acquisition rapide de leurs articles les plus ch\u00e8res. Essentiellement, Yaymail Back in Stock Notifications repr\u00e9sente un outil indispensable pour les acheteurs en ligne qui sont d\u00e9termin\u00e9s \u00e0 maintenir un avantage concurrentiel et \u00e0 ne plus jamais supporter la d\u00e9ception de manquer leurs produits les plus chers.<\/p>\n<ul>\n<li>\u00catre inform\u00e9 lorsqu&rsquo;un produit est de retour en stock<\/li>\n<li>Facile \u00e0 installer et \u00e0 configurer<\/li>\n<li>Prend en charge plusieurs adresses e-mail<\/li>\n<li>Personnaliser les messages de notification<\/li>\n<li>Compatible avec la plupart des plateformes de commerce \u00e9lectronique<\/li>\n<li>Surveiller plusieurs produits simultan\u00e9ment<\/li>\n<li>Am\u00e9liorer la satisfaction du client en fournissant des mises \u00e0 jour en temps opportun<\/li>\n<li>Augmenter les ventes en alertant les clients potentiels de produits r\u00e9approvisionn\u00e9s<\/li>\n<li>Solution rentable par rapport \u00e0 d&rsquo;autres syst\u00e8mes de gestion des stocks<\/li>\n<li>Mises \u00e0 jour en temps r\u00e9el pour les informations pr\u00e9cises en stock<\/li>\n<\/ul>\n","protected":false},"excerpt":{"rendered":"<p>Yaymail Back in Stock Notifications, un outil tr\u00e8s puissant, sert de moyen pour les clients de rester bien inform\u00e9s en ce qui concerne la disponibilit\u00e9 des produits la plus \u00e0 jour. \u00c0 la rentr\u00e9e d&rsquo;un produit tant attendu dans le domaine des actions, les clients re\u00e7oivent rapidement une notification par e-mail, facilitant ainsi leur acquisition rapide et sans effort de ce produit. Ce syst\u00e8me fonctionne de mani\u00e8re enti\u00e8rement automatis\u00e9e, offrant ainsi aux entreprises la possibilit\u00e9 d&rsquo;\u00e9conomiser du temps et des ressources tout en fournissant simultan\u00e9ment un service in\u00e9gal\u00e9 \u00e0 leur client\u00e8le estim\u00e9e. L&rsquo;utilisation de Yaymail Back in Stock Notifications accorde le potentiel d&rsquo;augmenter sans effort les chiffres de vente et de renforcer le contentement des clients, tout en rationalisant les processus op\u00e9rationnels.<\/p>\n","protected":false},"featured_media":146547,"comment_status":"open","ping_status":"open","template":"","meta":[],"product_brand":[2747],"product_cat":[1182,1223,1181],"product_tag":[2331],"class_list":{"0":"post-130211","1":"product","2":"type-product","3":"status-publish","4":"has-post-thumbnail","6":"product_brand-yaycommerce","7":"product_cat-commerce-electronique-plugins","8":"product_cat-personnalisation-commerce-electronique-plugins","9":"product_cat-plugins","10":"product_tag-yaycommerce","11":"member-discount","12":"discount-restricted","14":"first","15":"instock","16":"sale","17":"downloadable","18":"virtual","19":"sold-individually","20":"purchasable","21":"product-type-simple"},"_links":{"self":[{"href":"https:\/\/gpl-love.com\/fr\/wp-json\/wp\/v2\/product\/130211","targetHints":{"allow":["GET"]}}],"collection":[{"href":"https:\/\/gpl-love.com\/fr\/wp-json\/wp\/v2\/product"}],"about":[{"href":"https:\/\/gpl-love.com\/fr\/wp-json\/wp\/v2\/types\/product"}],"replies":[{"embeddable":true,"href":"https:\/\/gpl-love.com\/fr\/wp-json\/wp\/v2\/comments?post=130211"}],"wp:featuredmedia":[{"embeddable":true,"href":"https:\/\/gpl-love.com\/fr\/wp-json\/wp\/v2\/media\/146547"}],"wp:attachment":[{"href":"https:\/\/gpl-love.com\/fr\/wp-json\/wp\/v2\/media?parent=130211"}],"wp:term":[{"taxonomy":"product_brand","embeddable":true,"href":"https:\/\/gpl-love.com\/fr\/wp-json\/wp\/v2\/product_brand?post=130211"},{"taxonomy":"product_cat","embeddable":true,"href":"https:\/\/gpl-love.com\/fr\/wp-json\/wp\/v2\/product_cat?post=130211"},{"taxonomy":"product_tag","embeddable":true,"href":"https:\/\/gpl-love.com\/fr\/wp-json\/wp\/v2\/product_tag?post=130211"}],"curies":[{"name":"wp","href":"https:\/\/api.w.org\/{rel}","templated":true}]}}