{"id":130210,"date":"2025-06-05T00:00:00","date_gmt":"2025-06-04T22:00:00","guid":{"rendered":"https:\/\/gpl-love.com\/fr\/produit\/yaymail-woocommerce-affiliate\/"},"modified":"2026-03-20T23:55:45","modified_gmt":"2026-03-20T22:55:45","slug":"yaymail-woocommerce-affiliate","status":"publish","type":"product","link":"https:\/\/gpl-love.com\/fr\/produit\/yaymail-woocommerce-affiliate\/","title":{"rendered":"YayMail WooCommerce Affiliate 4.0"},"content":{"rendered":"<h3>YayMail WooCommerce Affiliate Traits<\/h3>\n<p>L&rsquo;affili\u00e9 de Yaymail WooCommerce appara\u00eet comme un outil de marketing extr\u00eamement pr\u00e9cieux m\u00e9ticuleusement con\u00e7u pour faciliter l&rsquo;augmentation des revenus des marchands en ligne gr\u00e2ce \u00e0 l&rsquo;hartification de l&rsquo;immense potentiel du marketing d&rsquo;affiliation. Ce plugin impressionnant accorde aux commer\u00e7ants une int\u00e9gration transparente entre la plate-forme WooCommerce et Yaymail, les permettant ainsi d&rsquo;\u00e9tendre et d&rsquo;administrer leur r\u00e9seau d&rsquo;affiliation et des campagnes avec une facilit\u00e9 et une efficacit\u00e9 in\u00e9gal\u00e9es. Gr\u00e2ce \u00e0 Yaymail WooCommerce Affiliate, les commer\u00e7ants peuvent minutieusement surveiller les performances de leurs affili\u00e9s, g\u00e9rer habilement les paiements et automatiser sans effil\u00e9 leurs efforts de marketing d&rsquo;affiliation, les soulageant ainsi de la charge de d\u00e9penser de nombreuses quantit\u00e9s de temps et de ressources. Par cons\u00e9quent, cet outil innovant permet aux commer\u00e7ants de lib\u00e9rer la pleine puissance du marketing d&rsquo;affiliation et de propulser leur boutique en ligne \u00e0 des sommets de succ\u00e8s sans pr\u00e9c\u00e9dent en stimulant un d\u00e9luge de ventes.<\/p>\n<ul>\n<li>Suivre sans effil\u00e9 les ventes et les paiements d&rsquo;affiliation<\/li>\n<li>G\u00e9n\u00e9rer automatiquement des liens d&rsquo;affiliation uniques pour chaque promoteur<\/li>\n<li>Int\u00e9grer parfaitement avec WooCommerce<\/li>\n<li>Personnaliser les taux de commission de r\u00e9f\u00e9rence et les options de suivi<\/li>\n<li>Voir les rapports et analyses de performances d\u00e9taill\u00e9es<\/li>\n<li>G\u00e9rer et communiquer facilement avec les affili\u00e9s via un tableau de bord d\u00e9di\u00e9<\/li>\n<li>Alimenter les ventes et d\u00e9velopper votre entreprise gr\u00e2ce au marketing de bouche \u00e0 oreille.<\/li>\n<\/ul>\n","protected":false},"excerpt":{"rendered":"<p>L&rsquo;affili\u00e9 de Yaymail WooCommerce appara\u00eet comme un outil extr\u00eamement influent, adepte pour augmenter vos ventes et capitaliser sur le potentiel remarquable du marketing par e-mail et du r\u00e9seau d&rsquo;affiliation. Il se manifeste comme une int\u00e9gration impeccablement transparente avec votre magasin WooCommerce, facilitant ainsi une surveillance pratique des conversions et des commissions. En vertu de Yaymail WooCommerce Affiliate, vous \u00eates accord\u00e9 \u00e0 la capacit\u00e9 de d\u00e9g\u00e9n\u00e9rer vos perspectives commerciales en \u00e9tablissant un contact avec un groupe d\u00e9mographique plus large et en engendrant un sentiment de motivation pour approuver activement votre marchandise. Que vous fassiez l&rsquo;exploitation d&rsquo;une entreprise de taille modeste ou que vous pr\u00e9siiez une vaste entit\u00e9 de commerce \u00e9lectronique, l&rsquo;efficacit\u00e9 indubitable de Yaymail Woocommerce affiliait lui une solution in\u00e9gal\u00e9e, propulsant efficacement vos chiffres de vente vers le ciel et revigorant vos sources de revenus globales.<\/p>\n","protected":false},"featured_media":146546,"comment_status":"open","ping_status":"open","template":"","meta":[],"product_brand":[2747],"product_cat":[1182,1223,1181],"product_tag":[2331],"class_list":{"0":"post-130210","1":"product","2":"type-product","3":"status-publish","4":"has-post-thumbnail","6":"product_brand-yaycommerce","7":"product_cat-commerce-electronique-plugins","8":"product_cat-personnalisation-commerce-electronique-plugins","9":"product_cat-plugins","10":"product_tag-yaycommerce","11":"member-discount","12":"discount-restricted","14":"first","15":"instock","16":"sale","17":"downloadable","18":"virtual","19":"sold-individually","20":"purchasable","21":"product-type-simple"},"_links":{"self":[{"href":"https:\/\/gpl-love.com\/fr\/wp-json\/wp\/v2\/product\/130210","targetHints":{"allow":["GET"]}}],"collection":[{"href":"https:\/\/gpl-love.com\/fr\/wp-json\/wp\/v2\/product"}],"about":[{"href":"https:\/\/gpl-love.com\/fr\/wp-json\/wp\/v2\/types\/product"}],"replies":[{"embeddable":true,"href":"https:\/\/gpl-love.com\/fr\/wp-json\/wp\/v2\/comments?post=130210"}],"wp:featuredmedia":[{"embeddable":true,"href":"https:\/\/gpl-love.com\/fr\/wp-json\/wp\/v2\/media\/146546"}],"wp:attachment":[{"href":"https:\/\/gpl-love.com\/fr\/wp-json\/wp\/v2\/media?parent=130210"}],"wp:term":[{"taxonomy":"product_brand","embeddable":true,"href":"https:\/\/gpl-love.com\/fr\/wp-json\/wp\/v2\/product_brand?post=130210"},{"taxonomy":"product_cat","embeddable":true,"href":"https:\/\/gpl-love.com\/fr\/wp-json\/wp\/v2\/product_cat?post=130210"},{"taxonomy":"product_tag","embeddable":true,"href":"https:\/\/gpl-love.com\/fr\/wp-json\/wp\/v2\/product_tag?post=130210"}],"curies":[{"name":"wp","href":"https:\/\/api.w.org\/{rel}","templated":true}]}}