{"id":130209,"date":"2025-06-05T00:00:00","date_gmt":"2025-06-04T22:00:00","guid":{"rendered":"https:\/\/gpl-love.com\/fr\/produit\/yaymail-woocommerce-stripe-gateway\/"},"modified":"2026-03-20T23:55:43","modified_gmt":"2026-03-20T22:55:43","slug":"yaymail-woocommerce-stripe-gateway","status":"publish","type":"product","link":"https:\/\/gpl-love.com\/fr\/produit\/yaymail-woocommerce-stripe-gateway\/","title":{"rendered":"YayMail WooCommerce Stripe Gateway 4.0"},"content":{"rendered":"<h3>YayMail WooCommerce Stripe Gateway Traits<\/h3>\n<p>La passerelle Stripe WooCommerce Yaymail, un outil robuste et efficace, a \u00e9t\u00e9 sp\u00e9cialement con\u00e7ue pour am\u00e9liorer et rationaliser le syst\u00e8me de traitement des paiements d&rsquo;une boutique en ligne, ce qui en fait un actif indispensable dans le domaine du commerce \u00e9lectronique. En int\u00e9grant de mani\u00e8re transparente la plate-forme WooCommerce bien connue avec la passerelle de paiement Stripe s\u00e9curis\u00e9e et fiable, cette passerelle facilite l&rsquo;ach\u00e8vement invite et sans effort des paiements par les clients. Ce qui distingue cette passerelle, c&rsquo;est son incorporation de m\u00e9canismes avanc\u00e9s pour d\u00e9tecter et pr\u00e9venir les activit\u00e9s frauduleuses, garantissant que toutes les transactions effectu\u00e9es sont non seulement s\u00e9curis\u00e9es mais aussi fiables. De plus, la Gateway de Stripe WooCommerce Yaymail va plus loin en offrant des fonctionnalit\u00e9s compl\u00e8tes de reportage et d&rsquo;analyse qui fournissent aux propri\u00e9taires de magasins de pr\u00e9cieuses informations sur les performances de leur entreprise. Essentiellement, cette passerelle est un outil indispensable pour toute boutique en ligne cherchant \u00e0 optimiser son syst\u00e8me de traitement des paiements et \u00e0 offrir aux clients une exp\u00e9rience d&rsquo;achat transparente et sans tracas.<\/p>\n<ul>\n<li>Int\u00e8gre de mani\u00e8re transparente WooCommerce et Stripe Payment Gateway<\/li>\n<li>Permet un traitement de paiement facile pour les clients avec des cartes de cr\u00e9dit \/ d\u00e9bit ou des portefeuilles mobiles<\/li>\n<li>Am\u00e9liore la s\u00e9curit\u00e9 avec le cryptage SSL pour toutes les transactions<\/li>\n<li>Offre des formulaires et champs de paiement personnalisables pour une exp\u00e9rience de paiement personnalis\u00e9e<\/li>\n<li>Fournit des rapports et des analyses d\u00e9taill\u00e9s pour que les commer\u00e7ants suivent les ventes et les tendances<\/li>\n<li>Compatible avec plusieurs devises et m\u00e9thodes de paiement<\/li>\n<li>Offre une documentation et une prise en charge conviviales pour une installation et un d\u00e9pannage faciles<\/li>\n<li>R\u00e9guli\u00e8rement mis \u00e0 jour avec de nouvelles fonctionnalit\u00e9s et des corrections de bogues pour des performances optimales<\/li>\n<\/ul>\n","protected":false},"excerpt":{"rendered":"<p>Yaymail WooCommerce Stripe Gateway, un instrument robuste et formidable, a \u00e9t\u00e9 sp\u00e9cifiquement con\u00e7u pour les entreprises en ligne d\u00e9pendantes de WooCommerce comme \u00e9minente plate-forme de commerce \u00e9lectronique. Fusion impeccablement avec Stripe, un service de traitement de paiement en ligne tr\u00e8s fiable et respect\u00e9, ce plugin offre des capacit\u00e9s de traitement des paiements acc\u00e9l\u00e9r\u00e9es et fortifi\u00e9es pour r\u00e9pondre \u00e0 votre client\u00e8le estim\u00e9e. Remarquablement, cette passerelle rationalise la proc\u00e9dure de paiement gr\u00e2ce \u00e0 un assortiment de fonctionnalit\u00e9s remarquables, y compris, mais sans s&rsquo;y limiter, la provision pour plusieurs devises, les mises \u00e0 jour de paiement instantan\u00e9es et les pages de paiement personnalisables. Par cons\u00e9quent, cette passerelle simplifie non seulement le processus de paiement, mais assure \u00e9galement un traitement rapide et pr\u00e9cis des paiements. En tirant parti des capacit\u00e9s remarquables de Yaymail WooCommerce Stripe Gateway, vous pouvez doter vos pr\u00e9cieux clients d&rsquo;une exp\u00e9rience d&rsquo;achat sans pr\u00e9c\u00e9dent, sans friction et sans probl\u00e8me, stimulant ainsi une augmentation de vos ventes en ligne et en favorisant l&rsquo;expansion rapide de votre entreprise estim\u00e9e.<\/p>\n","protected":false},"featured_media":146544,"comment_status":"open","ping_status":"open","template":"","meta":[],"product_brand":[2747],"product_cat":[1182,1223,1181],"product_tag":[2331],"class_list":{"0":"post-130209","1":"product","2":"type-product","3":"status-publish","4":"has-post-thumbnail","6":"product_brand-yaycommerce","7":"product_cat-commerce-electronique-plugins","8":"product_cat-personnalisation-commerce-electronique-plugins","9":"product_cat-plugins","10":"product_tag-yaycommerce","11":"member-discount","12":"discount-restricted","14":"first","15":"instock","16":"sale","17":"downloadable","18":"virtual","19":"sold-individually","20":"purchasable","21":"product-type-simple"},"_links":{"self":[{"href":"https:\/\/gpl-love.com\/fr\/wp-json\/wp\/v2\/product\/130209","targetHints":{"allow":["GET"]}}],"collection":[{"href":"https:\/\/gpl-love.com\/fr\/wp-json\/wp\/v2\/product"}],"about":[{"href":"https:\/\/gpl-love.com\/fr\/wp-json\/wp\/v2\/types\/product"}],"replies":[{"embeddable":true,"href":"https:\/\/gpl-love.com\/fr\/wp-json\/wp\/v2\/comments?post=130209"}],"wp:featuredmedia":[{"embeddable":true,"href":"https:\/\/gpl-love.com\/fr\/wp-json\/wp\/v2\/media\/146544"}],"wp:attachment":[{"href":"https:\/\/gpl-love.com\/fr\/wp-json\/wp\/v2\/media?parent=130209"}],"wp:term":[{"taxonomy":"product_brand","embeddable":true,"href":"https:\/\/gpl-love.com\/fr\/wp-json\/wp\/v2\/product_brand?post=130209"},{"taxonomy":"product_cat","embeddable":true,"href":"https:\/\/gpl-love.com\/fr\/wp-json\/wp\/v2\/product_cat?post=130209"},{"taxonomy":"product_tag","embeddable":true,"href":"https:\/\/gpl-love.com\/fr\/wp-json\/wp\/v2\/product_tag?post=130209"}],"curies":[{"name":"wp","href":"https:\/\/api.w.org\/{rel}","templated":true}]}}