{"id":130208,"date":"2025-06-05T00:00:00","date_gmt":"2025-06-04T22:00:00","guid":{"rendered":"https:\/\/gpl-love.com\/fr\/produit\/yaymail-yith-multi-vendor\/"},"modified":"2026-03-20T23:55:42","modified_gmt":"2026-03-20T22:55:42","slug":"yaymail-yith-multi-vendor","status":"publish","type":"product","link":"https:\/\/gpl-love.com\/fr\/produit\/yaymail-yith-multi-vendor\/","title":{"rendered":"YayMail Yith Multi Vendor 4.0"},"content":{"rendered":"<h3>YayMail Yith Multi Vendor Traits<\/h3>\n<p>Yaymail Yith Multi fournisseur est un outil exceptionnellement robuste et puissant qui rationalise et simplifie consid\u00e9rablement le processus complexe et compliqu\u00e9 de gestion de plusieurs fournisseurs sur votre site Web de commerce \u00e9lectronique estim\u00e9 et estim\u00e9. En utilisant et en utilisant ce logiciel de pointe et innovant, vous \u00eates accord\u00e9 \u00e0 la capacit\u00e9 remarquable et in\u00e9gal\u00e9e \u00e0 engendrer et \u00e0 faciliter une exp\u00e9rience int\u00e9gr\u00e9e et unifi\u00e9e de mani\u00e8re transparente non seulement pour vos fournisseurs estim\u00e9s, mais aussi vos clients estim\u00e9s. L&rsquo;interface remarquablement conviviale et tr\u00e8s intuitive, qui fait partie int\u00e9grante et indispensable de ce logiciel, permet aux fournisseurs de g\u00e9rer et de superviser et de superviser efficacement leur vaste gamme de produits, de commandes et d&rsquo;informations d&rsquo;exp\u00e9dition. Simultan\u00e9ment, vos clients estim\u00e9s sont accord\u00e9s \u00e0 l&rsquo;occasion remarquable de parcourir et d&rsquo;acqu\u00e9rir un large \u00e9ventail d&rsquo;articles d&rsquo;un vaste r\u00e9pertoire de vendeurs, tous consolid\u00e9s de mani\u00e8re commod\u00e9ment et de mani\u00e8re transparente dans une plate-forme singuli\u00e8re et facile \u00e0 naviguer. En vertu de ses fonctionnalit\u00e9s exceptionnelles et exceptionnelles, telles que la possibilit\u00e9 de personnaliser et d&rsquo;adapter m\u00e9ticuleusement les vitrines des fournisseurs, de g\u00e9rer et d&rsquo;administrer habilement des commissions, et de parcourir et de scruter les avis de produits, Yaymail Yith Multi Vendor \u00e9merge comme la solution consomm\u00e9e et quintessentielle pour toute entreprise que les Harbors ont \u00e9merg\u00e9 en tant que Harbors Consumate Un fervent d\u00e9sir de d\u00e9velopper et d&rsquo;amplifier leur march\u00e9 en ligne estim\u00e9 et estim\u00e9 \u00e0 des hauteurs et des niveaux sans pr\u00e9c\u00e9dent.<\/p>\n<ul>\n<li>Yaymail Yith Multi Vendor est une puissante solution de marketing par e-mail con\u00e7u sp\u00e9cifiquement pour les march\u00e9s multi-fournisseurs.<\/li>\n<li>Avec cet outil, vous pourrez cr\u00e9er et envoyer des e-mails personnalis\u00e9s \u00e0 vos fournisseurs, clients et prospects, vous permettant de nouer des relations et d&rsquo;augmenter les ventes.<\/li>\n<li>L&rsquo;interface intuitive de la plate-forme et la conception personnalisable facilitent la cr\u00e9ation de courriels \u00e9poustouflants qui correspondent \u00e0 l&rsquo;aspect et \u00e0 la sensation de votre marque, sans avoir besoin de comp\u00e9tences de codage.<\/li>\n<li>L&rsquo;une des fonctionnalit\u00e9s remarquables de Yaymail Yith Multi fournisseur est ses capacit\u00e9s d&rsquo;automatisation. Vous pouvez mettre en place des campagnes automatis\u00e9es qui d\u00e9clenchent en fonction des comportements des clients, tels que des chariots abandonn\u00e9s ou des histoires d&rsquo;achat, vous faisant gagner du temps et augmenter l&rsquo;engagement.<\/li>\n<li>La plate-forme s&rsquo;int\u00e8gre \u00e9galement de mani\u00e8re transparente aux plates-formes de commerce \u00e9lectronique populaires comme WooCommerce, ce qui facilite l&rsquo;importation de listes de produits et de suivre les mesures de vente directement dans Yaymail.<\/li>\n<li>De plus, Yaymail Yith Multi fournisseur comprend des fonctionnalit\u00e9s de rapport avanc\u00e9es qui vous aident \u00e0 comprendre les performances de vos e-mails et \u00e0 optimiser vos campagnes pour de meilleurs r\u00e9sultats.<\/li>\n<li>La plate-forme propose diff\u00e9rents plans de prix adapt\u00e9s aux besoins des petites entreprises et des entreprises au niveau de l&rsquo;entreprise, avec des tarifs abordables et des options de facturation flexibles.<\/li>\n<li>Avec Yaymail Yith Multi fournisseur, vous aurez tous les outils dont vous avez besoin pour am\u00e9liorer votre strat\u00e9gie de marketing de commerce \u00e9lectronique, augmenter vos revenus et \u00e9tablir des relations clients durables.<\/li>\n<\/ul>\n","protected":false},"excerpt":{"rendered":"<p>Yaymail Yith Multi Vendor est une solution de courrier \u00e9lectronique globale, m\u00e9ticuleusement con\u00e7ue pour s&rsquo;int\u00e9grer de mani\u00e8re transparente \u00e0 la plate-forme estim\u00e9e Yith Multi Vendor. Montrant sa puissance, cet outil exceptionnel accorde aux fournisseurs des fournisseurs d&rsquo;administration sans effort de leurs courriers \u00e9lectroniques, englobant des mod\u00e8les, des campagnes et un \u00e9ventail d&rsquo;autres fonctionnalit\u00e9s, toutes harmonieusement fusionn\u00e9es pour amplifier leurs ventes et conserver avec diligence l&rsquo;implication des clients. En tirant parti des capacit\u00e9s remarquables de Yaymail Yith Multi fournisseur, les fournisseurs peuvent judicieusement automatiser leurs efforts de marketing et de communication, \u00e9conomisant ainsi leur temps pr\u00e9cieux et augmenter consid\u00e9rablement leurs sources de revenus. Par cons\u00e9quent, cet outil illustre appara\u00eet comme la panac\u00e9e par excellence pour tout march\u00e9 en ligne aspirant \u00e0 favoriser une communication efficace entre les fournisseurs et sa client\u00e8le estim\u00e9e, cultivant simultan\u00e9ment la fid\u00e9lit\u00e9 \u00e0 la marque et garantissant la plus grande satisfaction de la client\u00e8le.<\/p>\n","protected":false},"featured_media":146543,"comment_status":"open","ping_status":"open","template":"","meta":[],"product_brand":[2747],"product_cat":[1182,1223,1181],"product_tag":[2331],"class_list":{"0":"post-130208","1":"product","2":"type-product","3":"status-publish","4":"has-post-thumbnail","6":"product_brand-yaycommerce","7":"product_cat-commerce-electronique-plugins","8":"product_cat-personnalisation-commerce-electronique-plugins","9":"product_cat-plugins","10":"product_tag-yaycommerce","11":"member-discount","12":"discount-restricted","14":"first","15":"instock","16":"sale","17":"downloadable","18":"virtual","19":"sold-individually","20":"purchasable","21":"product-type-simple"},"_links":{"self":[{"href":"https:\/\/gpl-love.com\/fr\/wp-json\/wp\/v2\/product\/130208","targetHints":{"allow":["GET"]}}],"collection":[{"href":"https:\/\/gpl-love.com\/fr\/wp-json\/wp\/v2\/product"}],"about":[{"href":"https:\/\/gpl-love.com\/fr\/wp-json\/wp\/v2\/types\/product"}],"replies":[{"embeddable":true,"href":"https:\/\/gpl-love.com\/fr\/wp-json\/wp\/v2\/comments?post=130208"}],"wp:featuredmedia":[{"embeddable":true,"href":"https:\/\/gpl-love.com\/fr\/wp-json\/wp\/v2\/media\/146543"}],"wp:attachment":[{"href":"https:\/\/gpl-love.com\/fr\/wp-json\/wp\/v2\/media?parent=130208"}],"wp:term":[{"taxonomy":"product_brand","embeddable":true,"href":"https:\/\/gpl-love.com\/fr\/wp-json\/wp\/v2\/product_brand?post=130208"},{"taxonomy":"product_cat","embeddable":true,"href":"https:\/\/gpl-love.com\/fr\/wp-json\/wp\/v2\/product_cat?post=130208"},{"taxonomy":"product_tag","embeddable":true,"href":"https:\/\/gpl-love.com\/fr\/wp-json\/wp\/v2\/product_tag?post=130208"}],"curies":[{"name":"wp","href":"https:\/\/api.w.org\/{rel}","templated":true}]}}