{"id":130207,"date":"2025-06-05T00:00:00","date_gmt":"2025-06-04T22:00:00","guid":{"rendered":"https:\/\/gpl-love.com\/fr\/produit\/yaymail-woocommerce-trackship\/"},"modified":"2026-03-20T23:55:41","modified_gmt":"2026-03-20T22:55:41","slug":"yaymail-woocommerce-trackship","status":"publish","type":"product","link":"https:\/\/gpl-love.com\/fr\/produit\/yaymail-woocommerce-trackship\/","title":{"rendered":"YayMail WooCommerce TrackShip 4.0.1"},"content":{"rendered":"<h3>YayMail WooCommerce TrackShip Traits<\/h3>\n<p>Yaymail WooCommerce Trackship poss\u00e8de un \u00e9ventail impressionnant de fonctionnalit\u00e9s qui sont sp\u00e9cifiquement adapt\u00e9es pour r\u00e9pondre aux besoins des propri\u00e9taires de magasins WooCommerce, leur permettant ainsi de rationaliser et de simplifier sans effort la t\u00e2che autrement encombrante de suivre les exp\u00e9ditions. Cet outil remarquable permet aux utilisateurs de surveiller sans effort les progr\u00e8s de leurs exp\u00e9ditions, de g\u00e9rer efficacement leur syst\u00e8me de gestion des commandes et de conserver sans effort leur client\u00e8le pr\u00e9cieuse dans la boucle concernant l&rsquo;\u00e9tat de leurs commandes. La vaste gamme de fonctionnalit\u00e9s propos\u00e9es par cet outil, y compris, mais sans s&rsquo;y limiter, le suivi en temps r\u00e9el, les notifications par e-mail et les mises \u00e0 jour de suivi automatis\u00e9es, t\u00e9moignent de sa puissance et de son efficacit\u00e9. De plus, gr\u00e2ce \u00e0 son interface intuitive et conviviale, m\u00eame les individus les plus difficiles sur la technologie peuvent naviguer et utiliser cet outil avec facilit\u00e9. De plus, l&rsquo;int\u00e9gration transparente du suivi de Yaymail WooCommerce avec les magasins WooCommerce ajoute en outre \u00e0 son attrait et \u00e0 sa commodit\u00e9. En tirant parti des capacit\u00e9s remarquables de Yaymail WooCommerce Trackship, les entreprises peuvent efficacement am\u00e9liorer leurs processus d&rsquo;exp\u00e9dition, diminuer consid\u00e9rablement le volume des demandes des clients et, finalement, augmenter les niveaux globaux de satisfaction des clients.<\/p>\n<ul>\n<li>Suivre et g\u00e9rer efficacement vos envois WooCommerce<\/li>\n<li>Obtenez des mises \u00e0 jour en temps r\u00e9el sur les statuts d&rsquo;exp\u00e9dition et les dates de livraison<\/li>\n<li>Suivre automatiquement les exp\u00e9ditions sans avoir besoin de saisie manuelle<\/li>\n<li>Int\u00e9gration avec Yaymail pour la communication par e-mail transparente avec les clients<\/li>\n<li>Mod\u00e8les de messagerie personnalisables pour les notifications d&rsquo;exp\u00e9dition<\/li>\n<li>Tableau de bord centralis\u00e9 pour une gestion facile de toutes vos exp\u00e9ditions<\/li>\n<li>Am\u00e9liore la satisfaction des clients gr\u00e2ce \u00e0 une livraison et une communication en temps opportun<\/li>\n<li>Gave le temps et r\u00e9duit les erreurs en automatisant le suivi des exp\u00e9ditions et les notifications<\/li>\n<li>Abordable et facile \u00e0 configurer sans codage requis<\/li>\n<\/ul>\n","protected":false},"excerpt":{"rendered":"<p>Augmentez l&rsquo;efficacit\u00e9 et l&rsquo;efficacit\u00e9 du processus d&rsquo;exp\u00e9dition de votre boutique en ligne en utilisant les capacit\u00e9s remarquables du suivi de Yaymail WooCommerce. Cet outil exceptionnellement robuste vous permet de surveiller et de retracer sans effort les progr\u00e8s de vos commandes et exp\u00e9ditions, garantissant une livraison rapide et ponctuelle de vos produits \u00e0 vos clients estim\u00e9s. Avec ses mises \u00e0 jour en temps r\u00e9el \u00e0 la pointe de la technologie et ses fonctionnalit\u00e9s de suivi conviviales, Yaymail WooCommerce Trackship sert d&rsquo;un actif inestimable pour faciliter le fonctionnement transparent de votre entreprise, tout en assurant simultan\u00e9ment la plus grande satisfaction et la gratification de votre client\u00e8le. Adieu aux dilemmes exasp\u00e9rants associ\u00e9s \u00e0 l&rsquo;exp\u00e9dition et accueille cordialement l&rsquo;\u00e8re de la productivit\u00e9 optimis\u00e9e et de la comp\u00e9tence rationalis\u00e9e avec l&rsquo;assistance in\u00e9gal\u00e9e fournie par Yaymail WooCommerce Trackship.<\/p>\n","protected":false},"featured_media":146542,"comment_status":"open","ping_status":"open","template":"","meta":[],"product_brand":[2747],"product_cat":[1182,1223,1181],"product_tag":[2331],"class_list":{"0":"post-130207","1":"product","2":"type-product","3":"status-publish","4":"has-post-thumbnail","6":"product_brand-yaycommerce","7":"product_cat-commerce-electronique-plugins","8":"product_cat-personnalisation-commerce-electronique-plugins","9":"product_cat-plugins","10":"product_tag-yaycommerce","11":"member-discount","12":"discount-restricted","14":"first","15":"instock","16":"sale","17":"downloadable","18":"virtual","19":"sold-individually","20":"purchasable","21":"product-type-simple"},"_links":{"self":[{"href":"https:\/\/gpl-love.com\/fr\/wp-json\/wp\/v2\/product\/130207","targetHints":{"allow":["GET"]}}],"collection":[{"href":"https:\/\/gpl-love.com\/fr\/wp-json\/wp\/v2\/product"}],"about":[{"href":"https:\/\/gpl-love.com\/fr\/wp-json\/wp\/v2\/types\/product"}],"replies":[{"embeddable":true,"href":"https:\/\/gpl-love.com\/fr\/wp-json\/wp\/v2\/comments?post=130207"}],"wp:featuredmedia":[{"embeddable":true,"href":"https:\/\/gpl-love.com\/fr\/wp-json\/wp\/v2\/media\/146542"}],"wp:attachment":[{"href":"https:\/\/gpl-love.com\/fr\/wp-json\/wp\/v2\/media?parent=130207"}],"wp:term":[{"taxonomy":"product_brand","embeddable":true,"href":"https:\/\/gpl-love.com\/fr\/wp-json\/wp\/v2\/product_brand?post=130207"},{"taxonomy":"product_cat","embeddable":true,"href":"https:\/\/gpl-love.com\/fr\/wp-json\/wp\/v2\/product_cat?post=130207"},{"taxonomy":"product_tag","embeddable":true,"href":"https:\/\/gpl-love.com\/fr\/wp-json\/wp\/v2\/product_tag?post=130207"}],"curies":[{"name":"wp","href":"https:\/\/api.w.org\/{rel}","templated":true}]}}