{"id":130206,"date":"2025-06-05T00:00:00","date_gmt":"2025-06-04T22:00:00","guid":{"rendered":"https:\/\/gpl-love.com\/fr\/produit\/yaymail-woocommerce-simple-auction\/"},"modified":"2026-03-20T23:55:40","modified_gmt":"2026-03-20T22:55:40","slug":"yaymail-woocommerce-simple-auction","status":"publish","type":"product","link":"https:\/\/gpl-love.com\/fr\/produit\/yaymail-woocommerce-simple-auction\/","title":{"rendered":"YayMail WooCommerce Simple Auction 4.0"},"content":{"rendered":"<h3>YayMail WooCommerce Simple Auction Traits<\/h3>\n<p>Yaymail WooCommerce Simple Auction, un plugin exceptionnel, propose une solution transparente pour la cr\u00e9ation et l&rsquo;administration des ench\u00e8res sur votre site Web. Ce plugin vous permet d&rsquo;\u00e9tablir rapidement et efficacement les ench\u00e8res pour vos produits, de favoriser l&rsquo;engagement des clients et l&rsquo;interaction avec votre marque. Le plugin s&rsquo;int\u00e8gre parfaitement \u00e0 WooCommerce, en assimilant sans effort dans votre magasin de commerce \u00e9lectronique existant. Son interface conviviale vous permet de personnaliser et d&rsquo;adapter vos param\u00e8tres d&rsquo;ench\u00e8res, y compris la dur\u00e9e, l&rsquo;offre minimale et le prix de r\u00e9serve. De plus, vous pouvez surveiller sans effort la progression de vos ench\u00e8res et superviser la gestion des gagnants, ce qui en fait un outil remarquable pour amplifier les ventes et g\u00e9n\u00e9rer des revenus substantiels pour votre entreprise. En r\u00e9sum\u00e9, Yaymail WooCommerce Simple Auction est un plugin exceptionnel qui r\u00e9pond aux besoins des personnes cherchant \u00e0 incorporer des ench\u00e8res dans leur magasin de commerce \u00e9lectronique.<\/p>\n<ul>\n<li>Configurez facilement les ench\u00e8res dans WooCommerce<\/li>\n<li>Enti\u00e8rement int\u00e9gr\u00e9 \u00e0 Yaymail pour une communication transparente avec les participants aux ench\u00e8res<\/li>\n<li>Rappels de vente aux ench\u00e8res automatis\u00e9s et notifications d&rsquo;offre envoy\u00e9es aux participants<\/li>\n<li>Mises \u00e0 jour des ench\u00e8res en temps r\u00e9el et notifications pour les administrateurs des ench\u00e8res<\/li>\n<li>Tableau de bord de gestion des ench\u00e8res simples et intuitives<\/li>\n<li>Auctions et offres illimit\u00e9es sans frais cach\u00e9s<\/li>\n<li>Augmenter l&rsquo;engagement des clients et stimuler les ventes par le biais des ench\u00e8res<\/li>\n<li>Compatible avec tous les principaux th\u00e8mes et plugins WordPress<\/li>\n<li>Documentation compl\u00e8te et support client fourni.<\/li>\n<\/ul>\n","protected":false},"excerpt":{"rendered":"<p>La vente aux ench\u00e8res Simple Yaymail WooCommerce est un plugin d&rsquo;ench\u00e8res exceptionnellement robuste qui s&rsquo;int\u00e8gre de mani\u00e8re transparente \u00e0 votre boutique WooCommerce, offrant une exp\u00e9rience transparente et efficace pour le vendeur et les acheteurs. Ce plugin remarquable vous permet de g\u00e9rer et d&rsquo;ex\u00e9cuter sans effort les ench\u00e8res pour votre \u00e9ventail de produits diversifi\u00e9s, accordant ainsi \u00e0 vos clients estim\u00e9s la possibilit\u00e9 de participer \u00e0 des ench\u00e8res et, finalement, victorieux avec les articles souhait\u00e9s, en amplifiant l&rsquo;engagement global et l&rsquo;excitation de l&rsquo;ensemble du processus. Le processus d&rsquo;installation et de personnalisation de ce plugin est une promenade dans le parc, vous permettant de l&rsquo;adapter \u00e0 vos pr\u00e9f\u00e9rences et exigences individuelles sans effort. De plus, la vente aux ench\u00e8res Simple Yaymail WooCommerce englobe une vaste gamme de fonctionnalit\u00e9s tr\u00e8s avantageuses, y compris, mais sans s&rsquo;y limiter, des incr\u00e9ments de soumission automatis\u00e9s, des notifications de soumission compl\u00e8tes et des mod\u00e8les d&rsquo;ench\u00e8res enti\u00e8rement personnalisables. Avec les capacit\u00e9s et les fonctionnalit\u00e9s in\u00e9gal\u00e9es de ce plugin exceptionnel, vous avez le potentiel sans pr\u00e9c\u00e9dent pour \u00e9lever votre entreprise \u00e0 des sommets sans pr\u00e9c\u00e9dent, augmentant simultan\u00e9ment l&rsquo;engagement des clients et monte en fl\u00e8che vos chiffres de vente \u00e0 des niveaux sans pr\u00e9c\u00e9dent.<\/p>\n","protected":false},"featured_media":146541,"comment_status":"open","ping_status":"open","template":"","meta":[],"product_brand":[2747],"product_cat":[1182,1223,1181],"product_tag":[2331],"class_list":{"0":"post-130206","1":"product","2":"type-product","3":"status-publish","4":"has-post-thumbnail","6":"product_brand-yaycommerce","7":"product_cat-commerce-electronique-plugins","8":"product_cat-personnalisation-commerce-electronique-plugins","9":"product_cat-plugins","10":"product_tag-yaycommerce","11":"member-discount","12":"discount-restricted","14":"first","15":"instock","16":"sale","17":"downloadable","18":"virtual","19":"sold-individually","20":"purchasable","21":"product-type-simple"},"_links":{"self":[{"href":"https:\/\/gpl-love.com\/fr\/wp-json\/wp\/v2\/product\/130206","targetHints":{"allow":["GET"]}}],"collection":[{"href":"https:\/\/gpl-love.com\/fr\/wp-json\/wp\/v2\/product"}],"about":[{"href":"https:\/\/gpl-love.com\/fr\/wp-json\/wp\/v2\/types\/product"}],"replies":[{"embeddable":true,"href":"https:\/\/gpl-love.com\/fr\/wp-json\/wp\/v2\/comments?post=130206"}],"wp:featuredmedia":[{"embeddable":true,"href":"https:\/\/gpl-love.com\/fr\/wp-json\/wp\/v2\/media\/146541"}],"wp:attachment":[{"href":"https:\/\/gpl-love.com\/fr\/wp-json\/wp\/v2\/media?parent=130206"}],"wp:term":[{"taxonomy":"product_brand","embeddable":true,"href":"https:\/\/gpl-love.com\/fr\/wp-json\/wp\/v2\/product_brand?post=130206"},{"taxonomy":"product_cat","embeddable":true,"href":"https:\/\/gpl-love.com\/fr\/wp-json\/wp\/v2\/product_cat?post=130206"},{"taxonomy":"product_tag","embeddable":true,"href":"https:\/\/gpl-love.com\/fr\/wp-json\/wp\/v2\/product_tag?post=130206"}],"curies":[{"name":"wp","href":"https:\/\/api.w.org\/{rel}","templated":true}]}}