{"id":130204,"date":"2025-06-05T00:00:00","date_gmt":"2025-06-04T22:00:00","guid":{"rendered":"https:\/\/gpl-love.com\/fr\/produit\/yaymail-sumo-subscritption\/"},"modified":"2026-03-20T23:55:39","modified_gmt":"2026-03-20T22:55:39","slug":"yaymail-sumo-subscritption","status":"publish","type":"product","link":"https:\/\/gpl-love.com\/fr\/produit\/yaymail-sumo-subscritption\/","title":{"rendered":"YayMail Sumo Subscritption 4.0"},"content":{"rendered":"<h3>YayMail Sumo Subscritption Traits<\/h3>\n<p>L&rsquo;abonnement Yaymail Sumo, un outil de marketing par e-mail incroyablement robuste et adaptable, sert de ressource vitale pour les entreprises, quelle que soit leur taille, en cherchant \u00e0 rationaliser leurs campagnes de messagerie et \u00e0 am\u00e9liorer leur retour sur investissement. B\u00e9n\u00e9ficiant d&rsquo;une gamme de fonctionnalit\u00e9s impressionnantes, notamment la segmentation de la liste, les tests A \/ B, l&rsquo;automatisation et l&rsquo;analyse en temps r\u00e9el, l&rsquo;abonnement Yaymail Sumo accorde aux utilisateurs la possibilit\u00e9 de r\u00e9aliser sans effort des campagnes de messagerie personnalis\u00e9es et percutantes qui r\u00e9sonnent efficacement avec leur public pr\u00e9vu. Que votre objectif implique d&rsquo;introduire un nouveau produit, de promouvoir une vente lucrative ou simplement de maintenir la communication avec vos pr\u00e9cieux clients, l&rsquo;abonnement Yaymail Sumo poss\u00e8de tous les composants essentiels n\u00e9cessaires pour obtenir un succ\u00e8s sans pr\u00e9c\u00e9dent. Alors pourquoi en tarder davantage? Saisissez cette opportunit\u00e9 aujourd&rsquo;hui et commencez \u00e0 \u00eatre t\u00e9moin des r\u00e9sultats tangibles que vous avez depuis longtemps imagin\u00e9s!<\/p>\n<ul>\n<li>Acc\u00e8s illimit\u00e9 au service d&rsquo;abonnement SUMO de Yaymail<\/li>\n<li>Acc\u00e8s \u00e0 plus de 100 mod\u00e8les de messagerie personnalisables et r\u00e9actifs<\/li>\n<li>Fonctionnalit\u00e9s avanc\u00e9es de conception de messagerie, y compris l&rsquo;\u00e9diteur de glisser-d\u00e9poser et l&rsquo;\u00e9diteur d&rsquo;image<\/li>\n<li>Capacit\u00e9 \u00e0 se connecter et \u00e0 s&rsquo;int\u00e9grer aux principales plateformes de marketing par e-mail<\/li>\n<li>Capacit\u00e9s d&rsquo;automatisation robustes pour les campagnes d\u00e9clench\u00e9es et goutte \u00e0 goutte<\/li>\n<li>Fonctionnalit\u00e9 de test A \/ B pour optimiser les performances des e-mails<\/li>\n<li>Analyse avanc\u00e9e et rapport pour mesurer et am\u00e9liorer le succ\u00e8s du marketing par e-mail<\/li>\n<li>Soutien prioritaire et acc\u00e8s aux documents et ressources de formation exclusive<\/li>\n<\/ul>\n","protected":false},"excerpt":{"rendered":"<p>Pr\u00e9parez-vous \u00e0 une am\u00e9lioration importante de vos efforts de marketing par e-mail alors que vous adoptez l&rsquo;abonnement SUMO de Yaymail. Cet outil remarquable vous permet de r\u00e9volutionner vos campagnes par e-mail en incorporant des fonctionnalit\u00e9s avanc\u00e9es telles que les tests A \/ B, le suivi de l&rsquo;engagement et la segmentation des comptes. De plus, avec un acc\u00e8s exclusif \u00e0 la vaste collection de mod\u00e8les valid\u00e9s de Yaymail et de conseils d&rsquo;experts, vous pouvez d\u00e9sormais \u00e9laborer des e-mails visuellement attrayants et tr\u00e8s impactants qui r\u00e9sonnent profond\u00e9ment avec votre client\u00e8le estim\u00e9e. Par cons\u00e9quent, si vous poss\u00e9dez la d\u00e9termination s\u00e9rieuse \u00e0 \u00e9tendre votre entreprise gr\u00e2ce au potentiel remarquable du marketing par e-mail, saisissez l&rsquo;opportunit\u00e9 de d\u00e9couvrir l&rsquo;abonnement Yaymail Sumo aujourd&rsquo;hui!<\/p>\n","protected":false},"featured_media":146539,"comment_status":"open","ping_status":"open","template":"","meta":[],"product_brand":[2747],"product_cat":[1182,1223,1181],"product_tag":[2331],"class_list":{"0":"post-130204","1":"product","2":"type-product","3":"status-publish","4":"has-post-thumbnail","6":"product_brand-yaycommerce","7":"product_cat-commerce-electronique-plugins","8":"product_cat-personnalisation-commerce-electronique-plugins","9":"product_cat-plugins","10":"product_tag-yaycommerce","11":"member-discount","12":"discount-restricted","14":"first","15":"instock","16":"sale","17":"downloadable","18":"virtual","19":"sold-individually","20":"purchasable","21":"product-type-simple"},"_links":{"self":[{"href":"https:\/\/gpl-love.com\/fr\/wp-json\/wp\/v2\/product\/130204","targetHints":{"allow":["GET"]}}],"collection":[{"href":"https:\/\/gpl-love.com\/fr\/wp-json\/wp\/v2\/product"}],"about":[{"href":"https:\/\/gpl-love.com\/fr\/wp-json\/wp\/v2\/types\/product"}],"replies":[{"embeddable":true,"href":"https:\/\/gpl-love.com\/fr\/wp-json\/wp\/v2\/comments?post=130204"}],"wp:featuredmedia":[{"embeddable":true,"href":"https:\/\/gpl-love.com\/fr\/wp-json\/wp\/v2\/media\/146539"}],"wp:attachment":[{"href":"https:\/\/gpl-love.com\/fr\/wp-json\/wp\/v2\/media?parent=130204"}],"wp:term":[{"taxonomy":"product_brand","embeddable":true,"href":"https:\/\/gpl-love.com\/fr\/wp-json\/wp\/v2\/product_brand?post=130204"},{"taxonomy":"product_cat","embeddable":true,"href":"https:\/\/gpl-love.com\/fr\/wp-json\/wp\/v2\/product_cat?post=130204"},{"taxonomy":"product_tag","embeddable":true,"href":"https:\/\/gpl-love.com\/fr\/wp-json\/wp\/v2\/product_tag?post=130204"}],"curies":[{"name":"wp","href":"https:\/\/api.w.org\/{rel}","templated":true}]}}